{"id":4674,"date":"2024-12-20T16:19:39","date_gmt":"2024-12-20T15:19:39","guid":{"rendered":"https:\/\/agugiarofigna.com\/baeckerei\/"},"modified":"2025-02-19T17:43:37","modified_gmt":"2025-02-19T16:43:37","slug":"baeckerei","status":"publish","type":"page","link":"https:\/\/agugiarofigna.com\/de\/unsere-kunden\/baeckerei\/","title":{"rendered":"B\u00e4ckerei"},"content":{"rendered":"\t\t<div data-elementor-type=\"wp-page\" data-elementor-id=\"4674\" class=\"elementor elementor-4674 elementor-1533\" data-elementor-post-type=\"page\">\n\t\t\t\t<div class=\"elementor-element elementor-element-4a40d34e e-flex e-con-boxed e-con e-parent\" data-id=\"4a40d34e\" data-element_type=\"container\" data-e-type=\"container\" data-settings=\"{&quot;background_background&quot;:&quot;classic&quot;}\">\n\t\t\t\t\t<div class=\"e-con-inner\">\n\t\t\t\t<div class=\"elementor-element elementor-element-61cd525f elementor-widget elementor-widget-heading\" data-id=\"61cd525f\" data-element_type=\"widget\" data-e-type=\"widget\" data-widget_type=\"heading.default\">\n\t\t\t\t\t<h1 class=\"elementor-heading-title elementor-size-default\">B\u00e4ckerei<\/h1>\t\t\t\t<\/div>\n\t\t\t\t\t<\/div>\n\t\t\t\t<\/div>\n\t\t<div class=\"elementor-element elementor-element-7088810a e-flex e-con-boxed e-con e-parent\" data-id=\"7088810a\" data-element_type=\"container\" data-e-type=\"container\">\n\t\t\t\t\t<div class=\"e-con-inner\">\n\t\t\t\t<div class=\"elementor-element elementor-element-5cc7e48b elementor-widget elementor-widget-heading\" data-id=\"5cc7e48b\" data-element_type=\"widget\" data-e-type=\"widget\" data-widget_type=\"heading.default\">\n\t\t\t\t\t<h2 class=\"elementor-heading-title elementor-size-default\">Spezifische Produkte f\u00fcr die B\u00e4ckerei<\/h2>\t\t\t\t<\/div>\n\t\t\t\t<div class=\"elementor-element elementor-element-2235be66 elementor-widget__width-initial elementor-widget elementor-widget-text-editor\" data-id=\"2235be66\" data-element_type=\"widget\" data-e-type=\"widget\" data-widget_type=\"text-editor.default\">\n\t\t\t\t\t\t\t\t\t<p>Eine breite Palette von Mehlen und Halbfertigprodukten f\u00fcr die Welt des Backens. Sie sind ideal f\u00fcr weiche, knusprige oder rustikale Brote und garantieren gleichbleibende Ergebnisse, die den Duft und Geschmack Ihrer handwerklichen Produkte verbessern. <\/p>\n\t\t\t\t\t\t\t\t<\/div>\n\t\t\t\t\t<\/div>\n\t\t\t\t<\/div>\n\t\t<div class=\"elementor-element elementor-element-1207515f e-flex e-con-boxed e-con e-parent\" data-id=\"1207515f\" data-element_type=\"container\" data-e-type=\"container\">\n\t\t\t\t\t<div class=\"e-con-inner\">\n\t\t\t\t<div class=\"elementor-element elementor-element-4ceca343 elementor-widget elementor-widget-heading\" data-id=\"4ceca343\" data-element_type=\"widget\" data-e-type=\"widget\" data-widget_type=\"heading.default\">\n\t\t\t\t\t<h2 class=\"elementor-heading-title elementor-size-default\">B\u00e4ckereimarken Agugiaro &amp; Figna<\/h2>\t\t\t\t<\/div>\n\t\t\t\t\t<\/div>\n\t\t\t\t<\/div>\n\t\t<div class=\"elementor-element elementor-element-6ebb748c e-flex e-con-boxed e-con e-parent\" data-id=\"6ebb748c\" data-element_type=\"container\" data-e-type=\"container\">\n\t\t\t\t\t<div class=\"e-con-inner\">\n\t\t<div class=\"elementor-element elementor-element-18e4f919 e-con-full e-flex e-con e-child\" data-id=\"18e4f919\" data-element_type=\"container\" data-e-type=\"container\">\n\t\t\t\t<div class=\"elementor-element elementor-element-3186ffd2 elementor-widget elementor-widget-image\" data-id=\"3186ffd2\" data-element_type=\"widget\" data-e-type=\"widget\" data-widget_type=\"image.default\">\n\t\t\t\t\t\t\t\t\t\t\t\t\t\t\t<img fetchpriority=\"high\" decoding=\"async\" width=\"344\" height=\"343\" src=\"https:\/\/agugiarofigna.com\/wp-content\/uploads\/2024\/12\/Logo-MIA.png\" class=\"attachment-large size-large wp-image-7079\" alt=\"\" \/>\t\t\t\t\t\t\t\t\t\t\t\t\t\t\t<\/div>\n\t\t\t\t<div class=\"elementor-element elementor-element-3734e8c4 elementor-widget elementor-widget-heading\" data-id=\"3734e8c4\" data-element_type=\"widget\" data-e-type=\"widget\" data-widget_type=\"heading.default\">\n\t\t\t\t\t<h3 class=\"elementor-heading-title elementor-size-default\"><sup>MIA\u00ae.<\/sup><\/h3>\t\t\t\t<\/div>\n\t\t\t\t<div class=\"elementor-element elementor-element-74376648 elementor-widget elementor-widget-text-editor\" data-id=\"74376648\" data-element_type=\"widget\" data-e-type=\"widget\" data-widget_type=\"text-editor.default\">\n\t\t\t\t\t\t\t\t\t<p>Der patentierte MIA-Fr\u00e4sprozess, Macinazione Integrata Autentica<\/p>\n\t\t\t\t\t\t\t\t<\/div>\n\t\t<div class=\"elementor-element elementor-element-8607a72 e-con-full e-flex e-con e-child\" data-id=\"8607a72\" data-element_type=\"container\" data-e-type=\"container\">\n\t\t\t\t<div class=\"elementor-element elementor-element-973bd9c link elementor-align-center elementor-widget elementor-widget-button\" data-id=\"973bd9c\" data-element_type=\"widget\" data-e-type=\"widget\" data-widget_type=\"button.default\">\n\t\t\t\t\t\t\t\t\t\t<a class=\"elementor-button elementor-button-link elementor-size-sm\" href=\"https:\/\/agugiarofigna.com\/de\/unsere-produkte\/mehle\/authentisches-integriertes-schleifen\/\">\n\t\t\t\t\t\t<span class=\"elementor-button-content-wrapper\">\n\t\t\t\t\t\t<span class=\"elementor-button-icon\">\n\t\t\t\t<svg xmlns=\"http:\/\/www.w3.org\/2000\/svg\" id=\"Livello_1\" viewBox=\"0 0 16 16\"><g id=\"Icon_akar-arrow-up-right\"><path class=\"st0\" d=\"M1.1,15.9c-.3,0-.6-.1-.8-.3-.4-.4-.4-1.1,0-1.6L12,2.3H3.4c-.6,0-1.1-.5-1.1-1.1S2.7.1,3.4.1h11.3c.1,0,.3,0,.4,0,.1,0,.3.1.4.2.1.1.2.2.2.4h0c0,.1,0,.3,0,.4h0v11.3c0,.6-.5,1.1-1.1,1.1s-1.1-.5-1.1-1.1V3.9L1.9,15.6c-.2.2-.5.3-.8.3Z\"><\/path><\/g><\/svg>\t\t\t<\/span>\n\t\t\t\t\t\t\t\t\t<span class=\"elementor-button-text\">Erfahren Sie mehr<\/span>\n\t\t\t\t\t<\/span>\n\t\t\t\t\t<\/a>\n\t\t\t\t\t\t\t\t<\/div>\n\t\t\t\t<div class=\"elementor-element elementor-element-7dc512ce link elementor-align-center elementor-widget elementor-widget-button\" data-id=\"7dc512ce\" data-element_type=\"widget\" data-e-type=\"widget\" data-widget_type=\"button.default\">\n\t\t\t\t\t\t\t\t\t\t<a class=\"elementor-button elementor-button-link elementor-size-sm\" href=\"https:\/\/agugiarofigna.com\/categoria-prodotto\/mia\/\">\n\t\t\t\t\t\t<span class=\"elementor-button-content-wrapper\">\n\t\t\t\t\t\t<span class=\"elementor-button-icon\">\n\t\t\t\t<svg xmlns=\"http:\/\/www.w3.org\/2000\/svg\" id=\"Livello_1\" viewBox=\"0 0 16 16\"><g id=\"Icon_akar-arrow-up-right\"><path class=\"st0\" d=\"M1.1,15.9c-.3,0-.6-.1-.8-.3-.4-.4-.4-1.1,0-1.6L12,2.3H3.4c-.6,0-1.1-.5-1.1-1.1S2.7.1,3.4.1h11.3c.1,0,.3,0,.4,0,.1,0,.3.1.4.2.1.1.2.2.2.4h0c0,.1,0,.3,0,.4h0v11.3c0,.6-.5,1.1-1.1,1.1s-1.1-.5-1.1-1.1V3.9L1.9,15.6c-.2.2-.5.3-.8.3Z\"><\/path><\/g><\/svg>\t\t\t<\/span>\n\t\t\t\t\t\t\t\t\t<span class=\"elementor-button-text\">Zum Katalog gehen<\/span>\n\t\t\t\t\t<\/span>\n\t\t\t\t\t<\/a>\n\t\t\t\t\t\t\t\t<\/div>\n\t\t\t\t<\/div>\n\t\t\t\t<\/div>\n\t\t<div class=\"elementor-element elementor-element-5e89c9d e-con-full e-flex e-con e-child\" data-id=\"5e89c9d\" data-element_type=\"container\" data-e-type=\"container\">\n\t\t\t\t<div class=\"elementor-element elementor-element-0edbf59 elementor-widget elementor-widget-image\" data-id=\"0edbf59\" data-element_type=\"widget\" data-e-type=\"widget\" data-widget_type=\"image.default\">\n\t\t\t\t\t\t\t\t\t\t\t\t\t\t\t<img decoding=\"async\" width=\"665\" height=\"146\" src=\"https:\/\/agugiarofigna.com\/wp-content\/uploads\/2024\/12\/I-Molini-di-Agugiaro-Figna-logo.png\" class=\"attachment-large size-large wp-image-7095\" alt=\"\" \/>\t\t\t\t\t\t\t\t\t\t\t\t\t\t\t<\/div>\n\t\t\t\t<div class=\"elementor-element elementor-element-9c8b57c elementor-widget elementor-widget-heading\" data-id=\"9c8b57c\" data-element_type=\"widget\" data-e-type=\"widget\" data-widget_type=\"heading.default\">\n\t\t\t\t\t<h3 class=\"elementor-heading-title elementor-size-default\">I Molini di Agugiaro &amp; Figna<\/h3>\t\t\t\t<\/div>\n\t\t\t\t<div class=\"elementor-element elementor-element-3a01c07 elementor-widget elementor-widget-text-editor\" data-id=\"3a01c07\" data-element_type=\"widget\" data-e-type=\"widget\" data-widget_type=\"text-editor.default\">\n\t\t\t\t\t\t\t\t\t<p>Aus der gro\u00dfen M\u00fchlentradition ein komplettes Sortiment an Mehlen f\u00fcr die Brotherstellung.<\/p>\n\t\t\t\t\t\t\t\t<\/div>\n\t\t\t\t<div class=\"elementor-element elementor-element-3fc4923 link elementor-align-center elementor-widget elementor-widget-button\" data-id=\"3fc4923\" data-element_type=\"widget\" data-e-type=\"widget\" data-widget_type=\"button.default\">\n\t\t\t\t\t\t\t\t\t\t<a class=\"elementor-button elementor-size-sm\" role=\"button\">\n\t\t\t\t\t\t<span class=\"elementor-button-content-wrapper\">\n\t\t\t\t\t\t<span class=\"elementor-button-icon\">\n\t\t\t\t<svg xmlns=\"http:\/\/www.w3.org\/2000\/svg\" id=\"Livello_1\" viewBox=\"0 0 16 16\"><g id=\"Icon_akar-arrow-up-right\"><path class=\"st0\" d=\"M1.1,15.9c-.3,0-.6-.1-.8-.3-.4-.4-.4-1.1,0-1.6L12,2.3H3.4c-.6,0-1.1-.5-1.1-1.1S2.7.1,3.4.1h11.3c.1,0,.3,0,.4,0,.1,0,.3.1.4.2.1.1.2.2.2.4h0c0,.1,0,.3,0,.4h0v11.3c0,.6-.5,1.1-1.1,1.1s-1.1-.5-1.1-1.1V3.9L1.9,15.6c-.2.2-.5.3-.8.3Z\"><\/path><\/g><\/svg>\t\t\t<\/span>\n\t\t\t\t\t\t\t\t\t<span class=\"elementor-button-text\">Erfahren Sie mehr<\/span>\n\t\t\t\t\t<\/span>\n\t\t\t\t\t<\/a>\n\t\t\t\t\t\t\t\t<\/div>\n\t\t\t\t<\/div>\n\t\t\t\t\t<\/div>\n\t\t\t\t<\/div>\n\t\t\t\t<\/div>\n\t\t","protected":false},"excerpt":{"rendered":"<p>Spezifische Produkte f\u00fcr die B\u00e4ckerei Eine breite Palette von Mehlen und Halbfertigprodukten f\u00fcr die Welt des Backens. Sie sind ideal f\u00fcr weiche, knusprige oder rustikale [&hellip;]<\/p>\n","protected":false},"author":1,"featured_media":3594,"parent":4718,"menu_order":0,"comment_status":"closed","ping_status":"closed","template":"","meta":{"_acf_changed":false,"footnotes":""},"class_list":["post-4674","page","type-page","status-publish","has-post-thumbnail","hentry"],"acf":[],"yoast_head":"<!-- This site is optimized with the Yoast SEO plugin v27.5 - https:\/\/yoast.com\/product\/yoast-seo-wordpress\/ -->\n<title>B\u00e4ckerei - Agugiaro&amp;Figna<\/title>\n<meta name=\"robots\" content=\"index, follow, max-snippet:-1, max-image-preview:large, max-video-preview:-1\" \/>\n<link rel=\"canonical\" href=\"https:\/\/agugiarofigna.com\/de\/unsere-kunden\/baeckerei\/\" \/>\n<meta property=\"og:locale\" content=\"de_DE\" \/>\n<meta property=\"og:type\" content=\"article\" \/>\n<meta property=\"og:title\" content=\"B\u00e4ckerei - Agugiaro&amp;Figna\" \/>\n<meta property=\"og:description\" content=\"Spezifische Produkte f\u00fcr die B\u00e4ckerei Eine breite Palette von Mehlen und Halbfertigprodukten f\u00fcr die Welt des Backens. Sie sind ideal f\u00fcr weiche, knusprige oder rustikale [&hellip;]\" \/>\n<meta property=\"og:url\" content=\"https:\/\/agugiarofigna.com\/de\/unsere-kunden\/baeckerei\/\" \/>\n<meta property=\"og:site_name\" content=\"Agugiaro&amp;Figna\" \/>\n<meta property=\"article:publisher\" content=\"https:\/\/www.facebook.com\/AgugiaroeFigna\" \/>\n<meta property=\"article:modified_time\" content=\"2025-02-19T16:43:37+00:00\" \/>\n<meta property=\"og:image\" content=\"https:\/\/agugiarofigna.com\/wp-content\/uploads\/2024\/12\/Settore_panificazione.jpg\" \/>\n\t<meta property=\"og:image:width\" content=\"1254\" \/>\n\t<meta property=\"og:image:height\" content=\"836\" \/>\n\t<meta property=\"og:image:type\" content=\"image\/jpeg\" \/>\n<meta name=\"twitter:card\" content=\"summary_large_image\" \/>\n<script type=\"application\/ld+json\" class=\"yoast-schema-graph\">{\"@context\":\"https:\\\/\\\/schema.org\",\"@graph\":[{\"@type\":\"WebPage\",\"@id\":\"https:\\\/\\\/agugiarofigna.com\\\/de\\\/unsere-kunden\\\/baeckerei\\\/\",\"url\":\"https:\\\/\\\/agugiarofigna.com\\\/de\\\/unsere-kunden\\\/baeckerei\\\/\",\"name\":\"B\u00e4ckerei - Agugiaro&amp;Figna\",\"isPartOf\":{\"@id\":\"https:\\\/\\\/agugiarofigna.com\\\/#website\"},\"primaryImageOfPage\":{\"@id\":\"https:\\\/\\\/agugiarofigna.com\\\/de\\\/unsere-kunden\\\/baeckerei\\\/#primaryimage\"},\"image\":{\"@id\":\"https:\\\/\\\/agugiarofigna.com\\\/de\\\/unsere-kunden\\\/baeckerei\\\/#primaryimage\"},\"thumbnailUrl\":\"https:\\\/\\\/agugiarofigna.com\\\/wp-content\\\/uploads\\\/2024\\\/12\\\/Settore_panificazione.jpg\",\"datePublished\":\"2024-12-20T15:19:39+00:00\",\"dateModified\":\"2025-02-19T16:43:37+00:00\",\"breadcrumb\":{\"@id\":\"https:\\\/\\\/agugiarofigna.com\\\/de\\\/unsere-kunden\\\/baeckerei\\\/#breadcrumb\"},\"inLanguage\":\"de\",\"potentialAction\":[{\"@type\":\"ReadAction\",\"target\":[\"https:\\\/\\\/agugiarofigna.com\\\/de\\\/unsere-kunden\\\/baeckerei\\\/\"]}]},{\"@type\":\"ImageObject\",\"inLanguage\":\"de\",\"@id\":\"https:\\\/\\\/agugiarofigna.com\\\/de\\\/unsere-kunden\\\/baeckerei\\\/#primaryimage\",\"url\":\"https:\\\/\\\/agugiarofigna.com\\\/wp-content\\\/uploads\\\/2024\\\/12\\\/Settore_panificazione.jpg\",\"contentUrl\":\"https:\\\/\\\/agugiarofigna.com\\\/wp-content\\\/uploads\\\/2024\\\/12\\\/Settore_panificazione.jpg\",\"width\":1254,\"height\":836},{\"@type\":\"BreadcrumbList\",\"@id\":\"https:\\\/\\\/agugiarofigna.com\\\/de\\\/unsere-kunden\\\/baeckerei\\\/#breadcrumb\",\"itemListElement\":[{\"@type\":\"ListItem\",\"position\":1,\"name\":\"Home\",\"item\":\"https:\\\/\\\/agugiarofigna.com\\\/\"},{\"@type\":\"ListItem\",\"position\":2,\"name\":\"Unsere Kunden\",\"item\":\"https:\\\/\\\/agugiarofigna.com\\\/de\\\/unsere-kunden\\\/\"},{\"@type\":\"ListItem\",\"position\":3,\"name\":\"B\u00e4ckerei\"}]},{\"@type\":\"WebSite\",\"@id\":\"https:\\\/\\\/agugiarofigna.com\\\/#website\",\"url\":\"https:\\\/\\\/agugiarofigna.com\\\/\",\"name\":\"Agugiaro&Figna\",\"description\":\"\",\"publisher\":{\"@id\":\"https:\\\/\\\/agugiarofigna.com\\\/#organization\"},\"potentialAction\":[{\"@type\":\"SearchAction\",\"target\":{\"@type\":\"EntryPoint\",\"urlTemplate\":\"https:\\\/\\\/agugiarofigna.com\\\/?s={search_term_string}\"},\"query-input\":{\"@type\":\"PropertyValueSpecification\",\"valueRequired\":true,\"valueName\":\"search_term_string\"}}],\"inLanguage\":\"de\"},{\"@type\":\"Organization\",\"@id\":\"https:\\\/\\\/agugiarofigna.com\\\/#organization\",\"name\":\"Agugiaro&Figna\",\"url\":\"https:\\\/\\\/agugiarofigna.com\\\/\",\"logo\":{\"@type\":\"ImageObject\",\"inLanguage\":\"de\",\"@id\":\"https:\\\/\\\/agugiarofigna.com\\\/#\\\/schema\\\/logo\\\/image\\\/\",\"url\":\"https:\\\/\\\/agugiarofigna.com\\\/wp-content\\\/uploads\\\/2024\\\/12\\\/Logo-Agugiaro-Figna.svg\",\"contentUrl\":\"https:\\\/\\\/agugiarofigna.com\\\/wp-content\\\/uploads\\\/2024\\\/12\\\/Logo-Agugiaro-Figna.svg\",\"width\":710,\"height\":125,\"caption\":\"Agugiaro&Figna\"},\"image\":{\"@id\":\"https:\\\/\\\/agugiarofigna.com\\\/#\\\/schema\\\/logo\\\/image\\\/\"},\"sameAs\":[\"https:\\\/\\\/www.facebook.com\\\/AgugiaroeFigna\",\"https:\\\/\\\/www.instagram.com\\\/moliniagugiaroefigna\\\/#\"]}]}<\/script>\n<!-- \/ Yoast SEO plugin. -->","yoast_head_json":{"title":"B\u00e4ckerei - Agugiaro&amp;Figna","robots":{"index":"index","follow":"follow","max-snippet":"max-snippet:-1","max-image-preview":"max-image-preview:large","max-video-preview":"max-video-preview:-1"},"canonical":"https:\/\/agugiarofigna.com\/de\/unsere-kunden\/baeckerei\/","og_locale":"de_DE","og_type":"article","og_title":"B\u00e4ckerei - Agugiaro&amp;Figna","og_description":"Spezifische Produkte f\u00fcr die B\u00e4ckerei Eine breite Palette von Mehlen und Halbfertigprodukten f\u00fcr die Welt des Backens. Sie sind ideal f\u00fcr weiche, knusprige oder rustikale [&hellip;]","og_url":"https:\/\/agugiarofigna.com\/de\/unsere-kunden\/baeckerei\/","og_site_name":"Agugiaro&amp;Figna","article_publisher":"https:\/\/www.facebook.com\/AgugiaroeFigna","article_modified_time":"2025-02-19T16:43:37+00:00","og_image":[{"width":1254,"height":836,"url":"https:\/\/agugiarofigna.com\/wp-content\/uploads\/2024\/12\/Settore_panificazione.jpg","type":"image\/jpeg"}],"twitter_card":"summary_large_image","schema":{"@context":"https:\/\/schema.org","@graph":[{"@type":"WebPage","@id":"https:\/\/agugiarofigna.com\/de\/unsere-kunden\/baeckerei\/","url":"https:\/\/agugiarofigna.com\/de\/unsere-kunden\/baeckerei\/","name":"B\u00e4ckerei - Agugiaro&amp;Figna","isPartOf":{"@id":"https:\/\/agugiarofigna.com\/#website"},"primaryImageOfPage":{"@id":"https:\/\/agugiarofigna.com\/de\/unsere-kunden\/baeckerei\/#primaryimage"},"image":{"@id":"https:\/\/agugiarofigna.com\/de\/unsere-kunden\/baeckerei\/#primaryimage"},"thumbnailUrl":"https:\/\/agugiarofigna.com\/wp-content\/uploads\/2024\/12\/Settore_panificazione.jpg","datePublished":"2024-12-20T15:19:39+00:00","dateModified":"2025-02-19T16:43:37+00:00","breadcrumb":{"@id":"https:\/\/agugiarofigna.com\/de\/unsere-kunden\/baeckerei\/#breadcrumb"},"inLanguage":"de","potentialAction":[{"@type":"ReadAction","target":["https:\/\/agugiarofigna.com\/de\/unsere-kunden\/baeckerei\/"]}]},{"@type":"ImageObject","inLanguage":"de","@id":"https:\/\/agugiarofigna.com\/de\/unsere-kunden\/baeckerei\/#primaryimage","url":"https:\/\/agugiarofigna.com\/wp-content\/uploads\/2024\/12\/Settore_panificazione.jpg","contentUrl":"https:\/\/agugiarofigna.com\/wp-content\/uploads\/2024\/12\/Settore_panificazione.jpg","width":1254,"height":836},{"@type":"BreadcrumbList","@id":"https:\/\/agugiarofigna.com\/de\/unsere-kunden\/baeckerei\/#breadcrumb","itemListElement":[{"@type":"ListItem","position":1,"name":"Home","item":"https:\/\/agugiarofigna.com\/"},{"@type":"ListItem","position":2,"name":"Unsere Kunden","item":"https:\/\/agugiarofigna.com\/de\/unsere-kunden\/"},{"@type":"ListItem","position":3,"name":"B\u00e4ckerei"}]},{"@type":"WebSite","@id":"https:\/\/agugiarofigna.com\/#website","url":"https:\/\/agugiarofigna.com\/","name":"Agugiaro&Figna","description":"","publisher":{"@id":"https:\/\/agugiarofigna.com\/#organization"},"potentialAction":[{"@type":"SearchAction","target":{"@type":"EntryPoint","urlTemplate":"https:\/\/agugiarofigna.com\/?s={search_term_string}"},"query-input":{"@type":"PropertyValueSpecification","valueRequired":true,"valueName":"search_term_string"}}],"inLanguage":"de"},{"@type":"Organization","@id":"https:\/\/agugiarofigna.com\/#organization","name":"Agugiaro&Figna","url":"https:\/\/agugiarofigna.com\/","logo":{"@type":"ImageObject","inLanguage":"de","@id":"https:\/\/agugiarofigna.com\/#\/schema\/logo\/image\/","url":"https:\/\/agugiarofigna.com\/wp-content\/uploads\/2024\/12\/Logo-Agugiaro-Figna.svg","contentUrl":"https:\/\/agugiarofigna.com\/wp-content\/uploads\/2024\/12\/Logo-Agugiaro-Figna.svg","width":710,"height":125,"caption":"Agugiaro&Figna"},"image":{"@id":"https:\/\/agugiarofigna.com\/#\/schema\/logo\/image\/"},"sameAs":["https:\/\/www.facebook.com\/AgugiaroeFigna","https:\/\/www.instagram.com\/moliniagugiaroefigna\/#"]}]}},"_links":{"self":[{"href":"https:\/\/agugiarofigna.com\/de\/wp-json\/wp\/v2\/pages\/4674","targetHints":{"allow":["GET"]}}],"collection":[{"href":"https:\/\/agugiarofigna.com\/de\/wp-json\/wp\/v2\/pages"}],"about":[{"href":"https:\/\/agugiarofigna.com\/de\/wp-json\/wp\/v2\/types\/page"}],"author":[{"embeddable":true,"href":"https:\/\/agugiarofigna.com\/de\/wp-json\/wp\/v2\/users\/1"}],"replies":[{"embeddable":true,"href":"https:\/\/agugiarofigna.com\/de\/wp-json\/wp\/v2\/comments?post=4674"}],"version-history":[{"count":2,"href":"https:\/\/agugiarofigna.com\/de\/wp-json\/wp\/v2\/pages\/4674\/revisions"}],"predecessor-version":[{"id":5904,"href":"https:\/\/agugiarofigna.com\/de\/wp-json\/wp\/v2\/pages\/4674\/revisions\/5904"}],"up":[{"embeddable":true,"href":"https:\/\/agugiarofigna.com\/de\/wp-json\/wp\/v2\/pages\/4718"}],"wp:featuredmedia":[{"embeddable":true,"href":"https:\/\/agugiarofigna.com\/de\/wp-json\/wp\/v2\/media\/3594"}],"wp:attachment":[{"href":"https:\/\/agugiarofigna.com\/de\/wp-json\/wp\/v2\/media?parent=4674"}],"curies":[{"name":"wp","href":"https:\/\/api.w.org\/{rel}","templated":true}]}}