{"id":4715,"date":"2024-12-20T15:48:08","date_gmt":"2024-12-20T14:48:08","guid":{"rendered":"https:\/\/agugiarofigna.com\/pizzeria\/"},"modified":"2025-02-19T17:44:12","modified_gmt":"2025-02-19T16:44:12","slug":"pizzeria","status":"publish","type":"page","link":"https:\/\/agugiarofigna.com\/de\/unsere-kunden\/pizzeria\/","title":{"rendered":"Pizzeria"},"content":{"rendered":"\t\t<div data-elementor-type=\"wp-page\" data-elementor-id=\"4715\" class=\"elementor elementor-4715 elementor-1475\" data-elementor-post-type=\"page\">\n\t\t\t\t<div class=\"elementor-element elementor-element-54932bbd e-flex e-con-boxed e-con e-parent\" data-id=\"54932bbd\" data-element_type=\"container\" data-e-type=\"container\" data-settings=\"{&quot;background_background&quot;:&quot;classic&quot;}\">\n\t\t\t\t\t<div class=\"e-con-inner\">\n\t\t\t\t<div class=\"elementor-element elementor-element-47eafb0b elementor-widget elementor-widget-heading\" data-id=\"47eafb0b\" data-element_type=\"widget\" data-e-type=\"widget\" data-widget_type=\"heading.default\">\n\t\t\t\t\t<h1 class=\"elementor-heading-title elementor-size-default\">Pizzeria<\/h1>\t\t\t\t<\/div>\n\t\t\t\t\t<\/div>\n\t\t\t\t<\/div>\n\t\t<div class=\"elementor-element elementor-element-05c91a1 e-flex e-con-boxed e-con e-parent\" data-id=\"05c91a1\" data-element_type=\"container\" data-e-type=\"container\">\n\t\t\t\t\t<div class=\"e-con-inner\">\n\t\t\t\t<div class=\"elementor-element elementor-element-fb2e9f3 elementor-widget elementor-widget-heading\" data-id=\"fb2e9f3\" data-element_type=\"widget\" data-e-type=\"widget\" data-widget_type=\"heading.default\">\n\t\t\t\t\t<h2 class=\"elementor-heading-title elementor-size-default\">Spezifische Produkte f\u00fcr Pizzerien<\/h2>\t\t\t\t<\/div>\n\t\t\t\t<div class=\"elementor-element elementor-element-430bc3a elementor-widget__width-initial elementor-widget elementor-widget-text-editor\" data-id=\"430bc3a\" data-element_type=\"widget\" data-e-type=\"widget\" data-widget_type=\"text-editor.default\">\n\t\t\t\t\t\t\t\t\t<p>Qualit\u00e4t und Innovation im Dienste Ihrer Pizzeria.<br \/>Unser Sortiment an Mehlen und Halbfertigprodukten ist so konzipiert, dass es jedes Mal perfekte Teige garantiert, die f\u00fcr alle Arten von Pizzen ideal sind. Von der hervorragenden Verarbeitbarkeit bis zur Backleistung bieten wir L\u00f6sungen f\u00fcr jeden Bedarf.  <\/p>\n\t\t\t\t\t\t\t\t<\/div>\n\t\t\t\t\t<\/div>\n\t\t\t\t<\/div>\n\t\t<div class=\"elementor-element elementor-element-f71ac5d e-flex e-con-boxed e-con e-parent\" data-id=\"f71ac5d\" data-element_type=\"container\" data-e-type=\"container\">\n\t\t\t\t\t<div class=\"e-con-inner\">\n\t\t\t\t<div class=\"elementor-element elementor-element-6aafe9f elementor-widget elementor-widget-heading\" data-id=\"6aafe9f\" data-element_type=\"widget\" data-e-type=\"widget\" data-widget_type=\"heading.default\">\n\t\t\t\t\t<h2 class=\"elementor-heading-title elementor-size-default\">Agugiaro &amp; Figna Marken f\u00fcr Pizzerien<\/h2>\t\t\t\t<\/div>\n\t\t\t\t\t<\/div>\n\t\t\t\t<\/div>\n\t\t<div class=\"elementor-element elementor-element-2be6848 e-flex e-con-boxed e-con e-parent\" data-id=\"2be6848\" data-element_type=\"container\" data-e-type=\"container\">\n\t\t\t\t\t<div class=\"e-con-inner\">\n\t\t<div class=\"elementor-element elementor-element-7ad9304 e-con-full e-flex e-con e-child\" data-id=\"7ad9304\" data-element_type=\"container\" data-e-type=\"container\">\n\t\t\t\t<div class=\"elementor-element elementor-element-f961a09 elementor-widget elementor-widget-image\" data-id=\"f961a09\" data-element_type=\"widget\" data-e-type=\"widget\" data-widget_type=\"image.default\">\n\t\t\t\t\t\t\t\t\t\t\t\t\t\t\t<img fetchpriority=\"high\" decoding=\"async\" width=\"504\" height=\"326\" src=\"https:\/\/agugiarofigna.com\/wp-content\/uploads\/2024\/12\/Le5Stagioni-logo.png\" class=\"attachment-large size-large wp-image-7091\" alt=\"\" \/>\t\t\t\t\t\t\t\t\t\t\t\t\t\t\t<\/div>\n\t\t\t\t<div class=\"elementor-element elementor-element-48319c2 elementor-widget elementor-widget-heading\" data-id=\"48319c2\" data-element_type=\"widget\" data-e-type=\"widget\" data-widget_type=\"heading.default\">\n\t\t\t\t\t<h3 class=\"elementor-heading-title elementor-size-default\">Le 5 Stagioni<\/h3>\t\t\t\t<\/div>\n\t\t\t\t<div class=\"elementor-element elementor-element-221c210 elementor-widget elementor-widget-text-editor\" data-id=\"221c210\" data-element_type=\"widget\" data-e-type=\"widget\" data-widget_type=\"text-editor.default\">\n\t\t\t\t\t\t\t\t\t<p>Das umfangreichste Sortiment an Mehlen f\u00fcr Pizzerien, das in der ganzen Welt bekannt ist.<\/p>\n\t\t\t\t\t\t\t\t<\/div>\n\t\t\t\t<div class=\"elementor-element elementor-element-c2d9692 link elementor-align-center elementor-widget elementor-widget-button\" data-id=\"c2d9692\" data-element_type=\"widget\" data-e-type=\"widget\" data-widget_type=\"button.default\">\n\t\t\t\t\t\t\t\t\t\t<a class=\"elementor-button elementor-button-link elementor-size-sm\" href=\"https:\/\/le5stagioni.it\/\" target=\"_blank\">\n\t\t\t\t\t\t<span class=\"elementor-button-content-wrapper\">\n\t\t\t\t\t\t<span class=\"elementor-button-icon\">\n\t\t\t\t<svg xmlns=\"http:\/\/www.w3.org\/2000\/svg\" id=\"Livello_1\" viewBox=\"0 0 16 16\"><g id=\"Icon_akar-arrow-up-right\"><path class=\"st0\" d=\"M1.1,15.9c-.3,0-.6-.1-.8-.3-.4-.4-.4-1.1,0-1.6L12,2.3H3.4c-.6,0-1.1-.5-1.1-1.1S2.7.1,3.4.1h11.3c.1,0,.3,0,.4,0,.1,0,.3.1.4.2.1.1.2.2.2.4h0c0,.1,0,.3,0,.4h0v11.3c0,.6-.5,1.1-1.1,1.1s-1.1-.5-1.1-1.1V3.9L1.9,15.6c-.2.2-.5.3-.8.3Z\"><\/path><\/g><\/svg>\t\t\t<\/span>\n\t\t\t\t\t\t\t\t\t<span class=\"elementor-button-text\">le5stagioni.it<\/span>\n\t\t\t\t\t<\/span>\n\t\t\t\t\t<\/a>\n\t\t\t\t\t\t\t\t<\/div>\n\t\t\t\t<\/div>\n\t\t<div class=\"elementor-element elementor-element-1bd44b2 e-con-full e-flex e-con e-child\" data-id=\"1bd44b2\" data-element_type=\"container\" data-e-type=\"container\">\n\t\t\t\t<div class=\"elementor-element elementor-element-907535a elementor-widget elementor-widget-image\" data-id=\"907535a\" data-element_type=\"widget\" data-e-type=\"widget\" data-widget_type=\"image.default\">\n\t\t\t\t\t\t\t\t\t\t\t\t\t\t\t<img decoding=\"async\" width=\"344\" height=\"343\" src=\"https:\/\/agugiarofigna.com\/wp-content\/uploads\/2024\/12\/Logo-MIA.png\" class=\"attachment-large size-large wp-image-7079\" alt=\"\" \/>\t\t\t\t\t\t\t\t\t\t\t\t\t\t\t<\/div>\n\t\t\t\t<div class=\"elementor-element elementor-element-37ef432 elementor-widget elementor-widget-heading\" data-id=\"37ef432\" data-element_type=\"widget\" data-e-type=\"widget\" data-widget_type=\"heading.default\">\n\t\t\t\t\t<h3 class=\"elementor-heading-title elementor-size-default\"><sup>MIA\u00ae.<\/sup><\/h3>\t\t\t\t<\/div>\n\t\t\t\t<div class=\"elementor-element elementor-element-65ae7a7 elementor-widget elementor-widget-text-editor\" data-id=\"65ae7a7\" data-element_type=\"widget\" data-e-type=\"widget\" data-widget_type=\"text-editor.default\">\n\t\t\t\t\t\t\t\t\t<p>Der patentierte MIA-Fr\u00e4sprozess, Macinazione Integrata Autentica<\/p>\n\t\t\t\t\t\t\t\t<\/div>\n\t\t<div class=\"elementor-element elementor-element-6d454cb e-con-full e-flex e-con e-child\" data-id=\"6d454cb\" data-element_type=\"container\" data-e-type=\"container\">\n\t\t\t\t<div class=\"elementor-element elementor-element-1f64f24 link elementor-align-center elementor-widget elementor-widget-button\" data-id=\"1f64f24\" data-element_type=\"widget\" data-e-type=\"widget\" data-widget_type=\"button.default\">\n\t\t\t\t\t\t\t\t\t\t<a class=\"elementor-button elementor-button-link elementor-size-sm\" href=\"https:\/\/agugiarofigna.com\/de\/unsere-produkte\/mehle\/authentisches-integriertes-schleifen\/\">\n\t\t\t\t\t\t<span class=\"elementor-button-content-wrapper\">\n\t\t\t\t\t\t<span class=\"elementor-button-icon\">\n\t\t\t\t<svg xmlns=\"http:\/\/www.w3.org\/2000\/svg\" id=\"Livello_1\" viewBox=\"0 0 16 16\"><g id=\"Icon_akar-arrow-up-right\"><path class=\"st0\" d=\"M1.1,15.9c-.3,0-.6-.1-.8-.3-.4-.4-.4-1.1,0-1.6L12,2.3H3.4c-.6,0-1.1-.5-1.1-1.1S2.7.1,3.4.1h11.3c.1,0,.3,0,.4,0,.1,0,.3.1.4.2.1.1.2.2.2.4h0c0,.1,0,.3,0,.4h0v11.3c0,.6-.5,1.1-1.1,1.1s-1.1-.5-1.1-1.1V3.9L1.9,15.6c-.2.2-.5.3-.8.3Z\"><\/path><\/g><\/svg>\t\t\t<\/span>\n\t\t\t\t\t\t\t\t\t<span class=\"elementor-button-text\">Erfahren Sie mehr<\/span>\n\t\t\t\t\t<\/span>\n\t\t\t\t\t<\/a>\n\t\t\t\t\t\t\t\t<\/div>\n\t\t\t\t<div class=\"elementor-element elementor-element-161870e link elementor-align-center elementor-widget elementor-widget-button\" data-id=\"161870e\" data-element_type=\"widget\" data-e-type=\"widget\" data-widget_type=\"button.default\">\n\t\t\t\t\t\t\t\t\t\t<a class=\"elementor-button elementor-button-link elementor-size-sm\" href=\"https:\/\/agugiarofigna.com\/categoria-prodotto\/mia\/\">\n\t\t\t\t\t\t<span class=\"elementor-button-content-wrapper\">\n\t\t\t\t\t\t<span class=\"elementor-button-icon\">\n\t\t\t\t<svg xmlns=\"http:\/\/www.w3.org\/2000\/svg\" id=\"Livello_1\" viewBox=\"0 0 16 16\"><g id=\"Icon_akar-arrow-up-right\"><path class=\"st0\" d=\"M1.1,15.9c-.3,0-.6-.1-.8-.3-.4-.4-.4-1.1,0-1.6L12,2.3H3.4c-.6,0-1.1-.5-1.1-1.1S2.7.1,3.4.1h11.3c.1,0,.3,0,.4,0,.1,0,.3.1.4.2.1.1.2.2.2.4h0c0,.1,0,.3,0,.4h0v11.3c0,.6-.5,1.1-1.1,1.1s-1.1-.5-1.1-1.1V3.9L1.9,15.6c-.2.2-.5.3-.8.3Z\"><\/path><\/g><\/svg>\t\t\t<\/span>\n\t\t\t\t\t\t\t\t\t<span class=\"elementor-button-text\">Zum Katalog gehen<\/span>\n\t\t\t\t\t<\/span>\n\t\t\t\t\t<\/a>\n\t\t\t\t\t\t\t\t<\/div>\n\t\t\t\t<\/div>\n\t\t\t\t<\/div>\n\t\t<div class=\"elementor-element elementor-element-c457f48 e-con-full e-flex e-con e-child\" data-id=\"c457f48\" data-element_type=\"container\" data-e-type=\"container\">\n\t\t\t\t<div class=\"elementor-element elementor-element-984283e elementor-widget elementor-widget-image\" data-id=\"984283e\" data-element_type=\"widget\" data-e-type=\"widget\" data-widget_type=\"image.default\">\n\t\t\t\t\t\t\t\t\t\t\t\t\t\t\t<img decoding=\"async\" width=\"461\" height=\"96\" src=\"https:\/\/agugiarofigna.com\/wp-content\/uploads\/2024\/12\/Logo-Naturkraft.png\" class=\"attachment-large size-large wp-image-7103\" alt=\"\" \/>\t\t\t\t\t\t\t\t\t\t\t\t\t\t\t<\/div>\n\t\t\t\t<div class=\"elementor-element elementor-element-beb5f67 elementor-widget elementor-widget-heading\" data-id=\"beb5f67\" data-element_type=\"widget\" data-e-type=\"widget\" data-widget_type=\"heading.default\">\n\t\t\t\t\t<h3 class=\"elementor-heading-title elementor-size-default\">Naturkraft<\/h3>\t\t\t\t<\/div>\n\t\t\t\t<div class=\"elementor-element elementor-element-3df3025 elementor-widget elementor-widget-text-editor\" data-id=\"3df3025\" data-element_type=\"widget\" data-e-type=\"widget\" data-widget_type=\"text-editor.default\">\n\t\t\t\t\t\t\t\t\t<p>Die einzige getrocknete Sauerteiglinie f\u00fcr verschiedene Verwendungszwecke, hergestellt von einer italienischen M\u00fchle.<\/p>\n\t\t\t\t\t\t\t\t<\/div>\n\t\t\t\t<div class=\"elementor-element elementor-element-e799d14 link elementor-align-center elementor-widget elementor-widget-button\" data-id=\"e799d14\" data-element_type=\"widget\" data-e-type=\"widget\" data-widget_type=\"button.default\">\n\t\t\t\t\t\t\t\t\t\t<a class=\"elementor-button elementor-button-link elementor-size-sm\" href=\"https:\/\/lesinfonie.it\/\" target=\"_blank\">\n\t\t\t\t\t\t<span class=\"elementor-button-content-wrapper\">\n\t\t\t\t\t\t<span class=\"elementor-button-icon\">\n\t\t\t\t<svg xmlns=\"http:\/\/www.w3.org\/2000\/svg\" id=\"Livello_1\" viewBox=\"0 0 16 16\"><g id=\"Icon_akar-arrow-up-right\"><path class=\"st0\" d=\"M1.1,15.9c-.3,0-.6-.1-.8-.3-.4-.4-.4-1.1,0-1.6L12,2.3H3.4c-.6,0-1.1-.5-1.1-1.1S2.7.1,3.4.1h11.3c.1,0,.3,0,.4,0,.1,0,.3.1.4.2.1.1.2.2.2.4h0c0,.1,0,.3,0,.4h0v11.3c0,.6-.5,1.1-1.1,1.1s-1.1-.5-1.1-1.1V3.9L1.9,15.6c-.2.2-.5.3-.8.3Z\"><\/path><\/g><\/svg>\t\t\t<\/span>\n\t\t\t\t\t\t\t\t\t<span class=\"elementor-button-text\">Finden Sie mehr heraus<\/span>\n\t\t\t\t\t<\/span>\n\t\t\t\t\t<\/a>\n\t\t\t\t\t\t\t\t<\/div>\n\t\t\t\t<\/div>\n\t\t\t\t\t<\/div>\n\t\t\t\t<\/div>\n\t\t\t\t<\/div>\n\t\t","protected":false},"excerpt":{"rendered":"<p>Spezifische Produkte f\u00fcr Pizzerien Qualit\u00e4t und Innovation im Dienste Ihrer Pizzeria.Unser Sortiment an Mehlen und Halbfertigprodukten ist so konzipiert, dass es jedes Mal perfekte Teige [&hellip;]<\/p>\n","protected":false},"author":1,"featured_media":3588,"parent":4718,"menu_order":0,"comment_status":"closed","ping_status":"closed","template":"","meta":{"_acf_changed":false,"footnotes":""},"class_list":["post-4715","page","type-page","status-publish","has-post-thumbnail","hentry"],"acf":[],"yoast_head":"<!-- This site is optimized with the Yoast SEO plugin v27.5 - https:\/\/yoast.com\/product\/yoast-seo-wordpress\/ -->\n<title>Pizzeria - Agugiaro&amp;Figna<\/title>\n<meta name=\"robots\" content=\"index, follow, max-snippet:-1, max-image-preview:large, max-video-preview:-1\" \/>\n<link rel=\"canonical\" href=\"https:\/\/agugiarofigna.com\/de\/unsere-kunden\/pizzeria\/\" \/>\n<meta property=\"og:locale\" content=\"de_DE\" \/>\n<meta property=\"og:type\" content=\"article\" \/>\n<meta property=\"og:title\" content=\"Pizzeria - Agugiaro&amp;Figna\" \/>\n<meta property=\"og:description\" content=\"Spezifische Produkte f\u00fcr Pizzerien Qualit\u00e4t und Innovation im Dienste Ihrer Pizzeria.Unser Sortiment an Mehlen und Halbfertigprodukten ist so konzipiert, dass es jedes Mal perfekte Teige [&hellip;]\" \/>\n<meta property=\"og:url\" content=\"https:\/\/agugiarofigna.com\/de\/unsere-kunden\/pizzeria\/\" \/>\n<meta property=\"og:site_name\" content=\"Agugiaro&amp;Figna\" \/>\n<meta property=\"article:publisher\" content=\"https:\/\/www.facebook.com\/AgugiaroeFigna\" \/>\n<meta property=\"article:modified_time\" content=\"2025-02-19T16:44:12+00:00\" \/>\n<meta property=\"og:image\" content=\"https:\/\/agugiarofigna.com\/wp-content\/uploads\/2024\/12\/Settore_pizzeria.jpg\" \/>\n\t<meta property=\"og:image:width\" content=\"1920\" \/>\n\t<meta property=\"og:image:height\" content=\"1280\" \/>\n\t<meta property=\"og:image:type\" content=\"image\/jpeg\" \/>\n<meta name=\"twitter:card\" content=\"summary_large_image\" \/>\n<meta name=\"twitter:label1\" content=\"Gesch\u00e4tzte Lesezeit\" \/>\n\t<meta name=\"twitter:data1\" content=\"1\u00a0Minute\" \/>\n<script type=\"application\/ld+json\" class=\"yoast-schema-graph\">{\"@context\":\"https:\\\/\\\/schema.org\",\"@graph\":[{\"@type\":\"WebPage\",\"@id\":\"https:\\\/\\\/agugiarofigna.com\\\/de\\\/unsere-kunden\\\/pizzeria\\\/\",\"url\":\"https:\\\/\\\/agugiarofigna.com\\\/de\\\/unsere-kunden\\\/pizzeria\\\/\",\"name\":\"Pizzeria - Agugiaro&amp;Figna\",\"isPartOf\":{\"@id\":\"https:\\\/\\\/agugiarofigna.com\\\/#website\"},\"primaryImageOfPage\":{\"@id\":\"https:\\\/\\\/agugiarofigna.com\\\/de\\\/unsere-kunden\\\/pizzeria\\\/#primaryimage\"},\"image\":{\"@id\":\"https:\\\/\\\/agugiarofigna.com\\\/de\\\/unsere-kunden\\\/pizzeria\\\/#primaryimage\"},\"thumbnailUrl\":\"https:\\\/\\\/agugiarofigna.com\\\/wp-content\\\/uploads\\\/2024\\\/12\\\/Settore_pizzeria.jpg\",\"datePublished\":\"2024-12-20T14:48:08+00:00\",\"dateModified\":\"2025-02-19T16:44:12+00:00\",\"breadcrumb\":{\"@id\":\"https:\\\/\\\/agugiarofigna.com\\\/de\\\/unsere-kunden\\\/pizzeria\\\/#breadcrumb\"},\"inLanguage\":\"de\",\"potentialAction\":[{\"@type\":\"ReadAction\",\"target\":[\"https:\\\/\\\/agugiarofigna.com\\\/de\\\/unsere-kunden\\\/pizzeria\\\/\"]}]},{\"@type\":\"ImageObject\",\"inLanguage\":\"de\",\"@id\":\"https:\\\/\\\/agugiarofigna.com\\\/de\\\/unsere-kunden\\\/pizzeria\\\/#primaryimage\",\"url\":\"https:\\\/\\\/agugiarofigna.com\\\/wp-content\\\/uploads\\\/2024\\\/12\\\/Settore_pizzeria.jpg\",\"contentUrl\":\"https:\\\/\\\/agugiarofigna.com\\\/wp-content\\\/uploads\\\/2024\\\/12\\\/Settore_pizzeria.jpg\",\"width\":1920,\"height\":1280},{\"@type\":\"BreadcrumbList\",\"@id\":\"https:\\\/\\\/agugiarofigna.com\\\/de\\\/unsere-kunden\\\/pizzeria\\\/#breadcrumb\",\"itemListElement\":[{\"@type\":\"ListItem\",\"position\":1,\"name\":\"Home\",\"item\":\"https:\\\/\\\/agugiarofigna.com\\\/\"},{\"@type\":\"ListItem\",\"position\":2,\"name\":\"Unsere Kunden\",\"item\":\"https:\\\/\\\/agugiarofigna.com\\\/de\\\/unsere-kunden\\\/\"},{\"@type\":\"ListItem\",\"position\":3,\"name\":\"Pizzeria\"}]},{\"@type\":\"WebSite\",\"@id\":\"https:\\\/\\\/agugiarofigna.com\\\/#website\",\"url\":\"https:\\\/\\\/agugiarofigna.com\\\/\",\"name\":\"Agugiaro&Figna\",\"description\":\"\",\"publisher\":{\"@id\":\"https:\\\/\\\/agugiarofigna.com\\\/#organization\"},\"potentialAction\":[{\"@type\":\"SearchAction\",\"target\":{\"@type\":\"EntryPoint\",\"urlTemplate\":\"https:\\\/\\\/agugiarofigna.com\\\/?s={search_term_string}\"},\"query-input\":{\"@type\":\"PropertyValueSpecification\",\"valueRequired\":true,\"valueName\":\"search_term_string\"}}],\"inLanguage\":\"de\"},{\"@type\":\"Organization\",\"@id\":\"https:\\\/\\\/agugiarofigna.com\\\/#organization\",\"name\":\"Agugiaro&Figna\",\"url\":\"https:\\\/\\\/agugiarofigna.com\\\/\",\"logo\":{\"@type\":\"ImageObject\",\"inLanguage\":\"de\",\"@id\":\"https:\\\/\\\/agugiarofigna.com\\\/#\\\/schema\\\/logo\\\/image\\\/\",\"url\":\"https:\\\/\\\/agugiarofigna.com\\\/wp-content\\\/uploads\\\/2024\\\/12\\\/Logo-Agugiaro-Figna.svg\",\"contentUrl\":\"https:\\\/\\\/agugiarofigna.com\\\/wp-content\\\/uploads\\\/2024\\\/12\\\/Logo-Agugiaro-Figna.svg\",\"width\":710,\"height\":125,\"caption\":\"Agugiaro&Figna\"},\"image\":{\"@id\":\"https:\\\/\\\/agugiarofigna.com\\\/#\\\/schema\\\/logo\\\/image\\\/\"},\"sameAs\":[\"https:\\\/\\\/www.facebook.com\\\/AgugiaroeFigna\",\"https:\\\/\\\/www.instagram.com\\\/moliniagugiaroefigna\\\/#\"]}]}<\/script>\n<!-- \/ Yoast SEO plugin. -->","yoast_head_json":{"title":"Pizzeria - Agugiaro&amp;Figna","robots":{"index":"index","follow":"follow","max-snippet":"max-snippet:-1","max-image-preview":"max-image-preview:large","max-video-preview":"max-video-preview:-1"},"canonical":"https:\/\/agugiarofigna.com\/de\/unsere-kunden\/pizzeria\/","og_locale":"de_DE","og_type":"article","og_title":"Pizzeria - Agugiaro&amp;Figna","og_description":"Spezifische Produkte f\u00fcr Pizzerien Qualit\u00e4t und Innovation im Dienste Ihrer Pizzeria.Unser Sortiment an Mehlen und Halbfertigprodukten ist so konzipiert, dass es jedes Mal perfekte Teige [&hellip;]","og_url":"https:\/\/agugiarofigna.com\/de\/unsere-kunden\/pizzeria\/","og_site_name":"Agugiaro&amp;Figna","article_publisher":"https:\/\/www.facebook.com\/AgugiaroeFigna","article_modified_time":"2025-02-19T16:44:12+00:00","og_image":[{"width":1920,"height":1280,"url":"https:\/\/agugiarofigna.com\/wp-content\/uploads\/2024\/12\/Settore_pizzeria.jpg","type":"image\/jpeg"}],"twitter_card":"summary_large_image","twitter_misc":{"Gesch\u00e4tzte Lesezeit":"1\u00a0Minute"},"schema":{"@context":"https:\/\/schema.org","@graph":[{"@type":"WebPage","@id":"https:\/\/agugiarofigna.com\/de\/unsere-kunden\/pizzeria\/","url":"https:\/\/agugiarofigna.com\/de\/unsere-kunden\/pizzeria\/","name":"Pizzeria - Agugiaro&amp;Figna","isPartOf":{"@id":"https:\/\/agugiarofigna.com\/#website"},"primaryImageOfPage":{"@id":"https:\/\/agugiarofigna.com\/de\/unsere-kunden\/pizzeria\/#primaryimage"},"image":{"@id":"https:\/\/agugiarofigna.com\/de\/unsere-kunden\/pizzeria\/#primaryimage"},"thumbnailUrl":"https:\/\/agugiarofigna.com\/wp-content\/uploads\/2024\/12\/Settore_pizzeria.jpg","datePublished":"2024-12-20T14:48:08+00:00","dateModified":"2025-02-19T16:44:12+00:00","breadcrumb":{"@id":"https:\/\/agugiarofigna.com\/de\/unsere-kunden\/pizzeria\/#breadcrumb"},"inLanguage":"de","potentialAction":[{"@type":"ReadAction","target":["https:\/\/agugiarofigna.com\/de\/unsere-kunden\/pizzeria\/"]}]},{"@type":"ImageObject","inLanguage":"de","@id":"https:\/\/agugiarofigna.com\/de\/unsere-kunden\/pizzeria\/#primaryimage","url":"https:\/\/agugiarofigna.com\/wp-content\/uploads\/2024\/12\/Settore_pizzeria.jpg","contentUrl":"https:\/\/agugiarofigna.com\/wp-content\/uploads\/2024\/12\/Settore_pizzeria.jpg","width":1920,"height":1280},{"@type":"BreadcrumbList","@id":"https:\/\/agugiarofigna.com\/de\/unsere-kunden\/pizzeria\/#breadcrumb","itemListElement":[{"@type":"ListItem","position":1,"name":"Home","item":"https:\/\/agugiarofigna.com\/"},{"@type":"ListItem","position":2,"name":"Unsere Kunden","item":"https:\/\/agugiarofigna.com\/de\/unsere-kunden\/"},{"@type":"ListItem","position":3,"name":"Pizzeria"}]},{"@type":"WebSite","@id":"https:\/\/agugiarofigna.com\/#website","url":"https:\/\/agugiarofigna.com\/","name":"Agugiaro&Figna","description":"","publisher":{"@id":"https:\/\/agugiarofigna.com\/#organization"},"potentialAction":[{"@type":"SearchAction","target":{"@type":"EntryPoint","urlTemplate":"https:\/\/agugiarofigna.com\/?s={search_term_string}"},"query-input":{"@type":"PropertyValueSpecification","valueRequired":true,"valueName":"search_term_string"}}],"inLanguage":"de"},{"@type":"Organization","@id":"https:\/\/agugiarofigna.com\/#organization","name":"Agugiaro&Figna","url":"https:\/\/agugiarofigna.com\/","logo":{"@type":"ImageObject","inLanguage":"de","@id":"https:\/\/agugiarofigna.com\/#\/schema\/logo\/image\/","url":"https:\/\/agugiarofigna.com\/wp-content\/uploads\/2024\/12\/Logo-Agugiaro-Figna.svg","contentUrl":"https:\/\/agugiarofigna.com\/wp-content\/uploads\/2024\/12\/Logo-Agugiaro-Figna.svg","width":710,"height":125,"caption":"Agugiaro&Figna"},"image":{"@id":"https:\/\/agugiarofigna.com\/#\/schema\/logo\/image\/"},"sameAs":["https:\/\/www.facebook.com\/AgugiaroeFigna","https:\/\/www.instagram.com\/moliniagugiaroefigna\/#"]}]}},"_links":{"self":[{"href":"https:\/\/agugiarofigna.com\/de\/wp-json\/wp\/v2\/pages\/4715","targetHints":{"allow":["GET"]}}],"collection":[{"href":"https:\/\/agugiarofigna.com\/de\/wp-json\/wp\/v2\/pages"}],"about":[{"href":"https:\/\/agugiarofigna.com\/de\/wp-json\/wp\/v2\/types\/page"}],"author":[{"embeddable":true,"href":"https:\/\/agugiarofigna.com\/de\/wp-json\/wp\/v2\/users\/1"}],"replies":[{"embeddable":true,"href":"https:\/\/agugiarofigna.com\/de\/wp-json\/wp\/v2\/comments?post=4715"}],"version-history":[{"count":4,"href":"https:\/\/agugiarofigna.com\/de\/wp-json\/wp\/v2\/pages\/4715\/revisions"}],"predecessor-version":[{"id":5910,"href":"https:\/\/agugiarofigna.com\/de\/wp-json\/wp\/v2\/pages\/4715\/revisions\/5910"}],"up":[{"embeddable":true,"href":"https:\/\/agugiarofigna.com\/de\/wp-json\/wp\/v2\/pages\/4718"}],"wp:featuredmedia":[{"embeddable":true,"href":"https:\/\/agugiarofigna.com\/de\/wp-json\/wp\/v2\/media\/3588"}],"wp:attachment":[{"href":"https:\/\/agugiarofigna.com\/de\/wp-json\/wp\/v2\/media?parent=4715"}],"curies":[{"name":"wp","href":"https:\/\/api.w.org\/{rel}","templated":true}]}}