{"id":4751,"date":"2024-12-19T12:00:24","date_gmt":"2024-12-19T11:00:24","guid":{"rendered":"https:\/\/agugiarofigna.com\/unsere-produkte\/"},"modified":"2025-02-05T10:39:40","modified_gmt":"2025-02-05T09:39:40","slug":"unsere-produkte","status":"publish","type":"page","link":"https:\/\/agugiarofigna.com\/de\/unsere-produkte\/","title":{"rendered":"Unsere Produkte"},"content":{"rendered":"\t\t<div data-elementor-type=\"wp-page\" data-elementor-id=\"4751\" class=\"elementor elementor-4751 elementor-1051\" data-elementor-post-type=\"page\">\n\t\t\t\t<div class=\"elementor-element elementor-element-8185eeb e-flex e-con-boxed e-con e-parent\" data-id=\"8185eeb\" data-element_type=\"container\" data-e-type=\"container\">\n\t\t\t\t\t<div class=\"e-con-inner\">\n\t\t\t\t<div class=\"elementor-element elementor-element-84cee84 elementor-widget elementor-widget-heading\" data-id=\"84cee84\" data-element_type=\"widget\" data-e-type=\"widget\" data-widget_type=\"heading.default\">\n\t\t\t\t\t<h2 class=\"elementor-heading-title elementor-size-default\">Unsere <span class=\"display-primary\">Produkte<\/span><\/h2>\t\t\t\t<\/div>\n\t\t<div class=\"elementor-element elementor-element-1568f25 e-con-full e-flex e-con e-child\" data-id=\"1568f25\" data-element_type=\"container\" data-e-type=\"container\">\n\t\t\t\t<div class=\"elementor-element elementor-element-6e2d7a6 elementor-widget elementor-widget-button\" data-id=\"6e2d7a6\" data-element_type=\"widget\" data-e-type=\"widget\" data-widget_type=\"button.default\">\n\t\t\t\t\t\t\t\t\t\t<a class=\"elementor-button elementor-button-link elementor-size-sm\" href=\"#farine\">\n\t\t\t\t\t\t<span class=\"elementor-button-content-wrapper\">\n\t\t\t\t\t\t\t\t\t<span class=\"elementor-button-text\">Mehle<\/span>\n\t\t\t\t\t<\/span>\n\t\t\t\t\t<\/a>\n\t\t\t\t\t\t\t\t<\/div>\n\t\t\t\t<div class=\"elementor-element elementor-element-c139a06 elementor-widget elementor-widget-button\" data-id=\"c139a06\" data-element_type=\"widget\" data-e-type=\"widget\" data-widget_type=\"button.default\">\n\t\t\t\t\t\t\t\t\t\t<a class=\"elementor-button elementor-button-link elementor-size-sm\" href=\"#miscele\">\n\t\t\t\t\t\t<span class=\"elementor-button-content-wrapper\">\n\t\t\t\t\t\t\t\t\t<span class=\"elementor-button-text\">Blends<\/span>\n\t\t\t\t\t<\/span>\n\t\t\t\t\t<\/a>\n\t\t\t\t\t\t\t\t<\/div>\n\t\t\t\t<div class=\"elementor-element elementor-element-9c7abeb elementor-widget elementor-widget-button\" data-id=\"9c7abeb\" data-element_type=\"widget\" data-e-type=\"widget\" data-widget_type=\"button.default\">\n\t\t\t\t\t\t\t\t\t\t<a class=\"elementor-button elementor-button-link elementor-size-sm\" href=\"#lieviti\">\n\t\t\t\t\t\t<span class=\"elementor-button-content-wrapper\">\n\t\t\t\t\t\t\t\t\t<span class=\"elementor-button-text\">Hefen<\/span>\n\t\t\t\t\t<\/span>\n\t\t\t\t\t<\/a>\n\t\t\t\t\t\t\t\t<\/div>\n\t\t\t\t<\/div>\n\t\t\t\t\t<\/div>\n\t\t\t\t<\/div>\n\t\t<div class=\"elementor-element elementor-element-490da5e e-flex e-con-boxed e-con e-parent\" data-id=\"490da5e\" data-element_type=\"container\" data-e-type=\"container\">\n\t\t\t\t\t<div class=\"e-con-inner\">\n\t\t<div class=\"elementor-element elementor-element-12764ca e-con-full e-flex e-con e-child\" data-id=\"12764ca\" data-element_type=\"container\" data-e-type=\"container\">\n\t\t\t\t<div class=\"elementor-element elementor-element-9aec7d0 elementor-widget elementor-widget-image\" data-id=\"9aec7d0\" data-element_type=\"widget\" data-e-type=\"widget\" data-widget_type=\"image.default\">\n\t\t\t\t\t\t\t\t\t\t\t\t\t\t\t<img fetchpriority=\"high\" decoding=\"async\" width=\"391\" height=\"459\" src=\"https:\/\/agugiarofigna.com\/wp-content\/uploads\/2024\/12\/Sacco-farine.png\" class=\"attachment-large size-large wp-image-4730\" alt=\"\" \/>\t\t\t\t\t\t\t\t\t\t\t\t\t\t\t<\/div>\n\t\t\t\t<\/div>\n\t\t<div class=\"elementor-element elementor-element-1d5d75f e-con-full e-flex e-con e-child\" data-id=\"1d5d75f\" data-element_type=\"container\" data-e-type=\"container\">\n\t\t\t\t<div class=\"elementor-element elementor-element-a79d954 elementor-widget elementor-widget-menu-anchor\" data-id=\"a79d954\" data-element_type=\"widget\" data-e-type=\"widget\" data-widget_type=\"menu-anchor.default\">\n\t\t\t\t\t\t\t<div class=\"elementor-menu-anchor\" id=\"Mehle\"><\/div>\n\t\t\t\t\t\t<\/div>\n\t\t\t\t<div class=\"elementor-element elementor-element-8ed9196 elementor-widget elementor-widget-heading\" data-id=\"8ed9196\" data-element_type=\"widget\" data-e-type=\"widget\" data-widget_type=\"heading.default\">\n\t\t\t\t\t<h2 class=\"elementor-heading-title elementor-size-default\">Mehle<\/h2>\t\t\t\t<\/div>\n\t\t\t\t<div class=\"elementor-element elementor-element-b1250dc elementor-widget elementor-widget-text-editor\" data-id=\"b1250dc\" data-element_type=\"widget\" data-e-type=\"widget\" data-widget_type=\"text-editor.default\">\n\t\t\t\t\t\t\t\t\t<p>Der Wert der Mehle von Agugiaro &amp; Figna entsteht durch die sorgf\u00e4ltige Auswahl der Rohstoffe. Die Beschaffung des Weizens basiert auf der Kenntnis der Boden- und Klimabedingungen, der Anbautechniken und der f\u00fcr jede Sorte angewandten Verfahren. <\/p>\n<p>Der Mahlprozess umfasst eine sorgf\u00e4ltige Auswahl von K\u00f6rnern aus den besten Anbaugebieten Italiens und der Welt, die nach Sorte, Proteinqualit\u00e4t und organoleptischen Eigenschaften sowie nach der G\u00fcte der Anbaujahre ausgew\u00e4hlt werden. Eine Auswahl durch ein optisches Leseger\u00e4t, das jedes einzelne Korn beim Durchlaufen der M\u00fchle analysiert, best\u00e4tigt das Material und bereitet es f\u00fcr das Mahlen vor. Das Mahlen erfolgt schonend und schrittweise mit Hilfe von Walzen, die in einem angemessenen Abstand zueinander angeordnet sind, und wird an einzelnen Weizensorten durchgef\u00fchrt, um die nat\u00fcrlichen Eigenschaften der gemahlenen Sorten zu erhalten.  <\/p>\n\t\t\t\t\t\t\t\t<\/div>\n\t\t\t\t<div class=\"elementor-element elementor-element-d2e5a12 arrow-button-container elementor-widget elementor-widget-button\" data-id=\"d2e5a12\" data-element_type=\"widget\" data-e-type=\"widget\" data-widget_type=\"button.default\">\n\t\t\t\t\t\t\t\t\t\t<a class=\"elementor-button elementor-button-link elementor-size-sm\" href=\"https:\/\/agugiarofigna.com\/de\/unsere-produkte\/mehle\/\">\n\t\t\t\t\t\t<span class=\"elementor-button-content-wrapper\">\n\t\t\t\t\t\t\t\t\t<span class=\"elementor-button-text\">Entdecken Sie Mehlmarken<\/span>\n\t\t\t\t\t<\/span>\n\t\t\t\t\t<\/a>\n\t\t\t\t\t\t\t\t<\/div>\n\t\t\t\t<\/div>\n\t\t\t\t\t<\/div>\n\t\t\t\t<\/div>\n\t\t<div class=\"elementor-element elementor-element-d90a5fc e-flex e-con-boxed e-con e-parent\" data-id=\"d90a5fc\" data-element_type=\"container\" data-e-type=\"container\">\n\t\t\t\t\t<div class=\"e-con-inner\">\n\t\t<div class=\"elementor-element elementor-element-5fd18d3 e-con-full e-flex e-con e-child\" data-id=\"5fd18d3\" data-element_type=\"container\" data-e-type=\"container\">\n\t\t\t\t<div class=\"elementor-element elementor-element-9d795fb elementor-widget elementor-widget-menu-anchor\" data-id=\"9d795fb\" data-element_type=\"widget\" data-e-type=\"widget\" data-widget_type=\"menu-anchor.default\">\n\t\t\t\t\t\t\t<div class=\"elementor-menu-anchor\" id=\"Mischungen\"><\/div>\n\t\t\t\t\t\t<\/div>\n\t\t\t\t<div class=\"elementor-element elementor-element-f534c4e elementor-widget elementor-widget-heading\" data-id=\"f534c4e\" data-element_type=\"widget\" data-e-type=\"widget\" data-widget_type=\"heading.default\">\n\t\t\t\t\t<h2 class=\"elementor-heading-title elementor-size-default\">Blends<\/h2>\t\t\t\t<\/div>\n\t\t\t\t<div class=\"elementor-element elementor-element-09d3322 elementor-widget elementor-widget-text-editor\" data-id=\"09d3322\" data-element_type=\"widget\" data-e-type=\"widget\" data-widget_type=\"text-editor.default\">\n\t\t\t\t\t\t\t\t\t<p>Die Mischungen von Agugiaro &amp; Figna sind so konzipiert, dass sie sich perfekt an die italienischen Backtechniken halten, zwischen dem Respekt vor dem traditionellen Kanon und ma\u00dfgeschneiderten Varianten. Sie basieren auf den technischen Qualit\u00e4ten der Grundmehle, die mit einigen anderen Zutaten gemischt werden, die die notwendige zus\u00e4tzliche Leistung zur Verbesserung der Prozesse und des Endertrags bieten.<br \/>Faridea erf\u00fcllt die Bed\u00fcrfnisse derjenigen, die die Herstellung ihrer Produkte im Hinblick auf Haltbarkeit, einfache Ausf\u00fchrung und Wiederholbarkeit optimieren oder ihr Angebot mit Rezepten erweitern m\u00f6chten, die auf neue Geschmacksrichtungen und Ern\u00e4hrungsstile ausgerichtet sind. <\/p>\n\t\t\t\t\t\t\t\t<\/div>\n\t\t\t\t<div class=\"elementor-element elementor-element-7b4b829 arrow-button-container elementor-widget elementor-widget-button\" data-id=\"7b4b829\" data-element_type=\"widget\" data-e-type=\"widget\" data-widget_type=\"button.default\">\n\t\t\t\t\t\t\t\t\t\t<a class=\"elementor-button elementor-button-link elementor-size-sm\" href=\"https:\/\/agugiarofigna.com\/de\/unsere-produkte\/blends\/\">\n\t\t\t\t\t\t<span class=\"elementor-button-content-wrapper\">\n\t\t\t\t\t\t\t\t\t<span class=\"elementor-button-text\">Entdecken Sie die Marken f\u00fcr Mischungen<\/span>\n\t\t\t\t\t<\/span>\n\t\t\t\t\t<\/a>\n\t\t\t\t\t\t\t\t<\/div>\n\t\t\t\t<\/div>\n\t\t<div class=\"elementor-element elementor-element-5955a0d e-con-full e-flex e-con e-child\" data-id=\"5955a0d\" data-element_type=\"container\" data-e-type=\"container\">\n\t\t\t\t<div class=\"elementor-element elementor-element-27cc807 elementor-widget elementor-widget-image\" data-id=\"27cc807\" data-element_type=\"widget\" data-e-type=\"widget\" data-widget_type=\"image.default\">\n\t\t\t\t\t\t\t\t\t\t\t\t\t\t\t<img decoding=\"async\" width=\"371\" height=\"459\" src=\"https:\/\/agugiarofigna.com\/wp-content\/uploads\/2024\/12\/Sacco-miscele.png\" class=\"attachment-large size-large wp-image-4626\" alt=\"\" \/>\t\t\t\t\t\t\t\t\t\t\t\t\t\t\t<\/div>\n\t\t\t\t<\/div>\n\t\t\t\t\t<\/div>\n\t\t\t\t<\/div>\n\t\t<div class=\"elementor-element elementor-element-b2c81ef e-flex e-con-boxed e-con e-parent\" data-id=\"b2c81ef\" data-element_type=\"container\" data-e-type=\"container\">\n\t\t\t\t\t<div class=\"e-con-inner\">\n\t\t<div class=\"elementor-element elementor-element-8c72f74 e-con-full e-flex e-con e-child\" data-id=\"8c72f74\" data-element_type=\"container\" data-e-type=\"container\">\n\t\t\t\t<div class=\"elementor-element elementor-element-58110a0 elementor-widget elementor-widget-image\" data-id=\"58110a0\" data-element_type=\"widget\" data-e-type=\"widget\" data-widget_type=\"image.default\">\n\t\t\t\t\t\t\t\t\t\t\t\t\t\t\t<img decoding=\"async\" width=\"391\" height=\"459\" src=\"https:\/\/agugiarofigna.com\/wp-content\/uploads\/2024\/12\/Sacco-lieviti.png\" class=\"attachment-large size-large wp-image-4599\" alt=\"\" \/>\t\t\t\t\t\t\t\t\t\t\t\t\t\t\t<\/div>\n\t\t\t\t<\/div>\n\t\t<div class=\"elementor-element elementor-element-392dbaa e-con-full e-flex e-con e-child\" data-id=\"392dbaa\" data-element_type=\"container\" data-e-type=\"container\">\n\t\t\t\t<div class=\"elementor-element elementor-element-62659dd elementor-widget elementor-widget-menu-anchor\" data-id=\"62659dd\" data-element_type=\"widget\" data-e-type=\"widget\" data-widget_type=\"menu-anchor.default\">\n\t\t\t\t\t\t\t<div class=\"elementor-menu-anchor\" id=\"Hefen\"><\/div>\n\t\t\t\t\t\t<\/div>\n\t\t\t\t<div class=\"elementor-element elementor-element-ee3f008 elementor-widget elementor-widget-heading\" data-id=\"ee3f008\" data-element_type=\"widget\" data-e-type=\"widget\" data-widget_type=\"heading.default\">\n\t\t\t\t\t<h2 class=\"elementor-heading-title elementor-size-default\">Hefen<\/h2>\t\t\t\t<\/div>\n\t\t\t\t<div class=\"elementor-element elementor-element-2b9a470 elementor-widget elementor-widget-text-editor\" data-id=\"2b9a470\" data-element_type=\"widget\" data-e-type=\"widget\" data-widget_type=\"text-editor.default\">\n\t\t\t\t\t\t\t\t\t<p>Sauerteig erm\u00f6glicht sowohl beim Backen als auch bei der Herstellung von Pizzen eine nat\u00fcrliche G\u00e4rung, die zu bek\u00f6mmlicheren Teigen und kr\u00e4ftigeren Aromen f\u00fchrt.<br \/>Die &#8218;Mutterhefe&#8216; wird als Ausgangspunkt f\u00fcr die Herstellung von Hefen mit spezifischen Eigenschaften je nach Verwendungszweck verwendet.<br \/>F\u00fcr die Entwicklung der Hefelinie arbeitete die Agugiaro&amp;Figna Gruppe auch mit der Fakult\u00e4t f\u00fcr Biologie und Genetik der Universit\u00e4t Parma zusammen, mit der sie gut vier Jahre lang verschiedene Studien und Forschungen durchf\u00fchrte. Die A&amp;F Gruppe r\u00fchmt sich, die erste italienische M\u00fchle zu sein, die den echten, getrockneten Sauerteigstarter f\u00fcr Pizza erfunden hat. <\/p>\n\t\t\t\t\t\t\t\t<\/div>\n\t\t\t\t<div class=\"elementor-element elementor-element-8612e32 arrow-button-container elementor-widget elementor-widget-button\" data-id=\"8612e32\" data-element_type=\"widget\" data-e-type=\"widget\" data-widget_type=\"button.default\">\n\t\t\t\t\t\t\t\t\t\t<a class=\"elementor-button elementor-button-link elementor-size-sm\" href=\"https:\/\/agugiarofigna.com\/de\/unsere-produkte\/hefen\/\">\n\t\t\t\t\t\t<span class=\"elementor-button-content-wrapper\">\n\t\t\t\t\t\t\t\t\t<span class=\"elementor-button-text\">Entdecken Sie Hefemarken<\/span>\n\t\t\t\t\t<\/span>\n\t\t\t\t\t<\/a>\n\t\t\t\t\t\t\t\t<\/div>\n\t\t\t\t<\/div>\n\t\t\t\t\t<\/div>\n\t\t\t\t<\/div>\n\t\t\t\t<\/div>\n\t\t","protected":false},"excerpt":{"rendered":"<p>Unsere Produkte Mehle Blends Hefen Mehle Der Wert der Mehle von Agugiaro &amp; Figna entsteht durch die sorgf\u00e4ltige Auswahl der Rohstoffe. Die Beschaffung des Weizens [&hellip;]<\/p>\n","protected":false},"author":1,"featured_media":0,"parent":0,"menu_order":0,"comment_status":"closed","ping_status":"closed","template":"","meta":{"_acf_changed":false,"footnotes":""},"class_list":["post-4751","page","type-page","status-publish","hentry"],"acf":[],"yoast_head":"<!-- This site is optimized with the Yoast SEO plugin v27.5 - https:\/\/yoast.com\/product\/yoast-seo-wordpress\/ -->\n<title>Unsere Produkte - Agugiaro&amp;Figna<\/title>\n<meta name=\"robots\" content=\"index, follow, max-snippet:-1, max-image-preview:large, max-video-preview:-1\" \/>\n<link rel=\"canonical\" href=\"https:\/\/agugiarofigna.com\/de\/unsere-produkte\/\" \/>\n<meta property=\"og:locale\" content=\"de_DE\" \/>\n<meta property=\"og:type\" content=\"article\" \/>\n<meta property=\"og:title\" content=\"Unsere Produkte - Agugiaro&amp;Figna\" \/>\n<meta property=\"og:description\" content=\"Unsere Produkte Mehle Blends Hefen Mehle Der Wert der Mehle von Agugiaro &amp; Figna entsteht durch die sorgf\u00e4ltige Auswahl der Rohstoffe. Die Beschaffung des Weizens [&hellip;]\" \/>\n<meta property=\"og:url\" content=\"https:\/\/agugiarofigna.com\/de\/unsere-produkte\/\" \/>\n<meta property=\"og:site_name\" content=\"Agugiaro&amp;Figna\" \/>\n<meta property=\"article:publisher\" content=\"https:\/\/www.facebook.com\/AgugiaroeFigna\" \/>\n<meta property=\"article:modified_time\" content=\"2025-02-05T09:39:40+00:00\" \/>\n<meta property=\"og:image\" content=\"https:\/\/agugiarofigna.com\/wp-content\/uploads\/2024\/12\/Sacco-farine.png\" \/>\n\t<meta property=\"og:image:width\" content=\"391\" \/>\n\t<meta property=\"og:image:height\" content=\"459\" \/>\n\t<meta property=\"og:image:type\" content=\"image\/png\" \/>\n<meta name=\"twitter:card\" content=\"summary_large_image\" \/>\n<script type=\"application\/ld+json\" class=\"yoast-schema-graph\">{\"@context\":\"https:\\\/\\\/schema.org\",\"@graph\":[{\"@type\":\"WebPage\",\"@id\":\"https:\\\/\\\/agugiarofigna.com\\\/de\\\/unsere-produkte\\\/\",\"url\":\"https:\\\/\\\/agugiarofigna.com\\\/de\\\/unsere-produkte\\\/\",\"name\":\"Unsere Produkte - Agugiaro&amp;Figna\",\"isPartOf\":{\"@id\":\"https:\\\/\\\/agugiarofigna.com\\\/#website\"},\"primaryImageOfPage\":{\"@id\":\"https:\\\/\\\/agugiarofigna.com\\\/de\\\/unsere-produkte\\\/#primaryimage\"},\"image\":{\"@id\":\"https:\\\/\\\/agugiarofigna.com\\\/de\\\/unsere-produkte\\\/#primaryimage\"},\"thumbnailUrl\":\"https:\\\/\\\/agugiarofigna.com\\\/wp-content\\\/uploads\\\/2024\\\/12\\\/Sacco-farine.png\",\"datePublished\":\"2024-12-19T11:00:24+00:00\",\"dateModified\":\"2025-02-05T09:39:40+00:00\",\"breadcrumb\":{\"@id\":\"https:\\\/\\\/agugiarofigna.com\\\/de\\\/unsere-produkte\\\/#breadcrumb\"},\"inLanguage\":\"de\",\"potentialAction\":[{\"@type\":\"ReadAction\",\"target\":[\"https:\\\/\\\/agugiarofigna.com\\\/de\\\/unsere-produkte\\\/\"]}]},{\"@type\":\"ImageObject\",\"inLanguage\":\"de\",\"@id\":\"https:\\\/\\\/agugiarofigna.com\\\/de\\\/unsere-produkte\\\/#primaryimage\",\"url\":\"https:\\\/\\\/agugiarofigna.com\\\/wp-content\\\/uploads\\\/2024\\\/12\\\/Sacco-farine.png\",\"contentUrl\":\"https:\\\/\\\/agugiarofigna.com\\\/wp-content\\\/uploads\\\/2024\\\/12\\\/Sacco-farine.png\"},{\"@type\":\"BreadcrumbList\",\"@id\":\"https:\\\/\\\/agugiarofigna.com\\\/de\\\/unsere-produkte\\\/#breadcrumb\",\"itemListElement\":[{\"@type\":\"ListItem\",\"position\":1,\"name\":\"Home\",\"item\":\"https:\\\/\\\/agugiarofigna.com\\\/\"},{\"@type\":\"ListItem\",\"position\":2,\"name\":\"Unsere Produkte\"}]},{\"@type\":\"WebSite\",\"@id\":\"https:\\\/\\\/agugiarofigna.com\\\/#website\",\"url\":\"https:\\\/\\\/agugiarofigna.com\\\/\",\"name\":\"Agugiaro&Figna\",\"description\":\"\",\"publisher\":{\"@id\":\"https:\\\/\\\/agugiarofigna.com\\\/#organization\"},\"potentialAction\":[{\"@type\":\"SearchAction\",\"target\":{\"@type\":\"EntryPoint\",\"urlTemplate\":\"https:\\\/\\\/agugiarofigna.com\\\/?s={search_term_string}\"},\"query-input\":{\"@type\":\"PropertyValueSpecification\",\"valueRequired\":true,\"valueName\":\"search_term_string\"}}],\"inLanguage\":\"de\"},{\"@type\":\"Organization\",\"@id\":\"https:\\\/\\\/agugiarofigna.com\\\/#organization\",\"name\":\"Agugiaro&Figna\",\"url\":\"https:\\\/\\\/agugiarofigna.com\\\/\",\"logo\":{\"@type\":\"ImageObject\",\"inLanguage\":\"de\",\"@id\":\"https:\\\/\\\/agugiarofigna.com\\\/#\\\/schema\\\/logo\\\/image\\\/\",\"url\":\"https:\\\/\\\/agugiarofigna.com\\\/wp-content\\\/uploads\\\/2024\\\/12\\\/Logo-Agugiaro-Figna.svg\",\"contentUrl\":\"https:\\\/\\\/agugiarofigna.com\\\/wp-content\\\/uploads\\\/2024\\\/12\\\/Logo-Agugiaro-Figna.svg\",\"width\":710,\"height\":125,\"caption\":\"Agugiaro&Figna\"},\"image\":{\"@id\":\"https:\\\/\\\/agugiarofigna.com\\\/#\\\/schema\\\/logo\\\/image\\\/\"},\"sameAs\":[\"https:\\\/\\\/www.facebook.com\\\/AgugiaroeFigna\",\"https:\\\/\\\/www.instagram.com\\\/moliniagugiaroefigna\\\/#\"]}]}<\/script>\n<!-- \/ Yoast SEO plugin. -->","yoast_head_json":{"title":"Unsere Produkte - Agugiaro&amp;Figna","robots":{"index":"index","follow":"follow","max-snippet":"max-snippet:-1","max-image-preview":"max-image-preview:large","max-video-preview":"max-video-preview:-1"},"canonical":"https:\/\/agugiarofigna.com\/de\/unsere-produkte\/","og_locale":"de_DE","og_type":"article","og_title":"Unsere Produkte - Agugiaro&amp;Figna","og_description":"Unsere Produkte Mehle Blends Hefen Mehle Der Wert der Mehle von Agugiaro &amp; Figna entsteht durch die sorgf\u00e4ltige Auswahl der Rohstoffe. Die Beschaffung des Weizens [&hellip;]","og_url":"https:\/\/agugiarofigna.com\/de\/unsere-produkte\/","og_site_name":"Agugiaro&amp;Figna","article_publisher":"https:\/\/www.facebook.com\/AgugiaroeFigna","article_modified_time":"2025-02-05T09:39:40+00:00","og_image":[{"width":391,"height":459,"url":"https:\/\/agugiarofigna.com\/wp-content\/uploads\/2024\/12\/Sacco-farine.png","type":"image\/png"}],"twitter_card":"summary_large_image","schema":{"@context":"https:\/\/schema.org","@graph":[{"@type":"WebPage","@id":"https:\/\/agugiarofigna.com\/de\/unsere-produkte\/","url":"https:\/\/agugiarofigna.com\/de\/unsere-produkte\/","name":"Unsere Produkte - Agugiaro&amp;Figna","isPartOf":{"@id":"https:\/\/agugiarofigna.com\/#website"},"primaryImageOfPage":{"@id":"https:\/\/agugiarofigna.com\/de\/unsere-produkte\/#primaryimage"},"image":{"@id":"https:\/\/agugiarofigna.com\/de\/unsere-produkte\/#primaryimage"},"thumbnailUrl":"https:\/\/agugiarofigna.com\/wp-content\/uploads\/2024\/12\/Sacco-farine.png","datePublished":"2024-12-19T11:00:24+00:00","dateModified":"2025-02-05T09:39:40+00:00","breadcrumb":{"@id":"https:\/\/agugiarofigna.com\/de\/unsere-produkte\/#breadcrumb"},"inLanguage":"de","potentialAction":[{"@type":"ReadAction","target":["https:\/\/agugiarofigna.com\/de\/unsere-produkte\/"]}]},{"@type":"ImageObject","inLanguage":"de","@id":"https:\/\/agugiarofigna.com\/de\/unsere-produkte\/#primaryimage","url":"https:\/\/agugiarofigna.com\/wp-content\/uploads\/2024\/12\/Sacco-farine.png","contentUrl":"https:\/\/agugiarofigna.com\/wp-content\/uploads\/2024\/12\/Sacco-farine.png"},{"@type":"BreadcrumbList","@id":"https:\/\/agugiarofigna.com\/de\/unsere-produkte\/#breadcrumb","itemListElement":[{"@type":"ListItem","position":1,"name":"Home","item":"https:\/\/agugiarofigna.com\/"},{"@type":"ListItem","position":2,"name":"Unsere Produkte"}]},{"@type":"WebSite","@id":"https:\/\/agugiarofigna.com\/#website","url":"https:\/\/agugiarofigna.com\/","name":"Agugiaro&Figna","description":"","publisher":{"@id":"https:\/\/agugiarofigna.com\/#organization"},"potentialAction":[{"@type":"SearchAction","target":{"@type":"EntryPoint","urlTemplate":"https:\/\/agugiarofigna.com\/?s={search_term_string}"},"query-input":{"@type":"PropertyValueSpecification","valueRequired":true,"valueName":"search_term_string"}}],"inLanguage":"de"},{"@type":"Organization","@id":"https:\/\/agugiarofigna.com\/#organization","name":"Agugiaro&Figna","url":"https:\/\/agugiarofigna.com\/","logo":{"@type":"ImageObject","inLanguage":"de","@id":"https:\/\/agugiarofigna.com\/#\/schema\/logo\/image\/","url":"https:\/\/agugiarofigna.com\/wp-content\/uploads\/2024\/12\/Logo-Agugiaro-Figna.svg","contentUrl":"https:\/\/agugiarofigna.com\/wp-content\/uploads\/2024\/12\/Logo-Agugiaro-Figna.svg","width":710,"height":125,"caption":"Agugiaro&Figna"},"image":{"@id":"https:\/\/agugiarofigna.com\/#\/schema\/logo\/image\/"},"sameAs":["https:\/\/www.facebook.com\/AgugiaroeFigna","https:\/\/www.instagram.com\/moliniagugiaroefigna\/#"]}]}},"_links":{"self":[{"href":"https:\/\/agugiarofigna.com\/de\/wp-json\/wp\/v2\/pages\/4751","targetHints":{"allow":["GET"]}}],"collection":[{"href":"https:\/\/agugiarofigna.com\/de\/wp-json\/wp\/v2\/pages"}],"about":[{"href":"https:\/\/agugiarofigna.com\/de\/wp-json\/wp\/v2\/types\/page"}],"author":[{"embeddable":true,"href":"https:\/\/agugiarofigna.com\/de\/wp-json\/wp\/v2\/users\/1"}],"replies":[{"embeddable":true,"href":"https:\/\/agugiarofigna.com\/de\/wp-json\/wp\/v2\/comments?post=4751"}],"version-history":[{"count":7,"href":"https:\/\/agugiarofigna.com\/de\/wp-json\/wp\/v2\/pages\/4751\/revisions"}],"predecessor-version":[{"id":5347,"href":"https:\/\/agugiarofigna.com\/de\/wp-json\/wp\/v2\/pages\/4751\/revisions\/5347"}],"wp:attachment":[{"href":"https:\/\/agugiarofigna.com\/de\/wp-json\/wp\/v2\/media?parent=4751"}],"curies":[{"name":"wp","href":"https:\/\/api.w.org\/{rel}","templated":true}]}}