{"id":4580,"date":"2025-01-10T16:25:35","date_gmt":"2025-01-10T15:25:35","guid":{"rendered":"https:\/\/agugiarofigna.com\/denuncia-de-irregularidades\/"},"modified":"2025-10-16T09:58:14","modified_gmt":"2025-10-16T07:58:14","slug":"denuncia-de-irregularidades","status":"publish","type":"page","link":"https:\/\/agugiarofigna.com\/es\/denuncia-de-irregularidades\/","title":{"rendered":"Denuncia de irregularidades"},"content":{"rendered":"\t\t<div data-elementor-type=\"wp-page\" data-elementor-id=\"4580\" class=\"elementor elementor-4580 elementor-2587\" data-elementor-post-type=\"page\">\n\t\t\t\t<div class=\"elementor-element elementor-element-f79b931 e-flex e-con-boxed e-con e-parent\" data-id=\"f79b931\" data-element_type=\"container\" data-e-type=\"container\" data-settings=\"{&quot;background_background&quot;:&quot;classic&quot;}\">\n\t\t\t\t\t<div class=\"e-con-inner\">\n\t\t\t\t<div class=\"elementor-element elementor-element-55eca03c elementor-widget elementor-widget-heading\" data-id=\"55eca03c\" data-element_type=\"widget\" data-e-type=\"widget\" data-widget_type=\"heading.default\">\n\t\t\t\t\t<h1 class=\"elementor-heading-title elementor-size-default\">Denuncia de irregularidades<\/h1>\t\t\t\t<\/div>\n\t\t\t\t\t<\/div>\n\t\t\t\t<\/div>\n\t\t<div class=\"elementor-element elementor-element-af5024b e-flex e-con-boxed e-con e-parent\" data-id=\"af5024b\" data-element_type=\"container\" data-e-type=\"container\" data-settings=\"{&quot;background_background&quot;:&quot;classic&quot;}\">\n\t\t\t\t\t<div class=\"e-con-inner\">\n\t\t\t\t<div class=\"elementor-element elementor-element-6e5b828 elementor-widget elementor-widget-text-editor\" data-id=\"6e5b828\" data-element_type=\"widget\" data-e-type=\"widget\" data-widget_type=\"text-editor.default\">\n\t\t\t\t\t\t\t\t\t<article class=\"bg-w\"><div class=\"container\"><div class=\"row\"><div class=\"col-xs-12\"><div class=\"text-left\"><p>Agugiaro &amp; Figna Molini S.p.A. ha adoptado un Modelo de Organizaci\u00f3n, Gesti\u00f3n y Control conforme al Decreto Legislativo 231\/2001 y ha obtenido la certificaci\u00f3n SA8000:2014. <\/p><p>La Empresa ha adoptado procedimientos internos de conformidad con las disposiciones legales aplicables en materia de la denominada <strong>Denuncia de Irregularidades<\/strong> (con especial referencia al Decreto Legislativo n\u00ba 24\/2023, conocido como<strong>\u00abReglamento de Denuncias<\/strong>\u00ab), as\u00ed como la normativa de certificaci\u00f3n <strong>SA8000:2014<\/strong> y, en cualquier caso, con vistas a difundir la cultura de la \u00e9tica y la legalidad en el seno de la organizaci\u00f3n empresarial.  <\/p><p>Las denuncias que entren dentro del \u00e1mbito <strong>objetivo<\/strong> y <strong>subjetivo<\/strong> de aplicaci\u00f3n de las \u00abNormas de denuncia de irregularidades\u00bb, as\u00ed como de las normas de certificaci\u00f3n <strong>SA8000:2014<\/strong>, podr\u00e1n transmitirse a la Empresa a trav\u00e9s de canales espec\u00edficos.<\/p><p>En particular, los incumplimientos, de los que el sujeto obligado haya tenido conocimiento en el <strong>marco de su trabajo<\/strong>, consistentes en conductas, actos u omisiones <strong>perjudiciales para la integridad de la Sociedad o el inter\u00e9s p\u00fablico<\/strong> y consistentes en<\/p><ul><li><u>Infracciones de la normativa nacional y europea:<\/u><ul><li>conducta il\u00edcita relevante seg\u00fan el Decreto Legislativo 231\/2001; <\/li><li>violaci\u00f3n del Modelo de Organizaci\u00f3n y Gesti\u00f3n conforme al Decreto Legislativo 231\/2001 de la Empresa; <\/li><li>delitos cometidos en violaci\u00f3n del derecho de la Uni\u00f3n Europea y de las disposiciones nacionales que lo aplican.<\/li><\/ul><\/li><li><u>Infracciones relacionadas con la certificaci\u00f3n SA8000:2014:<\/u><ul><li>principios y aspectos de la legislaci\u00f3n laboral y la gesti\u00f3n de personal, tambi\u00e9n con referencia a la cadena de suministro;<\/li><li>requisitos y principios establecidos por la norma SA8000;<\/li><li>aplicaci\u00f3n y eficacia del Sistema de Gesti\u00f3n SA 8000 con respecto a las cuestiones \u00e9ticas.<\/li><\/ul><\/li><\/ul><p>De acuerdo con la normativa citada, se prev\u00e9n <strong>garant\u00edas y protecciones<\/strong> espec\u00edficas, en determinadas condiciones, a <strong>favor del sujeto obligado<\/strong>, en algunos casos extensibles tambi\u00e9n a otras personas expresamente identificadas.<\/p><p>Se conf\u00eda la gesti\u00f3n de las alertas:<\/p><ul><li>con referencia a las infracciones del Decreto Legislativo 231\/2001 y de las disposiciones del Modelo de Organizaci\u00f3n, Gesti\u00f3n y Control de la Empresa, as\u00ed como a las infracciones del Derecho de la Uni\u00f3n Europea y de la legislaci\u00f3n nacional de transposici\u00f3n al <strong>\n  <u>Jefe de Recursos Humanos y al Jefe de la Funci\u00f3n de Garant\u00eda de Calidad<\/u>\n<\/strong> en su calidad de Responsables de Informaci\u00f3n. <\/li><li>con referencia a las violaciones de la certificaci\u00f3n SA8000:2014 al <strong>\n  <u>Responsable de \u00c9tica y a los Representantes de los Trabajadores.<\/u>\n<\/strong><\/li><\/ul><p> <\/p><p>La empresa ha puesto a disposici\u00f3n los siguientes <strong>canales internos de informaci\u00f3n<\/strong>:<\/p><ul><li>Plataforma inform\u00e1tica dedicada &#8211; A elegir, accesible a trav\u00e9s del enlace <a href=\"https:\/\/agugiarofigna.pawhistleblowing.it\/#\/\" target=\"_blank\" rel=\"noopener\">agugiarofigna.pawhistleblowing.it<\/a><\/li><li>La plataforma tambi\u00e9n permite, en la secci\u00f3n \u00abarchivos adjuntos\u00bb, subir mensajes a trav\u00e9s de un sistema <strong>de mensajer\u00eda de voz<\/strong>.<\/li><\/ul><p> <\/p><p>Adem\u00e1s, en funci\u00f3n del tema del informe, el sujeto obligado puede utilizar:<\/p><ul><li><strong>por infracciones del Decreto Legislativo 231\/2001 y de las disposiciones del Modelo de Organizaci\u00f3n, Gesti\u00f3n y Control de Agugiaro &amp; Figna, as\u00ed como por infracciones del Derecho de la Uni\u00f3n Europea y de la legislaci\u00f3n nacional de transposici\u00f3n: <\/strong><ul><li>Correo ordinario: a la atenci\u00f3n de Organismo di Vigilanza D.Lgs. 231\/2001 c\/o Agugiaro &amp; Figna Molini Spa &#8211; Strada dei Notari n. 25\/27 &#8211; 43044 Collecchio (PR) &#8211; utilizando el formulario<a href=\"https:\/\/agugiarofigna.com\/wp-content\/uploads\/2025\/01\/AgugiaroFigna_Segnalazione-Whistleblowing-OdV.pdf\" target=\"_blank\" rel=\"noopener\">\u00abSegnalazione Whistleblowing OdV<\/a>\u00bb y marcando el sobre \u00abRISERVATO\u00bb.  <\/li><\/ul><\/li><li><strong>por infracciones relacionadas con la certificaci\u00f3n SA8000:2014 y cualquier nueva versi\u00f3n posterior:<\/strong><ul><li>Direcci\u00f3n de correo electr\u00f3nico: <a href=\"mailto:sa8000@agugiarofigna.com\">sa8000@agugiarofigna.com;<\/a><\/li><li>Correo ordinario: Social Performance Team SA8000 c\/o Agugiaro &amp; Figna Molini Spa &#8211; Strada dei Notari n. 25\/27 &#8211; 43044 Collecchio (PR) &#8211; utilizando el formulario<a href=\"https:\/\/agugiarofigna.com\/wp-content\/uploads\/2025\/08\/M-01.I01-P4-SEGNALAZIONE-SA8000-Rev-6-del-19-08-2025.pdf\" target=\"_blank\" rel=\"noopener\">\u00abSegnalazione Whistleblowing SPT<\/a>\u00bb y marcando el sobre \u00abRISERVATO\u00bb; <\/li><li>N\u00famero de fax: + 39 0521 301777.<\/li><\/ul><\/li><\/ul><p> <\/p><p>A trav\u00e9s de uno de los canales internos antes mencionados, todav\u00eda es posible solicitar una reuni\u00f3n presencial para hacer un informe verbal.<\/p><p>Para m\u00e1s detalles e informaci\u00f3n sobre las personas que pueden presentar Denuncias, las infracciones y\/o delitos que se pueden denunciar, los canales internos de comunicaci\u00f3n, los procedimientos para tramitar las Denuncias y las garant\u00edas y protecciones ofrecidas, consulta el \u00abProcedimiento de Denuncia\u00bb.<\/p><\/div><\/div><\/div><\/div><\/article><article class=\"bg-w\"><div class=\"container\"><div class=\"row\"><div class=\"col-xs-12\"><p><strong>Ten en cuenta que la denuncia de irregularidades no es el canal adecuado para informar de cuestiones de naturaleza comercial.<\/strong><\/p><hr><\/div><\/div><\/div><\/article><article class=\"bg-w\"><div class=\"container\"><div class=\"row\"><div class=\"col-xs-12 text-left\"><br>Agugiaro &amp; Figna Molini Spa garantiza la confidencialidad de los datos personales del denunciante, tambi\u00e9n para proteger a este \u00faltimo de posibles represalias, como prev\u00e9 la legislaci\u00f3n pertinente. La informaci\u00f3n recogida se procesa para garantizar la protecci\u00f3n de la privacidad del denunciante<a href=\"https:\/\/agugiarofigna.com\/wp-content\/uploads\/2025\/10\/Informativa-whistleblowing.pdf\" data-toggle=\"modal\" data-target=\"#myModal\">(pol\u00edtica de privacidad<\/a>).<\/div><\/div><\/div><\/article>\t\t\t\t\t\t\t\t<\/div>\n\t\t\t\t\t<\/div>\n\t\t\t\t<\/div>\n\t\t\t\t<\/div>\n\t\t","protected":false},"excerpt":{"rendered":"<p>Denuncia de irregularidades Agugiaro &amp; Figna Molini S.p.A. ha adoptado un Modelo de Organizaci\u00f3n, Gesti\u00f3n y Control conforme al Decreto Legislativo 231\/2001 y ha obtenido [&hellip;]<\/p>\n","protected":false},"author":1,"featured_media":0,"parent":0,"menu_order":0,"comment_status":"closed","ping_status":"closed","template":"","meta":{"_acf_changed":false,"footnotes":""},"class_list":["post-4580","page","type-page","status-publish","hentry"],"acf":[],"yoast_head":"<!-- This site is optimized with the Yoast SEO plugin v27.4 - https:\/\/yoast.com\/product\/yoast-seo-wordpress\/ -->\n<title>Denuncia de irregularidades - Agugiaro&amp;Figna<\/title>\n<meta name=\"robots\" content=\"index, follow, max-snippet:-1, max-image-preview:large, max-video-preview:-1\" \/>\n<link rel=\"canonical\" href=\"https:\/\/agugiarofigna.com\/es\/denuncia-de-irregularidades\/\" \/>\n<meta property=\"og:locale\" content=\"es_ES\" \/>\n<meta property=\"og:type\" content=\"article\" \/>\n<meta property=\"og:title\" content=\"Denuncia de irregularidades - Agugiaro&amp;Figna\" \/>\n<meta property=\"og:description\" content=\"Denuncia de irregularidades Agugiaro &amp; Figna Molini S.p.A. ha adoptado un Modelo de Organizaci\u00f3n, Gesti\u00f3n y Control conforme al Decreto Legislativo 231\/2001 y ha obtenido [&hellip;]\" \/>\n<meta property=\"og:url\" content=\"https:\/\/agugiarofigna.com\/es\/denuncia-de-irregularidades\/\" \/>\n<meta property=\"og:site_name\" content=\"Agugiaro&amp;Figna\" \/>\n<meta property=\"article:publisher\" content=\"https:\/\/www.facebook.com\/AgugiaroeFigna\" \/>\n<meta property=\"article:modified_time\" content=\"2025-10-16T07:58:14+00:00\" \/>\n<meta name=\"twitter:card\" content=\"summary_large_image\" \/>\n<meta name=\"twitter:label1\" content=\"Tiempo de lectura\" \/>\n\t<meta name=\"twitter:data1\" content=\"4 minutos\" \/>\n<script type=\"application\/ld+json\" class=\"yoast-schema-graph\">{\"@context\":\"https:\\\/\\\/schema.org\",\"@graph\":[{\"@type\":\"WebPage\",\"@id\":\"https:\\\/\\\/agugiarofigna.com\\\/es\\\/denuncia-de-irregularidades\\\/\",\"url\":\"https:\\\/\\\/agugiarofigna.com\\\/es\\\/denuncia-de-irregularidades\\\/\",\"name\":\"Denuncia de irregularidades - Agugiaro&amp;Figna\",\"isPartOf\":{\"@id\":\"https:\\\/\\\/agugiarofigna.com\\\/#website\"},\"datePublished\":\"2025-01-10T15:25:35+00:00\",\"dateModified\":\"2025-10-16T07:58:14+00:00\",\"breadcrumb\":{\"@id\":\"https:\\\/\\\/agugiarofigna.com\\\/es\\\/denuncia-de-irregularidades\\\/#breadcrumb\"},\"inLanguage\":\"es\",\"potentialAction\":[{\"@type\":\"ReadAction\",\"target\":[\"https:\\\/\\\/agugiarofigna.com\\\/es\\\/denuncia-de-irregularidades\\\/\"]}]},{\"@type\":\"BreadcrumbList\",\"@id\":\"https:\\\/\\\/agugiarofigna.com\\\/es\\\/denuncia-de-irregularidades\\\/#breadcrumb\",\"itemListElement\":[{\"@type\":\"ListItem\",\"position\":1,\"name\":\"Home\",\"item\":\"https:\\\/\\\/agugiarofigna.com\\\/\"},{\"@type\":\"ListItem\",\"position\":2,\"name\":\"Denuncia de irregularidades\"}]},{\"@type\":\"WebSite\",\"@id\":\"https:\\\/\\\/agugiarofigna.com\\\/#website\",\"url\":\"https:\\\/\\\/agugiarofigna.com\\\/\",\"name\":\"Agugiaro&Figna\",\"description\":\"\",\"publisher\":{\"@id\":\"https:\\\/\\\/agugiarofigna.com\\\/#organization\"},\"potentialAction\":[{\"@type\":\"SearchAction\",\"target\":{\"@type\":\"EntryPoint\",\"urlTemplate\":\"https:\\\/\\\/agugiarofigna.com\\\/?s={search_term_string}\"},\"query-input\":{\"@type\":\"PropertyValueSpecification\",\"valueRequired\":true,\"valueName\":\"search_term_string\"}}],\"inLanguage\":\"es\"},{\"@type\":\"Organization\",\"@id\":\"https:\\\/\\\/agugiarofigna.com\\\/#organization\",\"name\":\"Agugiaro&Figna\",\"url\":\"https:\\\/\\\/agugiarofigna.com\\\/\",\"logo\":{\"@type\":\"ImageObject\",\"inLanguage\":\"es\",\"@id\":\"https:\\\/\\\/agugiarofigna.com\\\/#\\\/schema\\\/logo\\\/image\\\/\",\"url\":\"https:\\\/\\\/agugiarofigna.com\\\/wp-content\\\/uploads\\\/2024\\\/12\\\/Logo-Agugiaro-Figna.svg\",\"contentUrl\":\"https:\\\/\\\/agugiarofigna.com\\\/wp-content\\\/uploads\\\/2024\\\/12\\\/Logo-Agugiaro-Figna.svg\",\"width\":710,\"height\":125,\"caption\":\"Agugiaro&Figna\"},\"image\":{\"@id\":\"https:\\\/\\\/agugiarofigna.com\\\/#\\\/schema\\\/logo\\\/image\\\/\"},\"sameAs\":[\"https:\\\/\\\/www.facebook.com\\\/AgugiaroeFigna\",\"https:\\\/\\\/www.instagram.com\\\/moliniagugiaroefigna\\\/#\"]}]}<\/script>\n<!-- \/ Yoast SEO plugin. -->","yoast_head_json":{"title":"Denuncia de irregularidades - Agugiaro&amp;Figna","robots":{"index":"index","follow":"follow","max-snippet":"max-snippet:-1","max-image-preview":"max-image-preview:large","max-video-preview":"max-video-preview:-1"},"canonical":"https:\/\/agugiarofigna.com\/es\/denuncia-de-irregularidades\/","og_locale":"es_ES","og_type":"article","og_title":"Denuncia de irregularidades - Agugiaro&amp;Figna","og_description":"Denuncia de irregularidades Agugiaro &amp; Figna Molini S.p.A. ha adoptado un Modelo de Organizaci\u00f3n, Gesti\u00f3n y Control conforme al Decreto Legislativo 231\/2001 y ha obtenido [&hellip;]","og_url":"https:\/\/agugiarofigna.com\/es\/denuncia-de-irregularidades\/","og_site_name":"Agugiaro&amp;Figna","article_publisher":"https:\/\/www.facebook.com\/AgugiaroeFigna","article_modified_time":"2025-10-16T07:58:14+00:00","twitter_card":"summary_large_image","twitter_misc":{"Tiempo de lectura":"4 minutos"},"schema":{"@context":"https:\/\/schema.org","@graph":[{"@type":"WebPage","@id":"https:\/\/agugiarofigna.com\/es\/denuncia-de-irregularidades\/","url":"https:\/\/agugiarofigna.com\/es\/denuncia-de-irregularidades\/","name":"Denuncia de irregularidades - Agugiaro&amp;Figna","isPartOf":{"@id":"https:\/\/agugiarofigna.com\/#website"},"datePublished":"2025-01-10T15:25:35+00:00","dateModified":"2025-10-16T07:58:14+00:00","breadcrumb":{"@id":"https:\/\/agugiarofigna.com\/es\/denuncia-de-irregularidades\/#breadcrumb"},"inLanguage":"es","potentialAction":[{"@type":"ReadAction","target":["https:\/\/agugiarofigna.com\/es\/denuncia-de-irregularidades\/"]}]},{"@type":"BreadcrumbList","@id":"https:\/\/agugiarofigna.com\/es\/denuncia-de-irregularidades\/#breadcrumb","itemListElement":[{"@type":"ListItem","position":1,"name":"Home","item":"https:\/\/agugiarofigna.com\/"},{"@type":"ListItem","position":2,"name":"Denuncia de irregularidades"}]},{"@type":"WebSite","@id":"https:\/\/agugiarofigna.com\/#website","url":"https:\/\/agugiarofigna.com\/","name":"Agugiaro&Figna","description":"","publisher":{"@id":"https:\/\/agugiarofigna.com\/#organization"},"potentialAction":[{"@type":"SearchAction","target":{"@type":"EntryPoint","urlTemplate":"https:\/\/agugiarofigna.com\/?s={search_term_string}"},"query-input":{"@type":"PropertyValueSpecification","valueRequired":true,"valueName":"search_term_string"}}],"inLanguage":"es"},{"@type":"Organization","@id":"https:\/\/agugiarofigna.com\/#organization","name":"Agugiaro&Figna","url":"https:\/\/agugiarofigna.com\/","logo":{"@type":"ImageObject","inLanguage":"es","@id":"https:\/\/agugiarofigna.com\/#\/schema\/logo\/image\/","url":"https:\/\/agugiarofigna.com\/wp-content\/uploads\/2024\/12\/Logo-Agugiaro-Figna.svg","contentUrl":"https:\/\/agugiarofigna.com\/wp-content\/uploads\/2024\/12\/Logo-Agugiaro-Figna.svg","width":710,"height":125,"caption":"Agugiaro&Figna"},"image":{"@id":"https:\/\/agugiarofigna.com\/#\/schema\/logo\/image\/"},"sameAs":["https:\/\/www.facebook.com\/AgugiaroeFigna","https:\/\/www.instagram.com\/moliniagugiaroefigna\/#"]}]}},"_links":{"self":[{"href":"https:\/\/agugiarofigna.com\/es\/wp-json\/wp\/v2\/pages\/4580","targetHints":{"allow":["GET"]}}],"collection":[{"href":"https:\/\/agugiarofigna.com\/es\/wp-json\/wp\/v2\/pages"}],"about":[{"href":"https:\/\/agugiarofigna.com\/es\/wp-json\/wp\/v2\/types\/page"}],"author":[{"embeddable":true,"href":"https:\/\/agugiarofigna.com\/es\/wp-json\/wp\/v2\/users\/1"}],"replies":[{"embeddable":true,"href":"https:\/\/agugiarofigna.com\/es\/wp-json\/wp\/v2\/comments?post=4580"}],"version-history":[{"count":3,"href":"https:\/\/agugiarofigna.com\/es\/wp-json\/wp\/v2\/pages\/4580\/revisions"}],"predecessor-version":[{"id":6862,"href":"https:\/\/agugiarofigna.com\/es\/wp-json\/wp\/v2\/pages\/4580\/revisions\/6862"}],"wp:attachment":[{"href":"https:\/\/agugiarofigna.com\/es\/wp-json\/wp\/v2\/media?parent=4580"}],"curies":[{"name":"wp","href":"https:\/\/api.w.org\/{rel}","templated":true}]}}