{"id":4745,"date":"2024-12-19T12:00:24","date_gmt":"2024-12-19T11:00:24","guid":{"rendered":"https:\/\/agugiarofigna.com\/nuestros-productos\/"},"modified":"2025-02-05T10:50:39","modified_gmt":"2025-02-05T09:50:39","slug":"nuestros-productos","status":"publish","type":"page","link":"https:\/\/agugiarofigna.com\/es\/nuestros-productos\/","title":{"rendered":"Nuestros productos"},"content":{"rendered":"\t\t<div data-elementor-type=\"wp-page\" data-elementor-id=\"4745\" class=\"elementor elementor-4745 elementor-1051\" data-elementor-post-type=\"page\">\n\t\t\t\t<div class=\"elementor-element elementor-element-8185eeb e-flex e-con-boxed e-con e-parent\" data-id=\"8185eeb\" data-element_type=\"container\" data-e-type=\"container\">\n\t\t\t\t\t<div class=\"e-con-inner\">\n\t\t\t\t<div class=\"elementor-element elementor-element-84cee84 elementor-widget elementor-widget-heading\" data-id=\"84cee84\" data-element_type=\"widget\" data-e-type=\"widget\" data-widget_type=\"heading.default\">\n\t\t\t\t\t<h2 class=\"elementor-heading-title elementor-size-default\">Nuestros <span class=\"display-primary\">productos<\/span><\/h2>\t\t\t\t<\/div>\n\t\t<div class=\"elementor-element elementor-element-1568f25 e-con-full e-flex e-con e-child\" data-id=\"1568f25\" data-element_type=\"container\" data-e-type=\"container\">\n\t\t\t\t<div class=\"elementor-element elementor-element-6e2d7a6 elementor-widget elementor-widget-button\" data-id=\"6e2d7a6\" data-element_type=\"widget\" data-e-type=\"widget\" data-widget_type=\"button.default\">\n\t\t\t\t\t\t\t\t\t\t<a class=\"elementor-button elementor-button-link elementor-size-sm\" href=\"#farine\">\n\t\t\t\t\t\t<span class=\"elementor-button-content-wrapper\">\n\t\t\t\t\t\t\t\t\t<span class=\"elementor-button-text\">Harinas<\/span>\n\t\t\t\t\t<\/span>\n\t\t\t\t\t<\/a>\n\t\t\t\t\t\t\t\t<\/div>\n\t\t\t\t<div class=\"elementor-element elementor-element-c139a06 elementor-widget elementor-widget-button\" data-id=\"c139a06\" data-element_type=\"widget\" data-e-type=\"widget\" data-widget_type=\"button.default\">\n\t\t\t\t\t\t\t\t\t\t<a class=\"elementor-button elementor-button-link elementor-size-sm\" href=\"#miscele\">\n\t\t\t\t\t\t<span class=\"elementor-button-content-wrapper\">\n\t\t\t\t\t\t\t\t\t<span class=\"elementor-button-text\">Mezclas<\/span>\n\t\t\t\t\t<\/span>\n\t\t\t\t\t<\/a>\n\t\t\t\t\t\t\t\t<\/div>\n\t\t\t\t<div class=\"elementor-element elementor-element-9c7abeb elementor-widget elementor-widget-button\" data-id=\"9c7abeb\" data-element_type=\"widget\" data-e-type=\"widget\" data-widget_type=\"button.default\">\n\t\t\t\t\t\t\t\t\t\t<a class=\"elementor-button elementor-button-link elementor-size-sm\" href=\"#lieviti\">\n\t\t\t\t\t\t<span class=\"elementor-button-content-wrapper\">\n\t\t\t\t\t\t\t\t\t<span class=\"elementor-button-text\">Levaduras<\/span>\n\t\t\t\t\t<\/span>\n\t\t\t\t\t<\/a>\n\t\t\t\t\t\t\t\t<\/div>\n\t\t\t\t<\/div>\n\t\t\t\t\t<\/div>\n\t\t\t\t<\/div>\n\t\t<div class=\"elementor-element elementor-element-490da5e e-flex e-con-boxed e-con e-parent\" data-id=\"490da5e\" data-element_type=\"container\" data-e-type=\"container\">\n\t\t\t\t\t<div class=\"e-con-inner\">\n\t\t<div class=\"elementor-element elementor-element-12764ca e-con-full e-flex e-con e-child\" data-id=\"12764ca\" data-element_type=\"container\" data-e-type=\"container\">\n\t\t\t\t<div class=\"elementor-element elementor-element-9aec7d0 elementor-widget elementor-widget-image\" data-id=\"9aec7d0\" data-element_type=\"widget\" data-e-type=\"widget\" data-widget_type=\"image.default\">\n\t\t\t\t\t\t\t\t\t\t\t\t\t\t\t<img fetchpriority=\"high\" decoding=\"async\" width=\"391\" height=\"459\" src=\"https:\/\/agugiarofigna.com\/wp-content\/uploads\/2024\/12\/Sacco-farine.png\" class=\"attachment-large size-large wp-image-4746\" alt=\"\" \/>\t\t\t\t\t\t\t\t\t\t\t\t\t\t\t<\/div>\n\t\t\t\t<\/div>\n\t\t<div class=\"elementor-element elementor-element-1d5d75f e-con-full e-flex e-con e-child\" data-id=\"1d5d75f\" data-element_type=\"container\" data-e-type=\"container\">\n\t\t\t\t<div class=\"elementor-element elementor-element-a79d954 elementor-widget elementor-widget-menu-anchor\" data-id=\"a79d954\" data-element_type=\"widget\" data-e-type=\"widget\" data-widget_type=\"menu-anchor.default\">\n\t\t\t\t\t\t\t<div class=\"elementor-menu-anchor\" id=\"harinas\"><\/div>\n\t\t\t\t\t\t<\/div>\n\t\t\t\t<div class=\"elementor-element elementor-element-8ed9196 elementor-widget elementor-widget-heading\" data-id=\"8ed9196\" data-element_type=\"widget\" data-e-type=\"widget\" data-widget_type=\"heading.default\">\n\t\t\t\t\t<h2 class=\"elementor-heading-title elementor-size-default\">Harinas<\/h2>\t\t\t\t<\/div>\n\t\t\t\t<div class=\"elementor-element elementor-element-b1250dc elementor-widget elementor-widget-text-editor\" data-id=\"b1250dc\" data-element_type=\"widget\" data-e-type=\"widget\" data-widget_type=\"text-editor.default\">\n\t\t\t\t\t\t\t\t\t<p>El valor de las harinas Agugiaro &amp; Figna procede de la meticulosa selecci\u00f3n de las materias primas. La obtenci\u00f3n del trigo se basa en el conocimiento de las condiciones edafoclim\u00e1ticas, las t\u00e9cnicas de cultivo y los procesos adoptados para cada variedad. <\/p>\n<p>El proceso de molturaci\u00f3n implica una cuidadosa selecci\u00f3n de granos procedentes de los mejores cultivos de Italia y del mundo, seleccionados por variedad, calidad prote\u00ednica y caracter\u00edsticas organol\u00e9pticas, y por la bondad de los a\u00f1os agr\u00edcolas. Una selecci\u00f3n mediante un lector \u00f3ptico, que analiza cada grano individual a su paso por el molino, confirma el material y lo prepara para la molienda. La molienda es suave y progresiva, mediante rodillos debidamente espaciados, y se realiza en cultivares de trigo individuales, preservando las caracter\u00edsticas nativas intr\u00ednsecas de las variedades molidas.  <\/p>\n\t\t\t\t\t\t\t\t<\/div>\n\t\t\t\t<div class=\"elementor-element elementor-element-d2e5a12 arrow-button-container elementor-widget elementor-widget-button\" data-id=\"d2e5a12\" data-element_type=\"widget\" data-e-type=\"widget\" data-widget_type=\"button.default\">\n\t\t\t\t\t\t\t\t\t\t<a class=\"elementor-button elementor-button-link elementor-size-sm\" href=\"https:\/\/agugiarofigna.com\/es\/nuestros-productos\/harinas\/\">\n\t\t\t\t\t\t<span class=\"elementor-button-content-wrapper\">\n\t\t\t\t\t\t\t\t\t<span class=\"elementor-button-text\">Descubre las marcas de harina<\/span>\n\t\t\t\t\t<\/span>\n\t\t\t\t\t<\/a>\n\t\t\t\t\t\t\t\t<\/div>\n\t\t\t\t<\/div>\n\t\t\t\t\t<\/div>\n\t\t\t\t<\/div>\n\t\t<div class=\"elementor-element elementor-element-d90a5fc e-flex e-con-boxed e-con e-parent\" data-id=\"d90a5fc\" data-element_type=\"container\" data-e-type=\"container\">\n\t\t\t\t\t<div class=\"e-con-inner\">\n\t\t<div class=\"elementor-element elementor-element-5fd18d3 e-con-full e-flex e-con e-child\" data-id=\"5fd18d3\" data-element_type=\"container\" data-e-type=\"container\">\n\t\t\t\t<div class=\"elementor-element elementor-element-9d795fb elementor-widget elementor-widget-menu-anchor\" data-id=\"9d795fb\" data-element_type=\"widget\" data-e-type=\"widget\" data-widget_type=\"menu-anchor.default\">\n\t\t\t\t\t\t\t<div class=\"elementor-menu-anchor\" id=\"mezclas\"><\/div>\n\t\t\t\t\t\t<\/div>\n\t\t\t\t<div class=\"elementor-element elementor-element-f534c4e elementor-widget elementor-widget-heading\" data-id=\"f534c4e\" data-element_type=\"widget\" data-e-type=\"widget\" data-widget_type=\"heading.default\">\n\t\t\t\t\t<h2 class=\"elementor-heading-title elementor-size-default\">Mezclas<\/h2>\t\t\t\t<\/div>\n\t\t\t\t<div class=\"elementor-element elementor-element-09d3322 elementor-widget elementor-widget-text-editor\" data-id=\"09d3322\" data-element_type=\"widget\" data-e-type=\"widget\" data-widget_type=\"text-editor.default\">\n\t\t\t\t\t\t\t\t\t<p>Las mezclas de Agugiaro &amp; Figna se elaboran para ajustarse perfectamente a las t\u00e9cnicas de panificaci\u00f3n italianas, entre el respeto a los c\u00e1nones tradicionales y las variantes personalizadas. Se basan en las cualidades t\u00e9cnicas de las harinas b\u00e1sicas, mezcladas con algunos otros ingredientes que aportan el rendimiento suplementario necesario para mejorar los procesos y el rendimiento final.<br \/>Faridea responde a las necesidades de quienes desean optimizar la elaboraci\u00f3n de sus productos en t\u00e9rminos de caducidad, facilidad de ejecuci\u00f3n, repetibilidad o que desean ampliar su oferta con recetas alineadas con nuevos gustos y estilos alimentarios. <\/p>\n\t\t\t\t\t\t\t\t<\/div>\n\t\t\t\t<div class=\"elementor-element elementor-element-7b4b829 arrow-button-container elementor-widget elementor-widget-button\" data-id=\"7b4b829\" data-element_type=\"widget\" data-e-type=\"widget\" data-widget_type=\"button.default\">\n\t\t\t\t\t\t\t\t\t\t<a class=\"elementor-button elementor-button-link elementor-size-sm\" href=\"https:\/\/agugiarofigna.com\/es\/nuestros-productos\/mezclas\/\">\n\t\t\t\t\t\t<span class=\"elementor-button-content-wrapper\">\n\t\t\t\t\t\t\t\t\t<span class=\"elementor-button-text\">Descubre las marcas para mezclas<\/span>\n\t\t\t\t\t<\/span>\n\t\t\t\t\t<\/a>\n\t\t\t\t\t\t\t\t<\/div>\n\t\t\t\t<\/div>\n\t\t<div class=\"elementor-element elementor-element-5955a0d e-con-full e-flex e-con e-child\" data-id=\"5955a0d\" data-element_type=\"container\" data-e-type=\"container\">\n\t\t\t\t<div class=\"elementor-element elementor-element-27cc807 elementor-widget elementor-widget-image\" data-id=\"27cc807\" data-element_type=\"widget\" data-e-type=\"widget\" data-widget_type=\"image.default\">\n\t\t\t\t\t\t\t\t\t\t\t\t\t\t\t<img decoding=\"async\" width=\"371\" height=\"459\" src=\"https:\/\/agugiarofigna.com\/wp-content\/uploads\/2024\/12\/Sacco-miscele.png\" class=\"attachment-large size-large wp-image-4616\" alt=\"\" \/>\t\t\t\t\t\t\t\t\t\t\t\t\t\t\t<\/div>\n\t\t\t\t<\/div>\n\t\t\t\t\t<\/div>\n\t\t\t\t<\/div>\n\t\t<div class=\"elementor-element elementor-element-b2c81ef e-flex e-con-boxed e-con e-parent\" data-id=\"b2c81ef\" data-element_type=\"container\" data-e-type=\"container\">\n\t\t\t\t\t<div class=\"e-con-inner\">\n\t\t<div class=\"elementor-element elementor-element-8c72f74 e-con-full e-flex e-con e-child\" data-id=\"8c72f74\" data-element_type=\"container\" data-e-type=\"container\">\n\t\t\t\t<div class=\"elementor-element elementor-element-58110a0 elementor-widget elementor-widget-image\" data-id=\"58110a0\" data-element_type=\"widget\" data-e-type=\"widget\" data-widget_type=\"image.default\">\n\t\t\t\t\t\t\t\t\t\t\t\t\t\t\t<img decoding=\"async\" width=\"391\" height=\"459\" src=\"https:\/\/agugiarofigna.com\/wp-content\/uploads\/2024\/12\/Sacco-lieviti.png\" class=\"attachment-large size-large wp-image-4594\" alt=\"\" \/>\t\t\t\t\t\t\t\t\t\t\t\t\t\t\t<\/div>\n\t\t\t\t<\/div>\n\t\t<div class=\"elementor-element elementor-element-392dbaa e-con-full e-flex e-con e-child\" data-id=\"392dbaa\" data-element_type=\"container\" data-e-type=\"container\">\n\t\t\t\t<div class=\"elementor-element elementor-element-62659dd elementor-widget elementor-widget-menu-anchor\" data-id=\"62659dd\" data-element_type=\"widget\" data-e-type=\"widget\" data-widget_type=\"menu-anchor.default\">\n\t\t\t\t\t\t\t<div class=\"elementor-menu-anchor\" id=\"levaduras\"><\/div>\n\t\t\t\t\t\t<\/div>\n\t\t\t\t<div class=\"elementor-element elementor-element-ee3f008 elementor-widget elementor-widget-heading\" data-id=\"ee3f008\" data-element_type=\"widget\" data-e-type=\"widget\" data-widget_type=\"heading.default\">\n\t\t\t\t\t<h2 class=\"elementor-heading-title elementor-size-default\">Levaduras<\/h2>\t\t\t\t<\/div>\n\t\t\t\t<div class=\"elementor-element elementor-element-2b9a470 elementor-widget elementor-widget-text-editor\" data-id=\"2b9a470\" data-element_type=\"widget\" data-e-type=\"widget\" data-widget_type=\"text-editor.default\">\n\t\t\t\t\t\t\t\t\t<p>La masa madre, tanto en pasteler\u00eda y panader\u00eda como en la elaboraci\u00f3n de pizzas, permite una fermentaci\u00f3n natural, que da lugar a masas m\u00e1s digeribles y sabores m\u00e1s fuertes.<br \/>La \u00ablevadura madre\u00bb se utiliza como punto de partida para la producci\u00f3n de levaduras con peculiaridades espec\u00edficas seg\u00fan sus usos.<br \/>Para la creaci\u00f3n de la l\u00ednea de levadura, el Grupo Agugiaro&amp;Figna tambi\u00e9n colabor\u00f3 con la Facultad de Biolog\u00eda y Gen\u00e9tica de la Universidad de Parma, con la que se realizaron varios estudios e investigaciones que duraron nada menos que cuatro a\u00f1os. El Grupo A&amp;F ostenta la primac\u00eda de ser la primera f\u00e1brica italiana que invent\u00f3 el aut\u00e9ntico fermento de masa madre deshidratada para pizza. <\/p>\n\t\t\t\t\t\t\t\t<\/div>\n\t\t\t\t<div class=\"elementor-element elementor-element-8612e32 arrow-button-container elementor-widget elementor-widget-button\" data-id=\"8612e32\" data-element_type=\"widget\" data-e-type=\"widget\" data-widget_type=\"button.default\">\n\t\t\t\t\t\t\t\t\t\t<a class=\"elementor-button elementor-button-link elementor-size-sm\" href=\"https:\/\/agugiarofigna.com\/es\/nuestros-productos\/levaduras\/\">\n\t\t\t\t\t\t<span class=\"elementor-button-content-wrapper\">\n\t\t\t\t\t\t\t\t\t<span class=\"elementor-button-text\">Descubre las marcas de levadura<\/span>\n\t\t\t\t\t<\/span>\n\t\t\t\t\t<\/a>\n\t\t\t\t\t\t\t\t<\/div>\n\t\t\t\t<\/div>\n\t\t\t\t\t<\/div>\n\t\t\t\t<\/div>\n\t\t\t\t<\/div>\n\t\t","protected":false},"excerpt":{"rendered":"<p>Nuestros productos Harinas Mezclas Levaduras Harinas El valor de las harinas Agugiaro &amp; Figna procede de la meticulosa selecci\u00f3n de las materias primas. La obtenci\u00f3n [&hellip;]<\/p>\n","protected":false},"author":1,"featured_media":0,"parent":0,"menu_order":0,"comment_status":"closed","ping_status":"closed","template":"","meta":{"_acf_changed":false,"footnotes":""},"class_list":["post-4745","page","type-page","status-publish","hentry"],"acf":[],"yoast_head":"<!-- This site is optimized with the Yoast SEO plugin v27.3 - https:\/\/yoast.com\/product\/yoast-seo-wordpress\/ -->\n<title>Nuestros productos - Agugiaro&amp;Figna<\/title>\n<meta name=\"robots\" content=\"index, follow, max-snippet:-1, max-image-preview:large, max-video-preview:-1\" \/>\n<link rel=\"canonical\" href=\"https:\/\/agugiarofigna.com\/es\/nuestros-productos\/\" \/>\n<meta property=\"og:locale\" content=\"es_ES\" \/>\n<meta property=\"og:type\" content=\"article\" \/>\n<meta property=\"og:title\" content=\"Nuestros productos - Agugiaro&amp;Figna\" \/>\n<meta property=\"og:description\" content=\"Nuestros productos Harinas Mezclas Levaduras Harinas El valor de las harinas Agugiaro &amp; Figna procede de la meticulosa selecci\u00f3n de las materias primas. La obtenci\u00f3n [&hellip;]\" \/>\n<meta property=\"og:url\" content=\"https:\/\/agugiarofigna.com\/es\/nuestros-productos\/\" \/>\n<meta property=\"og:site_name\" content=\"Agugiaro&amp;Figna\" \/>\n<meta property=\"article:publisher\" content=\"https:\/\/www.facebook.com\/AgugiaroeFigna\" \/>\n<meta property=\"article:modified_time\" content=\"2025-02-05T09:50:39+00:00\" \/>\n<meta property=\"og:image\" content=\"https:\/\/agugiarofigna.com\/wp-content\/uploads\/2024\/12\/Sacco-farine.png\" \/>\n\t<meta property=\"og:image:width\" content=\"391\" \/>\n\t<meta property=\"og:image:height\" content=\"459\" \/>\n\t<meta property=\"og:image:type\" content=\"image\/png\" \/>\n<meta name=\"twitter:card\" content=\"summary_large_image\" \/>\n<script type=\"application\/ld+json\" class=\"yoast-schema-graph\">{\"@context\":\"https:\\\/\\\/schema.org\",\"@graph\":[{\"@type\":\"WebPage\",\"@id\":\"https:\\\/\\\/agugiarofigna.com\\\/es\\\/nuestros-productos\\\/\",\"url\":\"https:\\\/\\\/agugiarofigna.com\\\/es\\\/nuestros-productos\\\/\",\"name\":\"Nuestros productos - Agugiaro&amp;Figna\",\"isPartOf\":{\"@id\":\"https:\\\/\\\/agugiarofigna.com\\\/#website\"},\"primaryImageOfPage\":{\"@id\":\"https:\\\/\\\/agugiarofigna.com\\\/es\\\/nuestros-productos\\\/#primaryimage\"},\"image\":{\"@id\":\"https:\\\/\\\/agugiarofigna.com\\\/es\\\/nuestros-productos\\\/#primaryimage\"},\"thumbnailUrl\":\"https:\\\/\\\/agugiarofigna.com\\\/wp-content\\\/uploads\\\/2024\\\/12\\\/Sacco-farine.png\",\"datePublished\":\"2024-12-19T11:00:24+00:00\",\"dateModified\":\"2025-02-05T09:50:39+00:00\",\"breadcrumb\":{\"@id\":\"https:\\\/\\\/agugiarofigna.com\\\/es\\\/nuestros-productos\\\/#breadcrumb\"},\"inLanguage\":\"es\",\"potentialAction\":[{\"@type\":\"ReadAction\",\"target\":[\"https:\\\/\\\/agugiarofigna.com\\\/es\\\/nuestros-productos\\\/\"]}]},{\"@type\":\"ImageObject\",\"inLanguage\":\"es\",\"@id\":\"https:\\\/\\\/agugiarofigna.com\\\/es\\\/nuestros-productos\\\/#primaryimage\",\"url\":\"https:\\\/\\\/agugiarofigna.com\\\/wp-content\\\/uploads\\\/2024\\\/12\\\/Sacco-farine.png\",\"contentUrl\":\"https:\\\/\\\/agugiarofigna.com\\\/wp-content\\\/uploads\\\/2024\\\/12\\\/Sacco-farine.png\"},{\"@type\":\"BreadcrumbList\",\"@id\":\"https:\\\/\\\/agugiarofigna.com\\\/es\\\/nuestros-productos\\\/#breadcrumb\",\"itemListElement\":[{\"@type\":\"ListItem\",\"position\":1,\"name\":\"Home\",\"item\":\"https:\\\/\\\/agugiarofigna.com\\\/\"},{\"@type\":\"ListItem\",\"position\":2,\"name\":\"Nuestros productos\"}]},{\"@type\":\"WebSite\",\"@id\":\"https:\\\/\\\/agugiarofigna.com\\\/#website\",\"url\":\"https:\\\/\\\/agugiarofigna.com\\\/\",\"name\":\"Agugiaro&Figna\",\"description\":\"\",\"publisher\":{\"@id\":\"https:\\\/\\\/agugiarofigna.com\\\/#organization\"},\"potentialAction\":[{\"@type\":\"SearchAction\",\"target\":{\"@type\":\"EntryPoint\",\"urlTemplate\":\"https:\\\/\\\/agugiarofigna.com\\\/?s={search_term_string}\"},\"query-input\":{\"@type\":\"PropertyValueSpecification\",\"valueRequired\":true,\"valueName\":\"search_term_string\"}}],\"inLanguage\":\"es\"},{\"@type\":\"Organization\",\"@id\":\"https:\\\/\\\/agugiarofigna.com\\\/#organization\",\"name\":\"Agugiaro&Figna\",\"url\":\"https:\\\/\\\/agugiarofigna.com\\\/\",\"logo\":{\"@type\":\"ImageObject\",\"inLanguage\":\"es\",\"@id\":\"https:\\\/\\\/agugiarofigna.com\\\/#\\\/schema\\\/logo\\\/image\\\/\",\"url\":\"https:\\\/\\\/agugiarofigna.com\\\/wp-content\\\/uploads\\\/2024\\\/12\\\/Logo-Agugiaro-Figna.svg\",\"contentUrl\":\"https:\\\/\\\/agugiarofigna.com\\\/wp-content\\\/uploads\\\/2024\\\/12\\\/Logo-Agugiaro-Figna.svg\",\"width\":710,\"height\":125,\"caption\":\"Agugiaro&Figna\"},\"image\":{\"@id\":\"https:\\\/\\\/agugiarofigna.com\\\/#\\\/schema\\\/logo\\\/image\\\/\"},\"sameAs\":[\"https:\\\/\\\/www.facebook.com\\\/AgugiaroeFigna\",\"https:\\\/\\\/www.instagram.com\\\/moliniagugiaroefigna\\\/#\"]}]}<\/script>\n<!-- \/ Yoast SEO plugin. -->","yoast_head_json":{"title":"Nuestros productos - Agugiaro&amp;Figna","robots":{"index":"index","follow":"follow","max-snippet":"max-snippet:-1","max-image-preview":"max-image-preview:large","max-video-preview":"max-video-preview:-1"},"canonical":"https:\/\/agugiarofigna.com\/es\/nuestros-productos\/","og_locale":"es_ES","og_type":"article","og_title":"Nuestros productos - Agugiaro&amp;Figna","og_description":"Nuestros productos Harinas Mezclas Levaduras Harinas El valor de las harinas Agugiaro &amp; Figna procede de la meticulosa selecci\u00f3n de las materias primas. La obtenci\u00f3n [&hellip;]","og_url":"https:\/\/agugiarofigna.com\/es\/nuestros-productos\/","og_site_name":"Agugiaro&amp;Figna","article_publisher":"https:\/\/www.facebook.com\/AgugiaroeFigna","article_modified_time":"2025-02-05T09:50:39+00:00","og_image":[{"width":391,"height":459,"url":"https:\/\/agugiarofigna.com\/wp-content\/uploads\/2024\/12\/Sacco-farine.png","type":"image\/png"}],"twitter_card":"summary_large_image","schema":{"@context":"https:\/\/schema.org","@graph":[{"@type":"WebPage","@id":"https:\/\/agugiarofigna.com\/es\/nuestros-productos\/","url":"https:\/\/agugiarofigna.com\/es\/nuestros-productos\/","name":"Nuestros productos - Agugiaro&amp;Figna","isPartOf":{"@id":"https:\/\/agugiarofigna.com\/#website"},"primaryImageOfPage":{"@id":"https:\/\/agugiarofigna.com\/es\/nuestros-productos\/#primaryimage"},"image":{"@id":"https:\/\/agugiarofigna.com\/es\/nuestros-productos\/#primaryimage"},"thumbnailUrl":"https:\/\/agugiarofigna.com\/wp-content\/uploads\/2024\/12\/Sacco-farine.png","datePublished":"2024-12-19T11:00:24+00:00","dateModified":"2025-02-05T09:50:39+00:00","breadcrumb":{"@id":"https:\/\/agugiarofigna.com\/es\/nuestros-productos\/#breadcrumb"},"inLanguage":"es","potentialAction":[{"@type":"ReadAction","target":["https:\/\/agugiarofigna.com\/es\/nuestros-productos\/"]}]},{"@type":"ImageObject","inLanguage":"es","@id":"https:\/\/agugiarofigna.com\/es\/nuestros-productos\/#primaryimage","url":"https:\/\/agugiarofigna.com\/wp-content\/uploads\/2024\/12\/Sacco-farine.png","contentUrl":"https:\/\/agugiarofigna.com\/wp-content\/uploads\/2024\/12\/Sacco-farine.png"},{"@type":"BreadcrumbList","@id":"https:\/\/agugiarofigna.com\/es\/nuestros-productos\/#breadcrumb","itemListElement":[{"@type":"ListItem","position":1,"name":"Home","item":"https:\/\/agugiarofigna.com\/"},{"@type":"ListItem","position":2,"name":"Nuestros productos"}]},{"@type":"WebSite","@id":"https:\/\/agugiarofigna.com\/#website","url":"https:\/\/agugiarofigna.com\/","name":"Agugiaro&Figna","description":"","publisher":{"@id":"https:\/\/agugiarofigna.com\/#organization"},"potentialAction":[{"@type":"SearchAction","target":{"@type":"EntryPoint","urlTemplate":"https:\/\/agugiarofigna.com\/?s={search_term_string}"},"query-input":{"@type":"PropertyValueSpecification","valueRequired":true,"valueName":"search_term_string"}}],"inLanguage":"es"},{"@type":"Organization","@id":"https:\/\/agugiarofigna.com\/#organization","name":"Agugiaro&Figna","url":"https:\/\/agugiarofigna.com\/","logo":{"@type":"ImageObject","inLanguage":"es","@id":"https:\/\/agugiarofigna.com\/#\/schema\/logo\/image\/","url":"https:\/\/agugiarofigna.com\/wp-content\/uploads\/2024\/12\/Logo-Agugiaro-Figna.svg","contentUrl":"https:\/\/agugiarofigna.com\/wp-content\/uploads\/2024\/12\/Logo-Agugiaro-Figna.svg","width":710,"height":125,"caption":"Agugiaro&Figna"},"image":{"@id":"https:\/\/agugiarofigna.com\/#\/schema\/logo\/image\/"},"sameAs":["https:\/\/www.facebook.com\/AgugiaroeFigna","https:\/\/www.instagram.com\/moliniagugiaroefigna\/#"]}]}},"_links":{"self":[{"href":"https:\/\/agugiarofigna.com\/es\/wp-json\/wp\/v2\/pages\/4745","targetHints":{"allow":["GET"]}}],"collection":[{"href":"https:\/\/agugiarofigna.com\/es\/wp-json\/wp\/v2\/pages"}],"about":[{"href":"https:\/\/agugiarofigna.com\/es\/wp-json\/wp\/v2\/types\/page"}],"author":[{"embeddable":true,"href":"https:\/\/agugiarofigna.com\/es\/wp-json\/wp\/v2\/users\/1"}],"replies":[{"embeddable":true,"href":"https:\/\/agugiarofigna.com\/es\/wp-json\/wp\/v2\/comments?post=4745"}],"version-history":[{"count":5,"href":"https:\/\/agugiarofigna.com\/es\/wp-json\/wp\/v2\/pages\/4745\/revisions"}],"predecessor-version":[{"id":5363,"href":"https:\/\/agugiarofigna.com\/es\/wp-json\/wp\/v2\/pages\/4745\/revisions\/5363"}],"wp:attachment":[{"href":"https:\/\/agugiarofigna.com\/es\/wp-json\/wp\/v2\/media?parent=4745"}],"curies":[{"name":"wp","href":"https:\/\/api.w.org\/{rel}","templated":true}]}}