{"id":4740,"date":"2024-12-19T12:00:24","date_gmt":"2024-12-19T11:00:24","guid":{"rendered":"https:\/\/agugiarofigna.com\/nos-produits\/"},"modified":"2025-02-05T10:36:27","modified_gmt":"2025-02-05T09:36:27","slug":"nos-produits","status":"publish","type":"page","link":"https:\/\/agugiarofigna.com\/fr\/nos-produits\/","title":{"rendered":"Nos produits"},"content":{"rendered":"\t\t<div data-elementor-type=\"wp-page\" data-elementor-id=\"4740\" class=\"elementor elementor-4740 elementor-1051\" data-elementor-post-type=\"page\">\n\t\t\t\t<div class=\"elementor-element elementor-element-8185eeb e-flex e-con-boxed e-con e-parent\" data-id=\"8185eeb\" data-element_type=\"container\" data-e-type=\"container\">\n\t\t\t\t\t<div class=\"e-con-inner\">\n\t\t\t\t<div class=\"elementor-element elementor-element-84cee84 elementor-widget elementor-widget-heading\" data-id=\"84cee84\" data-element_type=\"widget\" data-e-type=\"widget\" data-widget_type=\"heading.default\">\n\t\t\t\t\t<h2 class=\"elementor-heading-title elementor-size-default\">Nos <span class=\"display-primary\">produits<\/span><\/h2>\t\t\t\t<\/div>\n\t\t<div class=\"elementor-element elementor-element-1568f25 e-con-full e-flex e-con e-child\" data-id=\"1568f25\" data-element_type=\"container\" data-e-type=\"container\">\n\t\t\t\t<div class=\"elementor-element elementor-element-6e2d7a6 elementor-widget elementor-widget-button\" data-id=\"6e2d7a6\" data-element_type=\"widget\" data-e-type=\"widget\" data-widget_type=\"button.default\">\n\t\t\t\t\t\t\t\t\t\t<a class=\"elementor-button elementor-button-link elementor-size-sm\" href=\"#farine\">\n\t\t\t\t\t\t<span class=\"elementor-button-content-wrapper\">\n\t\t\t\t\t\t\t\t\t<span class=\"elementor-button-text\">Farines<\/span>\n\t\t\t\t\t<\/span>\n\t\t\t\t\t<\/a>\n\t\t\t\t\t\t\t\t<\/div>\n\t\t\t\t<div class=\"elementor-element elementor-element-c139a06 elementor-widget elementor-widget-button\" data-id=\"c139a06\" data-element_type=\"widget\" data-e-type=\"widget\" data-widget_type=\"button.default\">\n\t\t\t\t\t\t\t\t\t\t<a class=\"elementor-button elementor-button-link elementor-size-sm\" href=\"#miscele\">\n\t\t\t\t\t\t<span class=\"elementor-button-content-wrapper\">\n\t\t\t\t\t\t\t\t\t<span class=\"elementor-button-text\">M\u00e9langes<\/span>\n\t\t\t\t\t<\/span>\n\t\t\t\t\t<\/a>\n\t\t\t\t\t\t\t\t<\/div>\n\t\t\t\t<div class=\"elementor-element elementor-element-9c7abeb elementor-widget elementor-widget-button\" data-id=\"9c7abeb\" data-element_type=\"widget\" data-e-type=\"widget\" data-widget_type=\"button.default\">\n\t\t\t\t\t\t\t\t\t\t<a class=\"elementor-button elementor-button-link elementor-size-sm\" href=\"#lieviti\">\n\t\t\t\t\t\t<span class=\"elementor-button-content-wrapper\">\n\t\t\t\t\t\t\t\t\t<span class=\"elementor-button-text\">Levures<\/span>\n\t\t\t\t\t<\/span>\n\t\t\t\t\t<\/a>\n\t\t\t\t\t\t\t\t<\/div>\n\t\t\t\t<\/div>\n\t\t\t\t\t<\/div>\n\t\t\t\t<\/div>\n\t\t<div class=\"elementor-element elementor-element-490da5e e-flex e-con-boxed e-con e-parent\" data-id=\"490da5e\" data-element_type=\"container\" data-e-type=\"container\">\n\t\t\t\t\t<div class=\"e-con-inner\">\n\t\t<div class=\"elementor-element elementor-element-12764ca e-con-full e-flex e-con e-child\" data-id=\"12764ca\" data-element_type=\"container\" data-e-type=\"container\">\n\t\t\t\t<div class=\"elementor-element elementor-element-9aec7d0 elementor-widget elementor-widget-image\" data-id=\"9aec7d0\" data-element_type=\"widget\" data-e-type=\"widget\" data-widget_type=\"image.default\">\n\t\t\t\t\t\t\t\t\t\t\t\t\t\t\t<img fetchpriority=\"high\" decoding=\"async\" width=\"391\" height=\"459\" src=\"https:\/\/agugiarofigna.com\/wp-content\/uploads\/2024\/12\/Sacco-farine.png\" class=\"attachment-large size-large wp-image-4739\" alt=\"\" \/>\t\t\t\t\t\t\t\t\t\t\t\t\t\t\t<\/div>\n\t\t\t\t<\/div>\n\t\t<div class=\"elementor-element elementor-element-1d5d75f e-con-full e-flex e-con e-child\" data-id=\"1d5d75f\" data-element_type=\"container\" data-e-type=\"container\">\n\t\t\t\t<div class=\"elementor-element elementor-element-a79d954 elementor-widget elementor-widget-menu-anchor\" data-id=\"a79d954\" data-element_type=\"widget\" data-e-type=\"widget\" data-widget_type=\"menu-anchor.default\">\n\t\t\t\t\t\t\t<div class=\"elementor-menu-anchor\" id=\"farines\"><\/div>\n\t\t\t\t\t\t<\/div>\n\t\t\t\t<div class=\"elementor-element elementor-element-8ed9196 elementor-widget elementor-widget-heading\" data-id=\"8ed9196\" data-element_type=\"widget\" data-e-type=\"widget\" data-widget_type=\"heading.default\">\n\t\t\t\t\t<h2 class=\"elementor-heading-title elementor-size-default\">Farines<\/h2>\t\t\t\t<\/div>\n\t\t\t\t<div class=\"elementor-element elementor-element-b1250dc elementor-widget elementor-widget-text-editor\" data-id=\"b1250dc\" data-element_type=\"widget\" data-e-type=\"widget\" data-widget_type=\"text-editor.default\">\n\t\t\t\t\t\t\t\t\t<p>La valeur des farines Agugiaro &amp; Figna provient de la s\u00e9lection m\u00e9ticuleuse des mati\u00e8res premi\u00e8res. L&rsquo;achat du bl\u00e9 repose sur la connaissance des conditions p\u00e9doclimatiques, des techniques de culture et des processus adopt\u00e9s pour chaque vari\u00e9t\u00e9. <\/p>\n<p>Le processus de mouture implique une s\u00e9lection minutieuse des grains provenant des meilleures cultures d&rsquo;Italie et du monde entier, s\u00e9lectionn\u00e9s pour leur vari\u00e9t\u00e9, leur qualit\u00e9 prot\u00e9ique et leurs caract\u00e9ristiques organoleptiques, ainsi que pour la qualit\u00e9 des ann\u00e9es agricoles. Une s\u00e9lection \u00e0 l&rsquo;aide d&rsquo;un lecteur optique, qui analyse chaque grain lors de son passage dans le moulin, confirme la mati\u00e8re et la pr\u00e9pare \u00e0 la mouture. La mouture est douce et progressive, \u00e0 l&rsquo;aide de rouleaux d\u00fbment espac\u00e9s, et elle est effectu\u00e9e sur des cultivars de bl\u00e9 individuels, en pr\u00e9servant les caract\u00e9ristiques natives intrins\u00e8ques des vari\u00e9t\u00e9s moulues.  <\/p>\n\t\t\t\t\t\t\t\t<\/div>\n\t\t\t\t<div class=\"elementor-element elementor-element-d2e5a12 arrow-button-container elementor-widget elementor-widget-button\" data-id=\"d2e5a12\" data-element_type=\"widget\" data-e-type=\"widget\" data-widget_type=\"button.default\">\n\t\t\t\t\t\t\t\t\t\t<a class=\"elementor-button elementor-button-link elementor-size-sm\" href=\"https:\/\/agugiarofigna.com\/fr\/nos-produits\/farines\/\">\n\t\t\t\t\t\t<span class=\"elementor-button-content-wrapper\">\n\t\t\t\t\t\t\t\t\t<span class=\"elementor-button-text\">D\u00e9couvrez les marques de farine<\/span>\n\t\t\t\t\t<\/span>\n\t\t\t\t\t<\/a>\n\t\t\t\t\t\t\t\t<\/div>\n\t\t\t\t<\/div>\n\t\t\t\t\t<\/div>\n\t\t\t\t<\/div>\n\t\t<div class=\"elementor-element elementor-element-d90a5fc e-flex e-con-boxed e-con e-parent\" data-id=\"d90a5fc\" data-element_type=\"container\" data-e-type=\"container\">\n\t\t\t\t\t<div class=\"e-con-inner\">\n\t\t<div class=\"elementor-element elementor-element-5fd18d3 e-con-full e-flex e-con e-child\" data-id=\"5fd18d3\" data-element_type=\"container\" data-e-type=\"container\">\n\t\t\t\t<div class=\"elementor-element elementor-element-9d795fb elementor-widget elementor-widget-menu-anchor\" data-id=\"9d795fb\" data-element_type=\"widget\" data-e-type=\"widget\" data-widget_type=\"menu-anchor.default\">\n\t\t\t\t\t\t\t<div class=\"elementor-menu-anchor\" id=\"mlanges\"><\/div>\n\t\t\t\t\t\t<\/div>\n\t\t\t\t<div class=\"elementor-element elementor-element-f534c4e elementor-widget elementor-widget-heading\" data-id=\"f534c4e\" data-element_type=\"widget\" data-e-type=\"widget\" data-widget_type=\"heading.default\">\n\t\t\t\t\t<h2 class=\"elementor-heading-title elementor-size-default\">M\u00e9langes<\/h2>\t\t\t\t<\/div>\n\t\t\t\t<div class=\"elementor-element elementor-element-09d3322 elementor-widget elementor-widget-text-editor\" data-id=\"09d3322\" data-element_type=\"widget\" data-e-type=\"widget\" data-widget_type=\"text-editor.default\">\n\t\t\t\t\t\t\t\t\t<p>Les m\u00e9langes d&rsquo;Agugiaro &amp; Figna sont con\u00e7us pour adh\u00e9rer parfaitement aux techniques boulang\u00e8res italiennes, entre respect des canons traditionnels et variantes personnalis\u00e9es. Ils sont bas\u00e9s sur les qualit\u00e9s techniques des farines de base, m\u00e9lang\u00e9es \u00e0 quelques autres ingr\u00e9dients qui apportent les performances suppl\u00e9mentaires n\u00e9cessaires pour am\u00e9liorer les processus et le rendement final.<br \/>Faridea r\u00e9pond aux besoins de ceux qui veulent optimiser la production de leurs produits en termes de dur\u00e9e de conservation, de facilit\u00e9 d&rsquo;ex\u00e9cution, de r\u00e9p\u00e9tabilit\u00e9 ou qui veulent \u00e9largir leur offre avec des recettes adapt\u00e9es aux nouveaux go\u00fbts et styles alimentaires. <\/p>\n\t\t\t\t\t\t\t\t<\/div>\n\t\t\t\t<div class=\"elementor-element elementor-element-7b4b829 arrow-button-container elementor-widget elementor-widget-button\" data-id=\"7b4b829\" data-element_type=\"widget\" data-e-type=\"widget\" data-widget_type=\"button.default\">\n\t\t\t\t\t\t\t\t\t\t<a class=\"elementor-button elementor-button-link elementor-size-sm\" href=\"https:\/\/agugiarofigna.com\/fr\/nos-produits\/melanges\/\">\n\t\t\t\t\t\t<span class=\"elementor-button-content-wrapper\">\n\t\t\t\t\t\t\t\t\t<span class=\"elementor-button-text\">D\u00e9couvrez les marques pour les m\u00e9langes<\/span>\n\t\t\t\t\t<\/span>\n\t\t\t\t\t<\/a>\n\t\t\t\t\t\t\t\t<\/div>\n\t\t\t\t<\/div>\n\t\t<div class=\"elementor-element elementor-element-5955a0d e-con-full e-flex e-con e-child\" data-id=\"5955a0d\" data-element_type=\"container\" data-e-type=\"container\">\n\t\t\t\t<div class=\"elementor-element elementor-element-27cc807 elementor-widget elementor-widget-image\" data-id=\"27cc807\" data-element_type=\"widget\" data-e-type=\"widget\" data-widget_type=\"image.default\">\n\t\t\t\t\t\t\t\t\t\t\t\t\t\t\t<img decoding=\"async\" width=\"371\" height=\"459\" src=\"https:\/\/agugiarofigna.com\/wp-content\/uploads\/2024\/12\/Sacco-miscele.png\" class=\"attachment-large size-large wp-image-4608\" alt=\"\" \/>\t\t\t\t\t\t\t\t\t\t\t\t\t\t\t<\/div>\n\t\t\t\t<\/div>\n\t\t\t\t\t<\/div>\n\t\t\t\t<\/div>\n\t\t<div class=\"elementor-element elementor-element-b2c81ef e-flex e-con-boxed e-con e-parent\" data-id=\"b2c81ef\" data-element_type=\"container\" data-e-type=\"container\">\n\t\t\t\t\t<div class=\"e-con-inner\">\n\t\t<div class=\"elementor-element elementor-element-8c72f74 e-con-full e-flex e-con e-child\" data-id=\"8c72f74\" data-element_type=\"container\" data-e-type=\"container\">\n\t\t\t\t<div class=\"elementor-element elementor-element-58110a0 elementor-widget elementor-widget-image\" data-id=\"58110a0\" data-element_type=\"widget\" data-e-type=\"widget\" data-widget_type=\"image.default\">\n\t\t\t\t\t\t\t\t\t\t\t\t\t\t\t<img decoding=\"async\" width=\"391\" height=\"459\" src=\"https:\/\/agugiarofigna.com\/wp-content\/uploads\/2024\/12\/Sacco-lieviti.png\" class=\"attachment-large size-large wp-image-4590\" alt=\"\" \/>\t\t\t\t\t\t\t\t\t\t\t\t\t\t\t<\/div>\n\t\t\t\t<\/div>\n\t\t<div class=\"elementor-element elementor-element-392dbaa e-con-full e-flex e-con e-child\" data-id=\"392dbaa\" data-element_type=\"container\" data-e-type=\"container\">\n\t\t\t\t<div class=\"elementor-element elementor-element-62659dd elementor-widget elementor-widget-menu-anchor\" data-id=\"62659dd\" data-element_type=\"widget\" data-e-type=\"widget\" data-widget_type=\"menu-anchor.default\">\n\t\t\t\t\t\t\t<div class=\"elementor-menu-anchor\" id=\"levures\"><\/div>\n\t\t\t\t\t\t<\/div>\n\t\t\t\t<div class=\"elementor-element elementor-element-ee3f008 elementor-widget elementor-widget-heading\" data-id=\"ee3f008\" data-element_type=\"widget\" data-e-type=\"widget\" data-widget_type=\"heading.default\">\n\t\t\t\t\t<h2 class=\"elementor-heading-title elementor-size-default\">Levures<\/h2>\t\t\t\t<\/div>\n\t\t\t\t<div class=\"elementor-element elementor-element-2b9a470 elementor-widget elementor-widget-text-editor\" data-id=\"2b9a470\" data-element_type=\"widget\" data-e-type=\"widget\" data-widget_type=\"text-editor.default\">\n\t\t\t\t\t\t\t\t\t<p>Le levain, tant en p\u00e2tisserie qu&rsquo;en boulangerie et dans la production de pizzas, permet une fermentation naturelle, ce qui se traduit par des p\u00e2tes plus digestes et des saveurs plus prononc\u00e9es.<br \/>La \u00ab\u00a0levure m\u00e8re\u00a0\u00bb sert de point de d\u00e9part \u00e0 la production de levures pr\u00e9sentant des particularit\u00e9s sp\u00e9cifiques en fonction de leur utilisation.<br \/>Pour la cr\u00e9ation de la ligne de levure, le groupe Agugiaro&amp;Figna a \u00e9galement collabor\u00e9 avec la facult\u00e9 de biologie et de g\u00e9n\u00e9tique de l&rsquo;universit\u00e9 de Parme, avec laquelle ont \u00e9t\u00e9 men\u00e9es plusieurs \u00e9tudes et recherches qui ont dur\u00e9 quatre bonnes ann\u00e9es. Le groupe A&amp;F s&rsquo;enorgueillit d&rsquo;\u00eatre le premier moulin italien \u00e0 avoir invent\u00e9 le v\u00e9ritable levain d\u00e9shydrat\u00e9 pour la pizza. <\/p>\n\t\t\t\t\t\t\t\t<\/div>\n\t\t\t\t<div class=\"elementor-element elementor-element-8612e32 arrow-button-container elementor-widget elementor-widget-button\" data-id=\"8612e32\" data-element_type=\"widget\" data-e-type=\"widget\" data-widget_type=\"button.default\">\n\t\t\t\t\t\t\t\t\t\t<a class=\"elementor-button elementor-button-link elementor-size-sm\" href=\"https:\/\/agugiarofigna.com\/fr\/nos-produits\/levures\/\">\n\t\t\t\t\t\t<span class=\"elementor-button-content-wrapper\">\n\t\t\t\t\t\t\t\t\t<span class=\"elementor-button-text\">D\u00e9couvrez les marques de levure<\/span>\n\t\t\t\t\t<\/span>\n\t\t\t\t\t<\/a>\n\t\t\t\t\t\t\t\t<\/div>\n\t\t\t\t<\/div>\n\t\t\t\t\t<\/div>\n\t\t\t\t<\/div>\n\t\t\t\t<\/div>\n\t\t","protected":false},"excerpt":{"rendered":"<p>Nos produits Farines M\u00e9langes Levures Farines La valeur des farines Agugiaro &amp; Figna provient de la s\u00e9lection m\u00e9ticuleuse des mati\u00e8res premi\u00e8res. L&rsquo;achat du bl\u00e9 repose [&hellip;]<\/p>\n","protected":false},"author":1,"featured_media":0,"parent":0,"menu_order":0,"comment_status":"closed","ping_status":"closed","template":"","meta":{"_acf_changed":false,"footnotes":""},"class_list":["post-4740","page","type-page","status-publish","hentry"],"acf":[],"yoast_head":"<!-- This site is optimized with the Yoast SEO plugin v27.4 - https:\/\/yoast.com\/product\/yoast-seo-wordpress\/ -->\n<title>Nos produits - Agugiaro&amp;Figna<\/title>\n<meta name=\"robots\" content=\"index, follow, max-snippet:-1, max-image-preview:large, max-video-preview:-1\" \/>\n<link rel=\"canonical\" href=\"https:\/\/agugiarofigna.com\/fr\/nos-produits\/\" \/>\n<meta property=\"og:locale\" content=\"fr_FR\" \/>\n<meta property=\"og:type\" content=\"article\" \/>\n<meta property=\"og:title\" content=\"Nos produits - Agugiaro&amp;Figna\" \/>\n<meta property=\"og:description\" content=\"Nos produits Farines M\u00e9langes Levures Farines La valeur des farines Agugiaro &amp; Figna provient de la s\u00e9lection m\u00e9ticuleuse des mati\u00e8res premi\u00e8res. L&rsquo;achat du bl\u00e9 repose [&hellip;]\" \/>\n<meta property=\"og:url\" content=\"https:\/\/agugiarofigna.com\/fr\/nos-produits\/\" \/>\n<meta property=\"og:site_name\" content=\"Agugiaro&amp;Figna\" \/>\n<meta property=\"article:publisher\" content=\"https:\/\/www.facebook.com\/AgugiaroeFigna\" \/>\n<meta property=\"article:modified_time\" content=\"2025-02-05T09:36:27+00:00\" \/>\n<meta property=\"og:image\" content=\"https:\/\/agugiarofigna.com\/wp-content\/uploads\/2024\/12\/Sacco-farine.png\" \/>\n\t<meta property=\"og:image:width\" content=\"391\" \/>\n\t<meta property=\"og:image:height\" content=\"459\" \/>\n\t<meta property=\"og:image:type\" content=\"image\/png\" \/>\n<meta name=\"twitter:card\" content=\"summary_large_image\" \/>\n<script type=\"application\/ld+json\" class=\"yoast-schema-graph\">{\"@context\":\"https:\\\/\\\/schema.org\",\"@graph\":[{\"@type\":\"WebPage\",\"@id\":\"https:\\\/\\\/agugiarofigna.com\\\/fr\\\/nos-produits\\\/\",\"url\":\"https:\\\/\\\/agugiarofigna.com\\\/fr\\\/nos-produits\\\/\",\"name\":\"Nos produits - Agugiaro&amp;Figna\",\"isPartOf\":{\"@id\":\"https:\\\/\\\/agugiarofigna.com\\\/#website\"},\"primaryImageOfPage\":{\"@id\":\"https:\\\/\\\/agugiarofigna.com\\\/fr\\\/nos-produits\\\/#primaryimage\"},\"image\":{\"@id\":\"https:\\\/\\\/agugiarofigna.com\\\/fr\\\/nos-produits\\\/#primaryimage\"},\"thumbnailUrl\":\"https:\\\/\\\/agugiarofigna.com\\\/wp-content\\\/uploads\\\/2024\\\/12\\\/Sacco-farine.png\",\"datePublished\":\"2024-12-19T11:00:24+00:00\",\"dateModified\":\"2025-02-05T09:36:27+00:00\",\"breadcrumb\":{\"@id\":\"https:\\\/\\\/agugiarofigna.com\\\/fr\\\/nos-produits\\\/#breadcrumb\"},\"inLanguage\":\"fr-FR\",\"potentialAction\":[{\"@type\":\"ReadAction\",\"target\":[\"https:\\\/\\\/agugiarofigna.com\\\/fr\\\/nos-produits\\\/\"]}]},{\"@type\":\"ImageObject\",\"inLanguage\":\"fr-FR\",\"@id\":\"https:\\\/\\\/agugiarofigna.com\\\/fr\\\/nos-produits\\\/#primaryimage\",\"url\":\"https:\\\/\\\/agugiarofigna.com\\\/wp-content\\\/uploads\\\/2024\\\/12\\\/Sacco-farine.png\",\"contentUrl\":\"https:\\\/\\\/agugiarofigna.com\\\/wp-content\\\/uploads\\\/2024\\\/12\\\/Sacco-farine.png\"},{\"@type\":\"BreadcrumbList\",\"@id\":\"https:\\\/\\\/agugiarofigna.com\\\/fr\\\/nos-produits\\\/#breadcrumb\",\"itemListElement\":[{\"@type\":\"ListItem\",\"position\":1,\"name\":\"Home\",\"item\":\"https:\\\/\\\/agugiarofigna.com\\\/\"},{\"@type\":\"ListItem\",\"position\":2,\"name\":\"Nos produits\"}]},{\"@type\":\"WebSite\",\"@id\":\"https:\\\/\\\/agugiarofigna.com\\\/#website\",\"url\":\"https:\\\/\\\/agugiarofigna.com\\\/\",\"name\":\"Agugiaro&Figna\",\"description\":\"\",\"publisher\":{\"@id\":\"https:\\\/\\\/agugiarofigna.com\\\/#organization\"},\"potentialAction\":[{\"@type\":\"SearchAction\",\"target\":{\"@type\":\"EntryPoint\",\"urlTemplate\":\"https:\\\/\\\/agugiarofigna.com\\\/?s={search_term_string}\"},\"query-input\":{\"@type\":\"PropertyValueSpecification\",\"valueRequired\":true,\"valueName\":\"search_term_string\"}}],\"inLanguage\":\"fr-FR\"},{\"@type\":\"Organization\",\"@id\":\"https:\\\/\\\/agugiarofigna.com\\\/#organization\",\"name\":\"Agugiaro&Figna\",\"url\":\"https:\\\/\\\/agugiarofigna.com\\\/\",\"logo\":{\"@type\":\"ImageObject\",\"inLanguage\":\"fr-FR\",\"@id\":\"https:\\\/\\\/agugiarofigna.com\\\/#\\\/schema\\\/logo\\\/image\\\/\",\"url\":\"https:\\\/\\\/agugiarofigna.com\\\/wp-content\\\/uploads\\\/2024\\\/12\\\/Logo-Agugiaro-Figna.svg\",\"contentUrl\":\"https:\\\/\\\/agugiarofigna.com\\\/wp-content\\\/uploads\\\/2024\\\/12\\\/Logo-Agugiaro-Figna.svg\",\"width\":710,\"height\":125,\"caption\":\"Agugiaro&Figna\"},\"image\":{\"@id\":\"https:\\\/\\\/agugiarofigna.com\\\/#\\\/schema\\\/logo\\\/image\\\/\"},\"sameAs\":[\"https:\\\/\\\/www.facebook.com\\\/AgugiaroeFigna\",\"https:\\\/\\\/www.instagram.com\\\/moliniagugiaroefigna\\\/#\"]}]}<\/script>\n<!-- \/ Yoast SEO plugin. -->","yoast_head_json":{"title":"Nos produits - Agugiaro&amp;Figna","robots":{"index":"index","follow":"follow","max-snippet":"max-snippet:-1","max-image-preview":"max-image-preview:large","max-video-preview":"max-video-preview:-1"},"canonical":"https:\/\/agugiarofigna.com\/fr\/nos-produits\/","og_locale":"fr_FR","og_type":"article","og_title":"Nos produits - Agugiaro&amp;Figna","og_description":"Nos produits Farines M\u00e9langes Levures Farines La valeur des farines Agugiaro &amp; Figna provient de la s\u00e9lection m\u00e9ticuleuse des mati\u00e8res premi\u00e8res. L&rsquo;achat du bl\u00e9 repose [&hellip;]","og_url":"https:\/\/agugiarofigna.com\/fr\/nos-produits\/","og_site_name":"Agugiaro&amp;Figna","article_publisher":"https:\/\/www.facebook.com\/AgugiaroeFigna","article_modified_time":"2025-02-05T09:36:27+00:00","og_image":[{"width":391,"height":459,"url":"https:\/\/agugiarofigna.com\/wp-content\/uploads\/2024\/12\/Sacco-farine.png","type":"image\/png"}],"twitter_card":"summary_large_image","schema":{"@context":"https:\/\/schema.org","@graph":[{"@type":"WebPage","@id":"https:\/\/agugiarofigna.com\/fr\/nos-produits\/","url":"https:\/\/agugiarofigna.com\/fr\/nos-produits\/","name":"Nos produits - Agugiaro&amp;Figna","isPartOf":{"@id":"https:\/\/agugiarofigna.com\/#website"},"primaryImageOfPage":{"@id":"https:\/\/agugiarofigna.com\/fr\/nos-produits\/#primaryimage"},"image":{"@id":"https:\/\/agugiarofigna.com\/fr\/nos-produits\/#primaryimage"},"thumbnailUrl":"https:\/\/agugiarofigna.com\/wp-content\/uploads\/2024\/12\/Sacco-farine.png","datePublished":"2024-12-19T11:00:24+00:00","dateModified":"2025-02-05T09:36:27+00:00","breadcrumb":{"@id":"https:\/\/agugiarofigna.com\/fr\/nos-produits\/#breadcrumb"},"inLanguage":"fr-FR","potentialAction":[{"@type":"ReadAction","target":["https:\/\/agugiarofigna.com\/fr\/nos-produits\/"]}]},{"@type":"ImageObject","inLanguage":"fr-FR","@id":"https:\/\/agugiarofigna.com\/fr\/nos-produits\/#primaryimage","url":"https:\/\/agugiarofigna.com\/wp-content\/uploads\/2024\/12\/Sacco-farine.png","contentUrl":"https:\/\/agugiarofigna.com\/wp-content\/uploads\/2024\/12\/Sacco-farine.png"},{"@type":"BreadcrumbList","@id":"https:\/\/agugiarofigna.com\/fr\/nos-produits\/#breadcrumb","itemListElement":[{"@type":"ListItem","position":1,"name":"Home","item":"https:\/\/agugiarofigna.com\/"},{"@type":"ListItem","position":2,"name":"Nos produits"}]},{"@type":"WebSite","@id":"https:\/\/agugiarofigna.com\/#website","url":"https:\/\/agugiarofigna.com\/","name":"Agugiaro&Figna","description":"","publisher":{"@id":"https:\/\/agugiarofigna.com\/#organization"},"potentialAction":[{"@type":"SearchAction","target":{"@type":"EntryPoint","urlTemplate":"https:\/\/agugiarofigna.com\/?s={search_term_string}"},"query-input":{"@type":"PropertyValueSpecification","valueRequired":true,"valueName":"search_term_string"}}],"inLanguage":"fr-FR"},{"@type":"Organization","@id":"https:\/\/agugiarofigna.com\/#organization","name":"Agugiaro&Figna","url":"https:\/\/agugiarofigna.com\/","logo":{"@type":"ImageObject","inLanguage":"fr-FR","@id":"https:\/\/agugiarofigna.com\/#\/schema\/logo\/image\/","url":"https:\/\/agugiarofigna.com\/wp-content\/uploads\/2024\/12\/Logo-Agugiaro-Figna.svg","contentUrl":"https:\/\/agugiarofigna.com\/wp-content\/uploads\/2024\/12\/Logo-Agugiaro-Figna.svg","width":710,"height":125,"caption":"Agugiaro&Figna"},"image":{"@id":"https:\/\/agugiarofigna.com\/#\/schema\/logo\/image\/"},"sameAs":["https:\/\/www.facebook.com\/AgugiaroeFigna","https:\/\/www.instagram.com\/moliniagugiaroefigna\/#"]}]}},"_links":{"self":[{"href":"https:\/\/agugiarofigna.com\/fr\/wp-json\/wp\/v2\/pages\/4740","targetHints":{"allow":["GET"]}}],"collection":[{"href":"https:\/\/agugiarofigna.com\/fr\/wp-json\/wp\/v2\/pages"}],"about":[{"href":"https:\/\/agugiarofigna.com\/fr\/wp-json\/wp\/v2\/types\/page"}],"author":[{"embeddable":true,"href":"https:\/\/agugiarofigna.com\/fr\/wp-json\/wp\/v2\/users\/1"}],"replies":[{"embeddable":true,"href":"https:\/\/agugiarofigna.com\/fr\/wp-json\/wp\/v2\/comments?post=4740"}],"version-history":[{"count":5,"href":"https:\/\/agugiarofigna.com\/fr\/wp-json\/wp\/v2\/pages\/4740\/revisions"}],"predecessor-version":[{"id":5341,"href":"https:\/\/agugiarofigna.com\/fr\/wp-json\/wp\/v2\/pages\/4740\/revisions\/5341"}],"wp:attachment":[{"href":"https:\/\/agugiarofigna.com\/fr\/wp-json\/wp\/v2\/media?parent=4740"}],"curies":[{"name":"wp","href":"https:\/\/api.w.org\/{rel}","templated":true}]}}