{"id":4571,"date":"2025-01-10T16:25:35","date_gmt":"2025-01-10T15:25:35","guid":{"rendered":"https:\/\/agugiarofigna.com\/denuncia-de-irregularidades\/"},"modified":"2025-10-16T09:58:18","modified_gmt":"2025-10-16T07:58:18","slug":"denuncia-de-irregularidades","status":"publish","type":"page","link":"https:\/\/agugiarofigna.com\/pt-pt\/denuncia-de-irregularidades\/","title":{"rendered":"Den\u00fancia de irregularidades"},"content":{"rendered":"\t\t<div data-elementor-type=\"wp-page\" data-elementor-id=\"4571\" class=\"elementor elementor-4571 elementor-2587\" data-elementor-post-type=\"page\">\n\t\t\t\t<div class=\"elementor-element elementor-element-f79b931 e-flex e-con-boxed e-con e-parent\" data-id=\"f79b931\" data-element_type=\"container\" data-e-type=\"container\" data-settings=\"{&quot;background_background&quot;:&quot;classic&quot;}\">\n\t\t\t\t\t<div class=\"e-con-inner\">\n\t\t\t\t<div class=\"elementor-element elementor-element-55eca03c elementor-widget elementor-widget-heading\" data-id=\"55eca03c\" data-element_type=\"widget\" data-e-type=\"widget\" data-widget_type=\"heading.default\">\n\t\t\t\t\t<h1 class=\"elementor-heading-title elementor-size-default\">Den\u00fancia de irregularidades<\/h1>\t\t\t\t<\/div>\n\t\t\t\t\t<\/div>\n\t\t\t\t<\/div>\n\t\t<div class=\"elementor-element elementor-element-af5024b e-flex e-con-boxed e-con e-parent\" data-id=\"af5024b\" data-element_type=\"container\" data-e-type=\"container\" data-settings=\"{&quot;background_background&quot;:&quot;classic&quot;}\">\n\t\t\t\t\t<div class=\"e-con-inner\">\n\t\t\t\t<div class=\"elementor-element elementor-element-6e5b828 elementor-widget elementor-widget-text-editor\" data-id=\"6e5b828\" data-element_type=\"widget\" data-e-type=\"widget\" data-widget_type=\"text-editor.default\">\n\t\t\t\t\t\t\t\t\t<article class=\"bg-w\"><div class=\"container\"><div class=\"row\"><div class=\"col-xs-12\"><div class=\"text-left\"><p>Agugiaro &amp; Figna Molini S.p.A. adoptou um Modelo de Organiza\u00e7\u00e3o, Gest\u00e3o e Controlo nos termos do Decreto Legislativo 231\/2001 e obteve a certifica\u00e7\u00e3o SA8000:2014. <\/p><p>A Empresa adoptou procedimentos internos em conformidade com as disposi\u00e7\u00f5es legais aplic\u00e1veis em mat\u00e9ria de <strong>den\u00fancia de irregularidades<\/strong> (com especial refer\u00eancia ao Decreto Legislativo n.\u00ba 24\/2023, conhecido como<strong>&#8220;Regulamento de Den\u00fancias<\/strong>&#8220;), bem como com o regulamento de certifica\u00e7\u00e3o <strong>SA8000:2014<\/strong> e, em qualquer caso, com vista a difundir a cultura da \u00e9tica e da legalidade no seio da organiza\u00e7\u00e3o empresarial.  <\/p><p>As den\u00fancias que se enquadrem no \u00e2mbito de aplica\u00e7\u00e3o <strong>objetivo<\/strong> e <strong>subjetivo<\/strong> do &#8220;Regulamento de Den\u00fancias&#8221;, bem como do regulamento de certifica\u00e7\u00e3o <strong>SA8000:2014<\/strong>, podem ser transmitidas \u00e0 Empresa atrav\u00e9s de canais espec\u00edficos.<\/p><p>Em especial, as infrac\u00e7\u00f5es de que o declarante tenha tido conhecimento no <strong>contexto do seu trabalho<\/strong>, que consistam em condutas, actos ou omiss\u00f5es <strong>prejudiciais \u00e0 integridade da empresa ou ao interesse p\u00fablico<\/strong> e que consistam em<\/p><ul><li><u>Viola\u00e7\u00e3o da regulamenta\u00e7\u00e3o nacional e europeia:<\/u><ul><li>comportamentos il\u00edcitos relevantes nos termos do Decreto Legislativo 231\/2001; <\/li><li>viola\u00e7\u00e3o do Modelo de Organiza\u00e7\u00e3o e Gest\u00e3o nos termos do Decreto Legislativo 231\/2001 da Empresa; <\/li><li>infrac\u00e7\u00f5es cometidas em viola\u00e7\u00e3o do direito da Uni\u00e3o Europeia e das disposi\u00e7\u00f5es nacionais que o aplicam.<\/li><\/ul><\/li><li><u>Viola\u00e7\u00f5es relacionadas com a certifica\u00e7\u00e3o SA8000:2014:<\/u><ul><li>princ\u00edpios e aspectos do direito do trabalho e da gest\u00e3o do pessoal, tamb\u00e9m no que se refere \u00e0 cadeia de abastecimento;<\/li><li>requisitos e princ\u00edpios estabelecidos pela norma SA8000;<\/li><li>aplica\u00e7\u00e3o e efic\u00e1cia do sistema de gest\u00e3o SA 8000 no que respeita \u00e0s quest\u00f5es \u00e9ticas.<\/li><\/ul><\/li><\/ul><p>Em conformidade com os regulamentos supramencionados, est\u00e3o previstas <strong>garantias e protec\u00e7\u00f5es<\/strong> espec\u00edficas, em determinadas condi\u00e7\u00f5es, a <strong>favor do declarante<\/strong>, em alguns casos tamb\u00e9m alargadas a outras pessoas expressamente identificadas.<\/p><p>O tratamento das indica\u00e7\u00f5es \u00e9 confiado a ti:<\/p><ul><li>com refer\u00eancia \u00e0s viola\u00e7\u00f5es do Decreto Legislativo 231\/2001 e das disposi\u00e7\u00f5es do Modelo de Organiza\u00e7\u00e3o, Gest\u00e3o e Controlo da Empresa, bem como \u00e0s viola\u00e7\u00f5es do direito da Uni\u00e3o Europeia e da legisla\u00e7\u00e3o nacional de transposi\u00e7\u00e3o, ao <strong>\n  <u>ao Diretor dos Recursos Humanos e ao Diretor da Fun\u00e7\u00e3o de Garantia da Qualidade<\/u>\n<\/strong> na sua qualidade de Diretores de Informa\u00e7\u00e3o. <\/li><li>com refer\u00eancia a viola\u00e7\u00f5es da certifica\u00e7\u00e3o SA8000:2014 ao <strong>\n  <u>Respons\u00e1vel pela \u00c9tica e aos Representantes dos Trabalhadores.<\/u>\n<\/strong><\/li><\/ul><p> <\/p><p>A Empresa disponibilizou os seguintes <strong>canais de comunica\u00e7\u00e3o interna<\/strong>:<\/p><ul><li>Plataforma inform\u00e1tica dedicada &#8211; A preferir, acedida atrav\u00e9s da liga\u00e7\u00e3o <a href=\"https:\/\/agugiarofigna.pawhistleblowing.it\/#\/\" target=\"_blank\" rel=\"noopener\">agugiarofigna.pawhistleblowing.it<\/a><\/li><li>A plataforma tamb\u00e9m permite, na sec\u00e7\u00e3o &#8220;anexos&#8221;, carregar mensagens atrav\u00e9s de um sistema <strong>de mensagens de voz<\/strong>.<\/li><\/ul><p> <\/p><p>Al\u00e9m disso, dependendo do assunto do relat\u00f3rio, o declarante pode utilizar:<\/p><ul><li><strong>por viola\u00e7\u00f5es do Decreto Legislativo 231\/2001 e das disposi\u00e7\u00f5es do Modelo de Organiza\u00e7\u00e3o, Gest\u00e3o e Controlo da Agugiaro &amp; Figna, bem como por viola\u00e7\u00f5es do direito da Uni\u00e3o Europeia e da legisla\u00e7\u00e3o nacional de transposi\u00e7\u00e3o: <\/strong><ul><li>Correio normal: \u00e0 aten\u00e7\u00e3o do Organismo di Vigilanza D.Lgs. 231\/2001 c\/o Agugiaro &amp; Figna Molini Spa &#8211; Strada dei Notari n. 25\/27 &#8211; 43044 Collecchio (PR) &#8211; utilizando o formul\u00e1rio<a href=\"https:\/\/agugiarofigna.com\/wp-content\/uploads\/2025\/01\/AgugiaroFigna_Segnalazione-Whistleblowing-OdV.pdf\" target=\"_blank\" rel=\"noopener\">&#8220;Segnalazione Whistleblowing OdV<\/a>&#8221; e marcando o envelope &#8220;RISERVATO&#8221;.  <\/li><\/ul><\/li><li><strong>por viola\u00e7\u00f5es relacionadas com a certifica\u00e7\u00e3o SA8000:2014 e quaisquer novas vers\u00f5es subsequentes:<\/strong><ul><li>Endere\u00e7o de correio eletr\u00f3nico: <a href=\"mailto:sa8000@agugiarofigna.com\">sa8000@agugiarofigna.com;<\/a><\/li><li>Correio normal: Social Performance Team SA8000 c\/o Agugiaro &amp; Figna Molini Spa &#8211; Strada dei Notari n. 25\/27 &#8211; 43044 Collecchio (PR) &#8211; utilizando o formul\u00e1rio<a href=\"https:\/\/agugiarofigna.com\/wp-content\/uploads\/2025\/08\/M-01.I01-P4-SEGNALAZIONE-SA8000-Rev-6-del-19-08-2025.pdf\" target=\"_blank\" rel=\"noopener\">&#8220;Segnalazione Whistleblowing SPT<\/a>&#8221; e marcando o envelope &#8220;RISERVATO&#8221;; <\/li><li>N\u00famero de fax: + 39 0521 301777.<\/li><\/ul><\/li><\/ul><p> <\/p><p>Atrav\u00e9s de um dos canais internos acima referidos, continua a ser poss\u00edvel solicitar uma reuni\u00e3o presencial para fazer uma comunica\u00e7\u00e3o verbal.<\/p><p>Para mais pormenores e informa\u00e7\u00f5es sobre as pessoas que podem apresentar den\u00fancias, as viola\u00e7\u00f5es e\/ou infrac\u00e7\u00f5es que podem ser denunciadas, os canais internos de comunica\u00e7\u00e3o, os procedimentos para o tratamento das den\u00fancias e as garantias e protec\u00e7\u00f5es concedidas, consulta o &#8220;Procedimento de den\u00fancia&#8221;.<\/p><\/div><\/div><\/div><\/div><\/article><article class=\"bg-w\"><div class=\"container\"><div class=\"row\"><div class=\"col-xs-12\"><p><strong>Nota: a den\u00fancia de irregularidades n\u00e3o \u00e9 o canal adequado para comunicar quest\u00f5es de natureza comercial.<\/strong><\/p><hr><\/div><\/div><\/div><\/article><article class=\"bg-w\"><div class=\"container\"><div class=\"row\"><div class=\"col-xs-12 text-left\"><br>A Agugiaro &amp; Figna Molini Spa garante a confidencialidade de todos os dados pessoais do declarante, tamb\u00e9m para o proteger de eventuais repres\u00e1lias, como previsto na legisla\u00e7\u00e3o aplic\u00e1vel. As informa\u00e7\u00f5es recolhidas s\u00e3o tratadas de forma a garantir a prote\u00e7\u00e3o da privacidade do declarante<a href=\"https:\/\/agugiarofigna.com\/wp-content\/uploads\/2025\/10\/Informativa-whistleblowing.pdf\" data-toggle=\"modal\" data-target=\"#myModal\">(pol\u00edtica de privacidade<\/a>).<\/div><\/div><\/div><\/article>\t\t\t\t\t\t\t\t<\/div>\n\t\t\t\t\t<\/div>\n\t\t\t\t<\/div>\n\t\t\t\t<\/div>\n\t\t","protected":false},"excerpt":{"rendered":"<p>Den\u00fancia de irregularidades Agugiaro &amp; Figna Molini S.p.A. adoptou um Modelo de Organiza\u00e7\u00e3o, Gest\u00e3o e Controlo nos termos do Decreto Legislativo 231\/2001 e obteve a [&hellip;]<\/p>\n","protected":false},"author":1,"featured_media":0,"parent":0,"menu_order":0,"comment_status":"closed","ping_status":"closed","template":"","meta":{"_acf_changed":false,"footnotes":""},"class_list":["post-4571","page","type-page","status-publish","hentry"],"acf":[],"yoast_head":"<!-- This site is optimized with the Yoast SEO plugin v27.3 - https:\/\/yoast.com\/product\/yoast-seo-wordpress\/ -->\n<title>Den\u00fancia de irregularidades - Agugiaro&amp;Figna<\/title>\n<meta name=\"robots\" content=\"index, follow, max-snippet:-1, max-image-preview:large, max-video-preview:-1\" \/>\n<link rel=\"canonical\" href=\"https:\/\/agugiarofigna.com\/pt-pt\/denuncia-de-irregularidades\/\" \/>\n<meta property=\"og:locale\" content=\"pt_PT\" \/>\n<meta property=\"og:type\" content=\"article\" \/>\n<meta property=\"og:title\" content=\"Den\u00fancia de irregularidades - Agugiaro&amp;Figna\" \/>\n<meta property=\"og:description\" content=\"Den\u00fancia de irregularidades Agugiaro &amp; Figna Molini S.p.A. adoptou um Modelo de Organiza\u00e7\u00e3o, Gest\u00e3o e Controlo nos termos do Decreto Legislativo 231\/2001 e obteve a [&hellip;]\" \/>\n<meta property=\"og:url\" content=\"https:\/\/agugiarofigna.com\/pt-pt\/denuncia-de-irregularidades\/\" \/>\n<meta property=\"og:site_name\" content=\"Agugiaro&amp;Figna\" \/>\n<meta property=\"article:publisher\" content=\"https:\/\/www.facebook.com\/AgugiaroeFigna\" \/>\n<meta property=\"article:modified_time\" content=\"2025-10-16T07:58:18+00:00\" \/>\n<meta name=\"twitter:card\" content=\"summary_large_image\" \/>\n<meta name=\"twitter:label1\" content=\"Tempo estimado de leitura\" \/>\n\t<meta name=\"twitter:data1\" content=\"4 minutos\" \/>\n<script type=\"application\/ld+json\" class=\"yoast-schema-graph\">{\"@context\":\"https:\\\/\\\/schema.org\",\"@graph\":[{\"@type\":\"WebPage\",\"@id\":\"https:\\\/\\\/agugiarofigna.com\\\/pt-pt\\\/denuncia-de-irregularidades\\\/\",\"url\":\"https:\\\/\\\/agugiarofigna.com\\\/pt-pt\\\/denuncia-de-irregularidades\\\/\",\"name\":\"Den\u00fancia de irregularidades - Agugiaro&amp;Figna\",\"isPartOf\":{\"@id\":\"https:\\\/\\\/agugiarofigna.com\\\/#website\"},\"datePublished\":\"2025-01-10T15:25:35+00:00\",\"dateModified\":\"2025-10-16T07:58:18+00:00\",\"breadcrumb\":{\"@id\":\"https:\\\/\\\/agugiarofigna.com\\\/pt-pt\\\/denuncia-de-irregularidades\\\/#breadcrumb\"},\"inLanguage\":\"pt-PT\",\"potentialAction\":[{\"@type\":\"ReadAction\",\"target\":[\"https:\\\/\\\/agugiarofigna.com\\\/pt-pt\\\/denuncia-de-irregularidades\\\/\"]}]},{\"@type\":\"BreadcrumbList\",\"@id\":\"https:\\\/\\\/agugiarofigna.com\\\/pt-pt\\\/denuncia-de-irregularidades\\\/#breadcrumb\",\"itemListElement\":[{\"@type\":\"ListItem\",\"position\":1,\"name\":\"Home\",\"item\":\"https:\\\/\\\/agugiarofigna.com\\\/\"},{\"@type\":\"ListItem\",\"position\":2,\"name\":\"Den\u00fancia de irregularidades\"}]},{\"@type\":\"WebSite\",\"@id\":\"https:\\\/\\\/agugiarofigna.com\\\/#website\",\"url\":\"https:\\\/\\\/agugiarofigna.com\\\/\",\"name\":\"Agugiaro&Figna\",\"description\":\"\",\"publisher\":{\"@id\":\"https:\\\/\\\/agugiarofigna.com\\\/#organization\"},\"potentialAction\":[{\"@type\":\"SearchAction\",\"target\":{\"@type\":\"EntryPoint\",\"urlTemplate\":\"https:\\\/\\\/agugiarofigna.com\\\/?s={search_term_string}\"},\"query-input\":{\"@type\":\"PropertyValueSpecification\",\"valueRequired\":true,\"valueName\":\"search_term_string\"}}],\"inLanguage\":\"pt-PT\"},{\"@type\":\"Organization\",\"@id\":\"https:\\\/\\\/agugiarofigna.com\\\/#organization\",\"name\":\"Agugiaro&Figna\",\"url\":\"https:\\\/\\\/agugiarofigna.com\\\/\",\"logo\":{\"@type\":\"ImageObject\",\"inLanguage\":\"pt-PT\",\"@id\":\"https:\\\/\\\/agugiarofigna.com\\\/#\\\/schema\\\/logo\\\/image\\\/\",\"url\":\"https:\\\/\\\/agugiarofigna.com\\\/wp-content\\\/uploads\\\/2024\\\/12\\\/Logo-Agugiaro-Figna.svg\",\"contentUrl\":\"https:\\\/\\\/agugiarofigna.com\\\/wp-content\\\/uploads\\\/2024\\\/12\\\/Logo-Agugiaro-Figna.svg\",\"width\":710,\"height\":125,\"caption\":\"Agugiaro&Figna\"},\"image\":{\"@id\":\"https:\\\/\\\/agugiarofigna.com\\\/#\\\/schema\\\/logo\\\/image\\\/\"},\"sameAs\":[\"https:\\\/\\\/www.facebook.com\\\/AgugiaroeFigna\",\"https:\\\/\\\/www.instagram.com\\\/moliniagugiaroefigna\\\/#\"]}]}<\/script>\n<!-- \/ Yoast SEO plugin. -->","yoast_head_json":{"title":"Den\u00fancia de irregularidades - Agugiaro&amp;Figna","robots":{"index":"index","follow":"follow","max-snippet":"max-snippet:-1","max-image-preview":"max-image-preview:large","max-video-preview":"max-video-preview:-1"},"canonical":"https:\/\/agugiarofigna.com\/pt-pt\/denuncia-de-irregularidades\/","og_locale":"pt_PT","og_type":"article","og_title":"Den\u00fancia de irregularidades - Agugiaro&amp;Figna","og_description":"Den\u00fancia de irregularidades Agugiaro &amp; Figna Molini S.p.A. adoptou um Modelo de Organiza\u00e7\u00e3o, Gest\u00e3o e Controlo nos termos do Decreto Legislativo 231\/2001 e obteve a [&hellip;]","og_url":"https:\/\/agugiarofigna.com\/pt-pt\/denuncia-de-irregularidades\/","og_site_name":"Agugiaro&amp;Figna","article_publisher":"https:\/\/www.facebook.com\/AgugiaroeFigna","article_modified_time":"2025-10-16T07:58:18+00:00","twitter_card":"summary_large_image","twitter_misc":{"Tempo estimado de leitura":"4 minutos"},"schema":{"@context":"https:\/\/schema.org","@graph":[{"@type":"WebPage","@id":"https:\/\/agugiarofigna.com\/pt-pt\/denuncia-de-irregularidades\/","url":"https:\/\/agugiarofigna.com\/pt-pt\/denuncia-de-irregularidades\/","name":"Den\u00fancia de irregularidades - Agugiaro&amp;Figna","isPartOf":{"@id":"https:\/\/agugiarofigna.com\/#website"},"datePublished":"2025-01-10T15:25:35+00:00","dateModified":"2025-10-16T07:58:18+00:00","breadcrumb":{"@id":"https:\/\/agugiarofigna.com\/pt-pt\/denuncia-de-irregularidades\/#breadcrumb"},"inLanguage":"pt-PT","potentialAction":[{"@type":"ReadAction","target":["https:\/\/agugiarofigna.com\/pt-pt\/denuncia-de-irregularidades\/"]}]},{"@type":"BreadcrumbList","@id":"https:\/\/agugiarofigna.com\/pt-pt\/denuncia-de-irregularidades\/#breadcrumb","itemListElement":[{"@type":"ListItem","position":1,"name":"Home","item":"https:\/\/agugiarofigna.com\/"},{"@type":"ListItem","position":2,"name":"Den\u00fancia de irregularidades"}]},{"@type":"WebSite","@id":"https:\/\/agugiarofigna.com\/#website","url":"https:\/\/agugiarofigna.com\/","name":"Agugiaro&Figna","description":"","publisher":{"@id":"https:\/\/agugiarofigna.com\/#organization"},"potentialAction":[{"@type":"SearchAction","target":{"@type":"EntryPoint","urlTemplate":"https:\/\/agugiarofigna.com\/?s={search_term_string}"},"query-input":{"@type":"PropertyValueSpecification","valueRequired":true,"valueName":"search_term_string"}}],"inLanguage":"pt-PT"},{"@type":"Organization","@id":"https:\/\/agugiarofigna.com\/#organization","name":"Agugiaro&Figna","url":"https:\/\/agugiarofigna.com\/","logo":{"@type":"ImageObject","inLanguage":"pt-PT","@id":"https:\/\/agugiarofigna.com\/#\/schema\/logo\/image\/","url":"https:\/\/agugiarofigna.com\/wp-content\/uploads\/2024\/12\/Logo-Agugiaro-Figna.svg","contentUrl":"https:\/\/agugiarofigna.com\/wp-content\/uploads\/2024\/12\/Logo-Agugiaro-Figna.svg","width":710,"height":125,"caption":"Agugiaro&Figna"},"image":{"@id":"https:\/\/agugiarofigna.com\/#\/schema\/logo\/image\/"},"sameAs":["https:\/\/www.facebook.com\/AgugiaroeFigna","https:\/\/www.instagram.com\/moliniagugiaroefigna\/#"]}]}},"_links":{"self":[{"href":"https:\/\/agugiarofigna.com\/pt-pt\/wp-json\/wp\/v2\/pages\/4571","targetHints":{"allow":["GET"]}}],"collection":[{"href":"https:\/\/agugiarofigna.com\/pt-pt\/wp-json\/wp\/v2\/pages"}],"about":[{"href":"https:\/\/agugiarofigna.com\/pt-pt\/wp-json\/wp\/v2\/types\/page"}],"author":[{"embeddable":true,"href":"https:\/\/agugiarofigna.com\/pt-pt\/wp-json\/wp\/v2\/users\/1"}],"replies":[{"embeddable":true,"href":"https:\/\/agugiarofigna.com\/pt-pt\/wp-json\/wp\/v2\/comments?post=4571"}],"version-history":[{"count":3,"href":"https:\/\/agugiarofigna.com\/pt-pt\/wp-json\/wp\/v2\/pages\/4571\/revisions"}],"predecessor-version":[{"id":6864,"href":"https:\/\/agugiarofigna.com\/pt-pt\/wp-json\/wp\/v2\/pages\/4571\/revisions\/6864"}],"wp:attachment":[{"href":"https:\/\/agugiarofigna.com\/pt-pt\/wp-json\/wp\/v2\/media?parent=4571"}],"curies":[{"name":"wp","href":"https:\/\/api.w.org\/{rel}","templated":true}]}}