{"id":4602,"date":"2025-01-06T17:19:46","date_gmt":"2025-01-06T16:19:46","guid":{"rendered":"https:\/\/agugiarofigna.com\/misturas\/"},"modified":"2025-05-06T10:56:21","modified_gmt":"2025-05-06T08:56:21","slug":"misturas","status":"publish","type":"page","link":"https:\/\/agugiarofigna.com\/pt-pt\/os-nossos-produtos\/misturas\/","title":{"rendered":"Misturas"},"content":{"rendered":"\t\t<div data-elementor-type=\"wp-page\" data-elementor-id=\"4602\" class=\"elementor elementor-4602 elementor-2290\" data-elementor-post-type=\"page\">\n\t\t\t\t<div class=\"elementor-element elementor-element-90b8dae e-flex e-con-boxed e-con e-parent\" data-id=\"90b8dae\" data-element_type=\"container\" data-e-type=\"container\">\n\t\t\t\t\t<div class=\"e-con-inner\">\n\t\t<div class=\"elementor-element elementor-element-660f139 e-con-full e-flex e-con e-child\" data-id=\"660f139\" data-element_type=\"container\" data-e-type=\"container\">\n\t\t\t\t<div class=\"elementor-element elementor-element-097423e elementor-widget elementor-widget-heading\" data-id=\"097423e\" data-element_type=\"widget\" data-e-type=\"widget\" data-widget_type=\"heading.default\">\n\t\t\t\t\t<h1 class=\"elementor-heading-title elementor-size-default\">Misturas<\/h1>\t\t\t\t<\/div>\n\t\t\t\t<div class=\"elementor-element elementor-element-eee1356 elementor-widget elementor-widget-text-editor\" data-id=\"eee1356\" data-element_type=\"widget\" data-e-type=\"widget\" data-widget_type=\"text-editor.default\">\n\t\t\t\t\t\t\t\t\t<p><br>As misturas da Agugiaro &amp; Figna s\u00e3o realizadas para aderir perfeitamente \u00e0s t\u00e9cnicas italianas de panifica\u00e7\u00e3o, entre o respeito pelos c\u00e2nones tradicionais e as variantes personalizadas, baseando-se nas qualidades t\u00e9cnicas das farinhas de base, misturadas com alguns outros ingredientes que proporcionam o desempenho suplementar necess\u00e1rio para melhorar os processos e o rendimento final. Faridea responde \u00e0s necessidades de quem quer otimizar a produ\u00e7\u00e3o dos seus produtos em termos de prazo de validade, facilidade de execu\u00e7\u00e3o, repetibilidade ou de quem quer alargar a sua oferta com receitas alinhadas com novos gostos e estilos alimentares. <\/p>\t\t\t\t\t\t\t\t<\/div>\n\t\t\t\t<\/div>\n\t\t<div class=\"elementor-element elementor-element-512a0ec e-con-full e-flex e-con e-child\" data-id=\"512a0ec\" data-element_type=\"container\" data-e-type=\"container\">\n\t\t\t\t<div class=\"elementor-element elementor-element-0807fa0 elementor-widget elementor-widget-image\" data-id=\"0807fa0\" data-element_type=\"widget\" data-e-type=\"widget\" data-widget_type=\"image.default\">\n\t\t\t\t\t\t\t\t\t\t\t\t\t\t\t<img fetchpriority=\"high\" decoding=\"async\" width=\"371\" height=\"459\" src=\"https:\/\/agugiarofigna.com\/wp-content\/uploads\/2024\/12\/Sacco-miscele.png\" class=\"attachment-large size-large wp-image-4603\" alt=\"\" \/>\t\t\t\t\t\t\t\t\t\t\t\t\t\t\t<\/div>\n\t\t\t\t<\/div>\n\t\t\t\t\t<\/div>\n\t\t\t\t<\/div>\n\t\t<div class=\"elementor-element elementor-element-19c1512 e-flex e-con-boxed e-con e-parent\" data-id=\"19c1512\" data-element_type=\"container\" data-e-type=\"container\">\n\t\t\t\t\t<div class=\"e-con-inner\">\n\t\t<div class=\"elementor-element elementor-element-92d4ba4 e-con-full e-flex e-con e-child\" data-id=\"92d4ba4\" data-element_type=\"container\" data-e-type=\"container\">\n\t\t\t\t<div class=\"elementor-element elementor-element-3d4f8a8 elementor-widget elementor-widget-heading\" data-id=\"3d4f8a8\" data-element_type=\"widget\" data-e-type=\"widget\" data-widget_type=\"heading.default\">\n\t\t\t\t\t<h2 class=\"elementor-heading-title elementor-size-default\">Misturas de Agugiaro e Figna<\/h2>\t\t\t\t<\/div>\n\t\t\t\t<\/div>\n\t\t\t\t\t<\/div>\n\t\t\t\t<\/div>\n\t\t<div class=\"elementor-element elementor-element-4bcc943 e-flex e-con-boxed e-con e-parent\" data-id=\"4bcc943\" data-element_type=\"container\" data-e-type=\"container\">\n\t\t\t\t\t<div class=\"e-con-inner\">\n\t\t<div class=\"elementor-element elementor-element-9ac63a3 e-con-full e-flex e-con e-child\" data-id=\"9ac63a3\" data-element_type=\"container\" data-e-type=\"container\">\n\t\t\t\t<div class=\"elementor-element elementor-element-f370e13 elementor-widget elementor-widget-image\" data-id=\"f370e13\" data-element_type=\"widget\" data-e-type=\"widget\" data-widget_type=\"image.default\">\n\t\t\t\t\t\t\t\t\t\t\t\t\t\t\t<img decoding=\"async\" width=\"409\" height=\"135\" src=\"https:\/\/agugiarofigna.com\/wp-content\/uploads\/2024\/12\/Logo-Faridea.png\" class=\"attachment-large size-large wp-image-7072\" alt=\"\" \/>\t\t\t\t\t\t\t\t\t\t\t\t\t\t\t<\/div>\n\t\t\t\t<div class=\"elementor-element elementor-element-ad9daa2 elementor-widget elementor-widget-heading\" data-id=\"ad9daa2\" data-element_type=\"widget\" data-e-type=\"widget\" data-widget_type=\"heading.default\">\n\t\t\t\t\t<h3 class=\"elementor-heading-title elementor-size-default\">Faridea<\/h3>\t\t\t\t<\/div>\n\t\t\t\t<div class=\"elementor-element elementor-element-b3b0fc2 elementor-widget elementor-widget-text-editor\" data-id=\"b3b0fc2\" data-element_type=\"widget\" data-e-type=\"widget\" data-widget_type=\"text-editor.default\">\n\t\t\t\t\t\t\t\t\t<p>Da grande tradi\u00e7\u00e3o de moagem, uma gama completa de farinhas para panifica\u00e7\u00e3o.<\/p>\t\t\t\t\t\t\t\t<\/div>\n\t\t<div class=\"elementor-element elementor-element-f917823 e-con-full e-flex e-con e-child\" data-id=\"f917823\" data-element_type=\"container\" data-e-type=\"container\">\n\t\t\t\t<div class=\"elementor-element elementor-element-16eb5f7 link elementor-align-center elementor-widget elementor-widget-button\" data-id=\"16eb5f7\" data-element_type=\"widget\" data-e-type=\"widget\" data-widget_type=\"button.default\">\n\t\t\t\t\t\t\t\t\t\t<a class=\"elementor-button elementor-button-link elementor-size-sm\" href=\"https:\/\/agugiarofigna.com\/pt-pt\/categoria-produto\/faridea-pt\/\">\n\t\t\t\t\t\t<span class=\"elementor-button-content-wrapper\">\n\t\t\t\t\t\t<span class=\"elementor-button-icon\">\n\t\t\t\t<svg xmlns=\"http:\/\/www.w3.org\/2000\/svg\" id=\"Livello_1\" viewBox=\"0 0 16 16\"><g id=\"Icon_akar-arrow-up-right\"><path class=\"st0\" d=\"M1.1,15.9c-.3,0-.6-.1-.8-.3-.4-.4-.4-1.1,0-1.6L12,2.3H3.4c-.6,0-1.1-.5-1.1-1.1S2.7.1,3.4.1h11.3c.1,0,.3,0,.4,0,.1,0,.3.1.4.2.1.1.2.2.2.4h0c0,.1,0,.3,0,.4h0v11.3c0,.6-.5,1.1-1.1,1.1s-1.1-.5-1.1-1.1V3.9L1.9,15.6c-.2.2-.5.3-.8.3Z\"><\/path><\/g><\/svg>\t\t\t<\/span>\n\t\t\t\t\t\t\t\t\t<span class=\"elementor-button-text\">ir para o cat\u00e1logo<\/span>\n\t\t\t\t\t<\/span>\n\t\t\t\t\t<\/a>\n\t\t\t\t\t\t\t\t<\/div>\n\t\t\t\t<\/div>\n\t\t\t\t<\/div>\n\t\t<div class=\"elementor-element elementor-element-49ccd22 e-con-full e-flex e-con e-child\" data-id=\"49ccd22\" data-element_type=\"container\" data-e-type=\"container\">\n\t\t\t\t<div class=\"elementor-element elementor-element-553eeae elementor-widget elementor-widget-image\" data-id=\"553eeae\" data-element_type=\"widget\" data-e-type=\"widget\" data-widget_type=\"image.default\">\n\t\t\t\t\t\t\t\t\t\t\t\t\t\t\t<img decoding=\"async\" width=\"504\" height=\"326\" src=\"https:\/\/agugiarofigna.com\/wp-content\/uploads\/2024\/12\/Le5Stagioni-logo.png\" class=\"attachment-large size-large wp-image-7092\" alt=\"\" \/>\t\t\t\t\t\t\t\t\t\t\t\t\t\t\t<\/div>\n\t\t\t\t<div class=\"elementor-element elementor-element-32d7e48 elementor-widget elementor-widget-heading\" data-id=\"32d7e48\" data-element_type=\"widget\" data-e-type=\"widget\" data-widget_type=\"heading.default\">\n\t\t\t\t\t<h3 class=\"elementor-heading-title elementor-size-default\">Le 5 Stagioni<\/h3>\t\t\t\t<\/div>\n\t\t\t\t<div class=\"elementor-element elementor-element-6ae3d73 elementor-widget elementor-widget-text-editor\" data-id=\"6ae3d73\" data-element_type=\"widget\" data-e-type=\"widget\" data-widget_type=\"text-editor.default\">\n\t\t\t\t\t\t\t\t\t<p>A mais completa gama de farinhas dedicada \u00e0s pizzarias, conhecida em todo o mundo.<\/p>\t\t\t\t\t\t\t\t<\/div>\n\t\t\t\t<div class=\"elementor-element elementor-element-e650bd4 link elementor-align-center elementor-widget elementor-widget-button\" data-id=\"e650bd4\" data-element_type=\"widget\" data-e-type=\"widget\" data-widget_type=\"button.default\">\n\t\t\t\t\t\t\t\t\t\t<a class=\"elementor-button elementor-button-link elementor-size-sm\" href=\"https:\/\/le5stagioni.com\" target=\"_blank\">\n\t\t\t\t\t\t<span class=\"elementor-button-content-wrapper\">\n\t\t\t\t\t\t<span class=\"elementor-button-icon\">\n\t\t\t\t<svg xmlns=\"http:\/\/www.w3.org\/2000\/svg\" id=\"Livello_1\" viewBox=\"0 0 16 16\"><g id=\"Icon_akar-arrow-up-right\"><path class=\"st0\" d=\"M1.1,15.9c-.3,0-.6-.1-.8-.3-.4-.4-.4-1.1,0-1.6L12,2.3H3.4c-.6,0-1.1-.5-1.1-1.1S2.7.1,3.4.1h11.3c.1,0,.3,0,.4,0,.1,0,.3.1.4.2.1.1.2.2.2.4h0c0,.1,0,.3,0,.4h0v11.3c0,.6-.5,1.1-1.1,1.1s-1.1-.5-1.1-1.1V3.9L1.9,15.6c-.2.2-.5.3-.8.3Z\"><\/path><\/g><\/svg>\t\t\t<\/span>\n\t\t\t\t\t\t\t\t\t<span class=\"elementor-button-text\">le5seasons.com<\/span>\n\t\t\t\t\t<\/span>\n\t\t\t\t\t<\/a>\n\t\t\t\t\t\t\t\t<\/div>\n\t\t\t\t<\/div>\n\t\t<div class=\"elementor-element elementor-element-7cc4aad e-con-full e-flex e-con e-child\" data-id=\"7cc4aad\" data-element_type=\"container\" data-e-type=\"container\">\n\t\t\t\t<div class=\"elementor-element elementor-element-6eb4737 elementor-widget elementor-widget-image\" data-id=\"6eb4737\" data-element_type=\"widget\" data-e-type=\"widget\" data-widget_type=\"image.default\">\n\t\t\t\t\t\t\t\t\t\t\t\t\t\t\t<img loading=\"lazy\" decoding=\"async\" width=\"282\" height=\"287\" src=\"https:\/\/agugiarofigna.com\/wp-content\/uploads\/2024\/12\/AF-logo.png\" class=\"attachment-large size-large wp-image-7100\" alt=\"\" \/>\t\t\t\t\t\t\t\t\t\t\t\t\t\t\t<\/div>\n\t\t\t\t<div class=\"elementor-element elementor-element-b71b03b elementor-widget elementor-widget-heading\" data-id=\"b71b03b\" data-element_type=\"widget\" data-e-type=\"widget\" data-widget_type=\"heading.default\">\n\t\t\t\t\t<h3 class=\"elementor-heading-title elementor-size-default\">A&amp;F - Alta Cucina e Farina<\/h3>\t\t\t\t<\/div>\n\t\t\t\t<div class=\"elementor-element elementor-element-8870ed7 elementor-widget elementor-widget-text-editor\" data-id=\"8870ed7\" data-element_type=\"widget\" data-e-type=\"widget\" data-widget_type=\"text-editor.default\">\n\t\t\t\t\t\t\t\t\t<p>Alta Cucina e Farina: a linha de farinhas dedicada aos profissionais da restaura\u00e7\u00e3o.<\/p>\t\t\t\t\t\t\t\t<\/div>\n\t\t\t\t<div class=\"elementor-element elementor-element-ef6fd6c link elementor-align-center elementor-widget elementor-widget-button\" data-id=\"ef6fd6c\" data-element_type=\"widget\" data-e-type=\"widget\" data-widget_type=\"button.default\">\n\t\t\t\t\t\t\t\t\t\t<a class=\"elementor-button elementor-button-link elementor-size-sm\" href=\"https:\/\/shop.altacucinaefarina.com\/\" target=\"_blank\">\n\t\t\t\t\t\t<span class=\"elementor-button-content-wrapper\">\n\t\t\t\t\t\t<span class=\"elementor-button-icon\">\n\t\t\t\t<svg xmlns=\"http:\/\/www.w3.org\/2000\/svg\" id=\"Livello_1\" viewBox=\"0 0 16 16\"><g id=\"Icon_akar-arrow-up-right\"><path class=\"st0\" d=\"M1.1,15.9c-.3,0-.6-.1-.8-.3-.4-.4-.4-1.1,0-1.6L12,2.3H3.4c-.6,0-1.1-.5-1.1-1.1S2.7.1,3.4.1h11.3c.1,0,.3,0,.4,0,.1,0,.3.1.4.2.1.1.2.2.2.4h0c0,.1,0,.3,0,.4h0v11.3c0,.6-.5,1.1-1.1,1.1s-1.1-.5-1.1-1.1V3.9L1.9,15.6c-.2.2-.5.3-.8.3Z\"><\/path><\/g><\/svg>\t\t\t<\/span>\n\t\t\t\t\t\t\t\t\t<span class=\"elementor-button-text\">altacucinaefarina.com<\/span>\n\t\t\t\t\t<\/span>\n\t\t\t\t\t<\/a>\n\t\t\t\t\t\t\t\t<\/div>\n\t\t\t\t<\/div>\n\t\t\t\t\t<\/div>\n\t\t\t\t<\/div>\n\t\t\t\t<\/div>\n\t\t","protected":false},"excerpt":{"rendered":"<p>As misturas da Agugiaro &amp; Figna s\u00e3o realizadas para aderir perfeitamente \u00e0s t\u00e9cnicas italianas de panifica\u00e7\u00e3o, entre o respeito pelos c\u00e2nones tradicionais e as variantes [&hellip;]<\/p>\n","protected":false},"author":1,"featured_media":4603,"parent":4734,"menu_order":0,"comment_status":"closed","ping_status":"closed","template":"","meta":{"_acf_changed":false,"footnotes":""},"class_list":["post-4602","page","type-page","status-publish","has-post-thumbnail","hentry"],"acf":[],"yoast_head":"<!-- This site is optimized with the Yoast SEO plugin v27.4 - https:\/\/yoast.com\/product\/yoast-seo-wordpress\/ -->\n<title>Misturas - Agugiaro&amp;Figna<\/title>\n<meta name=\"robots\" content=\"index, follow, max-snippet:-1, max-image-preview:large, max-video-preview:-1\" \/>\n<link rel=\"canonical\" href=\"https:\/\/agugiarofigna.com\/pt-pt\/os-nossos-produtos\/misturas\/\" \/>\n<meta property=\"og:locale\" content=\"pt_PT\" \/>\n<meta property=\"og:type\" content=\"article\" \/>\n<meta property=\"og:title\" content=\"Misturas - Agugiaro&amp;Figna\" \/>\n<meta property=\"og:description\" content=\"As misturas da Agugiaro &amp; Figna s\u00e3o realizadas para aderir perfeitamente \u00e0s t\u00e9cnicas italianas de panifica\u00e7\u00e3o, entre o respeito pelos c\u00e2nones tradicionais e as variantes [&hellip;]\" \/>\n<meta property=\"og:url\" content=\"https:\/\/agugiarofigna.com\/pt-pt\/os-nossos-produtos\/misturas\/\" \/>\n<meta property=\"og:site_name\" content=\"Agugiaro&amp;Figna\" \/>\n<meta property=\"article:publisher\" content=\"https:\/\/www.facebook.com\/AgugiaroeFigna\" \/>\n<meta property=\"article:modified_time\" content=\"2025-05-06T08:56:21+00:00\" \/>\n<meta property=\"og:image\" content=\"https:\/\/agugiarofigna.com\/wp-content\/uploads\/2024\/12\/Sacco-miscele.png\" \/>\n\t<meta property=\"og:image:width\" content=\"371\" \/>\n\t<meta property=\"og:image:height\" content=\"459\" \/>\n\t<meta property=\"og:image:type\" content=\"image\/png\" \/>\n<meta name=\"twitter:card\" content=\"summary_large_image\" \/>\n<meta name=\"twitter:label1\" content=\"Tempo estimado de leitura\" \/>\n\t<meta name=\"twitter:data1\" content=\"1 minuto\" \/>\n<script type=\"application\/ld+json\" class=\"yoast-schema-graph\">{\"@context\":\"https:\\\/\\\/schema.org\",\"@graph\":[{\"@type\":\"WebPage\",\"@id\":\"https:\\\/\\\/agugiarofigna.com\\\/pt-pt\\\/os-nossos-produtos\\\/misturas\\\/\",\"url\":\"https:\\\/\\\/agugiarofigna.com\\\/pt-pt\\\/os-nossos-produtos\\\/misturas\\\/\",\"name\":\"Misturas - Agugiaro&amp;Figna\",\"isPartOf\":{\"@id\":\"https:\\\/\\\/agugiarofigna.com\\\/#website\"},\"primaryImageOfPage\":{\"@id\":\"https:\\\/\\\/agugiarofigna.com\\\/pt-pt\\\/os-nossos-produtos\\\/misturas\\\/#primaryimage\"},\"image\":{\"@id\":\"https:\\\/\\\/agugiarofigna.com\\\/pt-pt\\\/os-nossos-produtos\\\/misturas\\\/#primaryimage\"},\"thumbnailUrl\":\"https:\\\/\\\/agugiarofigna.com\\\/wp-content\\\/uploads\\\/2024\\\/12\\\/Sacco-miscele.png\",\"datePublished\":\"2025-01-06T16:19:46+00:00\",\"dateModified\":\"2025-05-06T08:56:21+00:00\",\"breadcrumb\":{\"@id\":\"https:\\\/\\\/agugiarofigna.com\\\/pt-pt\\\/os-nossos-produtos\\\/misturas\\\/#breadcrumb\"},\"inLanguage\":\"pt-PT\",\"potentialAction\":[{\"@type\":\"ReadAction\",\"target\":[\"https:\\\/\\\/agugiarofigna.com\\\/pt-pt\\\/os-nossos-produtos\\\/misturas\\\/\"]}]},{\"@type\":\"ImageObject\",\"inLanguage\":\"pt-PT\",\"@id\":\"https:\\\/\\\/agugiarofigna.com\\\/pt-pt\\\/os-nossos-produtos\\\/misturas\\\/#primaryimage\",\"url\":\"https:\\\/\\\/agugiarofigna.com\\\/wp-content\\\/uploads\\\/2024\\\/12\\\/Sacco-miscele.png\",\"contentUrl\":\"https:\\\/\\\/agugiarofigna.com\\\/wp-content\\\/uploads\\\/2024\\\/12\\\/Sacco-miscele.png\",\"width\":371,\"height\":459},{\"@type\":\"BreadcrumbList\",\"@id\":\"https:\\\/\\\/agugiarofigna.com\\\/pt-pt\\\/os-nossos-produtos\\\/misturas\\\/#breadcrumb\",\"itemListElement\":[{\"@type\":\"ListItem\",\"position\":1,\"name\":\"Home\",\"item\":\"https:\\\/\\\/agugiarofigna.com\\\/\"},{\"@type\":\"ListItem\",\"position\":2,\"name\":\"Os nossos produtos\",\"item\":\"https:\\\/\\\/agugiarofigna.com\\\/pt-pt\\\/os-nossos-produtos\\\/\"},{\"@type\":\"ListItem\",\"position\":3,\"name\":\"Misturas\"}]},{\"@type\":\"WebSite\",\"@id\":\"https:\\\/\\\/agugiarofigna.com\\\/#website\",\"url\":\"https:\\\/\\\/agugiarofigna.com\\\/\",\"name\":\"Agugiaro&Figna\",\"description\":\"\",\"publisher\":{\"@id\":\"https:\\\/\\\/agugiarofigna.com\\\/#organization\"},\"potentialAction\":[{\"@type\":\"SearchAction\",\"target\":{\"@type\":\"EntryPoint\",\"urlTemplate\":\"https:\\\/\\\/agugiarofigna.com\\\/?s={search_term_string}\"},\"query-input\":{\"@type\":\"PropertyValueSpecification\",\"valueRequired\":true,\"valueName\":\"search_term_string\"}}],\"inLanguage\":\"pt-PT\"},{\"@type\":\"Organization\",\"@id\":\"https:\\\/\\\/agugiarofigna.com\\\/#organization\",\"name\":\"Agugiaro&Figna\",\"url\":\"https:\\\/\\\/agugiarofigna.com\\\/\",\"logo\":{\"@type\":\"ImageObject\",\"inLanguage\":\"pt-PT\",\"@id\":\"https:\\\/\\\/agugiarofigna.com\\\/#\\\/schema\\\/logo\\\/image\\\/\",\"url\":\"https:\\\/\\\/agugiarofigna.com\\\/wp-content\\\/uploads\\\/2024\\\/12\\\/Logo-Agugiaro-Figna.svg\",\"contentUrl\":\"https:\\\/\\\/agugiarofigna.com\\\/wp-content\\\/uploads\\\/2024\\\/12\\\/Logo-Agugiaro-Figna.svg\",\"width\":710,\"height\":125,\"caption\":\"Agugiaro&Figna\"},\"image\":{\"@id\":\"https:\\\/\\\/agugiarofigna.com\\\/#\\\/schema\\\/logo\\\/image\\\/\"},\"sameAs\":[\"https:\\\/\\\/www.facebook.com\\\/AgugiaroeFigna\",\"https:\\\/\\\/www.instagram.com\\\/moliniagugiaroefigna\\\/#\"]}]}<\/script>\n<!-- \/ Yoast SEO plugin. -->","yoast_head_json":{"title":"Misturas - Agugiaro&amp;Figna","robots":{"index":"index","follow":"follow","max-snippet":"max-snippet:-1","max-image-preview":"max-image-preview:large","max-video-preview":"max-video-preview:-1"},"canonical":"https:\/\/agugiarofigna.com\/pt-pt\/os-nossos-produtos\/misturas\/","og_locale":"pt_PT","og_type":"article","og_title":"Misturas - Agugiaro&amp;Figna","og_description":"As misturas da Agugiaro &amp; Figna s\u00e3o realizadas para aderir perfeitamente \u00e0s t\u00e9cnicas italianas de panifica\u00e7\u00e3o, entre o respeito pelos c\u00e2nones tradicionais e as variantes [&hellip;]","og_url":"https:\/\/agugiarofigna.com\/pt-pt\/os-nossos-produtos\/misturas\/","og_site_name":"Agugiaro&amp;Figna","article_publisher":"https:\/\/www.facebook.com\/AgugiaroeFigna","article_modified_time":"2025-05-06T08:56:21+00:00","og_image":[{"width":371,"height":459,"url":"https:\/\/agugiarofigna.com\/wp-content\/uploads\/2024\/12\/Sacco-miscele.png","type":"image\/png"}],"twitter_card":"summary_large_image","twitter_misc":{"Tempo estimado de leitura":"1 minuto"},"schema":{"@context":"https:\/\/schema.org","@graph":[{"@type":"WebPage","@id":"https:\/\/agugiarofigna.com\/pt-pt\/os-nossos-produtos\/misturas\/","url":"https:\/\/agugiarofigna.com\/pt-pt\/os-nossos-produtos\/misturas\/","name":"Misturas - Agugiaro&amp;Figna","isPartOf":{"@id":"https:\/\/agugiarofigna.com\/#website"},"primaryImageOfPage":{"@id":"https:\/\/agugiarofigna.com\/pt-pt\/os-nossos-produtos\/misturas\/#primaryimage"},"image":{"@id":"https:\/\/agugiarofigna.com\/pt-pt\/os-nossos-produtos\/misturas\/#primaryimage"},"thumbnailUrl":"https:\/\/agugiarofigna.com\/wp-content\/uploads\/2024\/12\/Sacco-miscele.png","datePublished":"2025-01-06T16:19:46+00:00","dateModified":"2025-05-06T08:56:21+00:00","breadcrumb":{"@id":"https:\/\/agugiarofigna.com\/pt-pt\/os-nossos-produtos\/misturas\/#breadcrumb"},"inLanguage":"pt-PT","potentialAction":[{"@type":"ReadAction","target":["https:\/\/agugiarofigna.com\/pt-pt\/os-nossos-produtos\/misturas\/"]}]},{"@type":"ImageObject","inLanguage":"pt-PT","@id":"https:\/\/agugiarofigna.com\/pt-pt\/os-nossos-produtos\/misturas\/#primaryimage","url":"https:\/\/agugiarofigna.com\/wp-content\/uploads\/2024\/12\/Sacco-miscele.png","contentUrl":"https:\/\/agugiarofigna.com\/wp-content\/uploads\/2024\/12\/Sacco-miscele.png","width":371,"height":459},{"@type":"BreadcrumbList","@id":"https:\/\/agugiarofigna.com\/pt-pt\/os-nossos-produtos\/misturas\/#breadcrumb","itemListElement":[{"@type":"ListItem","position":1,"name":"Home","item":"https:\/\/agugiarofigna.com\/"},{"@type":"ListItem","position":2,"name":"Os nossos produtos","item":"https:\/\/agugiarofigna.com\/pt-pt\/os-nossos-produtos\/"},{"@type":"ListItem","position":3,"name":"Misturas"}]},{"@type":"WebSite","@id":"https:\/\/agugiarofigna.com\/#website","url":"https:\/\/agugiarofigna.com\/","name":"Agugiaro&Figna","description":"","publisher":{"@id":"https:\/\/agugiarofigna.com\/#organization"},"potentialAction":[{"@type":"SearchAction","target":{"@type":"EntryPoint","urlTemplate":"https:\/\/agugiarofigna.com\/?s={search_term_string}"},"query-input":{"@type":"PropertyValueSpecification","valueRequired":true,"valueName":"search_term_string"}}],"inLanguage":"pt-PT"},{"@type":"Organization","@id":"https:\/\/agugiarofigna.com\/#organization","name":"Agugiaro&Figna","url":"https:\/\/agugiarofigna.com\/","logo":{"@type":"ImageObject","inLanguage":"pt-PT","@id":"https:\/\/agugiarofigna.com\/#\/schema\/logo\/image\/","url":"https:\/\/agugiarofigna.com\/wp-content\/uploads\/2024\/12\/Logo-Agugiaro-Figna.svg","contentUrl":"https:\/\/agugiarofigna.com\/wp-content\/uploads\/2024\/12\/Logo-Agugiaro-Figna.svg","width":710,"height":125,"caption":"Agugiaro&Figna"},"image":{"@id":"https:\/\/agugiarofigna.com\/#\/schema\/logo\/image\/"},"sameAs":["https:\/\/www.facebook.com\/AgugiaroeFigna","https:\/\/www.instagram.com\/moliniagugiaroefigna\/#"]}]}},"_links":{"self":[{"href":"https:\/\/agugiarofigna.com\/pt-pt\/wp-json\/wp\/v2\/pages\/4602","targetHints":{"allow":["GET"]}}],"collection":[{"href":"https:\/\/agugiarofigna.com\/pt-pt\/wp-json\/wp\/v2\/pages"}],"about":[{"href":"https:\/\/agugiarofigna.com\/pt-pt\/wp-json\/wp\/v2\/types\/page"}],"author":[{"embeddable":true,"href":"https:\/\/agugiarofigna.com\/pt-pt\/wp-json\/wp\/v2\/users\/1"}],"replies":[{"embeddable":true,"href":"https:\/\/agugiarofigna.com\/pt-pt\/wp-json\/wp\/v2\/comments?post=4602"}],"version-history":[{"count":4,"href":"https:\/\/agugiarofigna.com\/pt-pt\/wp-json\/wp\/v2\/pages\/4602\/revisions"}],"predecessor-version":[{"id":6074,"href":"https:\/\/agugiarofigna.com\/pt-pt\/wp-json\/wp\/v2\/pages\/4602\/revisions\/6074"}],"up":[{"embeddable":true,"href":"https:\/\/agugiarofigna.com\/pt-pt\/wp-json\/wp\/v2\/pages\/4734"}],"wp:featuredmedia":[{"embeddable":true,"href":"https:\/\/agugiarofigna.com\/pt-pt\/wp-json\/wp\/v2\/media\/4603"}],"wp:attachment":[{"href":"https:\/\/agugiarofigna.com\/pt-pt\/wp-json\/wp\/v2\/media?parent=4602"}],"curies":[{"name":"wp","href":"https:\/\/api.w.org\/{rel}","templated":true}]}}