{"id":4692,"date":"2024-12-20T16:10:09","date_gmt":"2024-12-20T15:10:09","guid":{"rendered":"https:\/\/agugiarofigna.com\/pastelaria\/"},"modified":"2025-02-19T17:39:10","modified_gmt":"2025-02-19T16:39:10","slug":"pastelaria","status":"publish","type":"page","link":"https:\/\/agugiarofigna.com\/pt-pt\/os-nossos-clientes\/pastelaria\/","title":{"rendered":"Pastelaria"},"content":{"rendered":"\t\t<div data-elementor-type=\"wp-page\" data-elementor-id=\"4692\" class=\"elementor elementor-4692 elementor-1514\" data-elementor-post-type=\"page\">\n\t\t\t\t<div class=\"elementor-element elementor-element-442ab0d7 e-flex e-con-boxed e-con e-parent\" data-id=\"442ab0d7\" data-element_type=\"container\" data-e-type=\"container\" data-settings=\"{&quot;background_background&quot;:&quot;classic&quot;}\">\n\t\t\t\t\t<div class=\"e-con-inner\">\n\t\t\t\t<div class=\"elementor-element elementor-element-2f02fe9e elementor-widget elementor-widget-heading\" data-id=\"2f02fe9e\" data-element_type=\"widget\" data-e-type=\"widget\" data-widget_type=\"heading.default\">\n\t\t\t\t\t<h1 class=\"elementor-heading-title elementor-size-default\">Pastelaria<\/h1>\t\t\t\t<\/div>\n\t\t\t\t\t<\/div>\n\t\t\t\t<\/div>\n\t\t<div class=\"elementor-element elementor-element-6c483520 e-flex e-con-boxed e-con e-parent\" data-id=\"6c483520\" data-element_type=\"container\" data-e-type=\"container\">\n\t\t\t\t\t<div class=\"e-con-inner\">\n\t\t\t\t<div class=\"elementor-element elementor-element-5e266752 elementor-widget elementor-widget-heading\" data-id=\"5e266752\" data-element_type=\"widget\" data-e-type=\"widget\" data-widget_type=\"heading.default\">\n\t\t\t\t\t<h2 class=\"elementor-heading-title elementor-size-default\">Produtos espec\u00edficos para pastelaria<\/h2>\t\t\t\t<\/div>\n\t\t\t\t<div class=\"elementor-element elementor-element-1438e622 elementor-widget__width-initial elementor-widget elementor-widget-text-editor\" data-id=\"1438e622\" data-element_type=\"widget\" data-e-type=\"widget\" data-widget_type=\"text-editor.default\">\n\t\t\t\t\t\t\t\t\t<p>Satisfaz todas as necessidades da confeitaria com farinhas de alta qualidade e produtos semi-acabados vers\u00e1teis. Perfeitas para prepara\u00e7\u00f5es artesanais, como bolos, past\u00e9is de massa quebrada, croissants e produtos fermentados, garantem resultados impec\u00e1veis em termos de sabor, estrutura e apar\u00eancia. <\/p>\n\t\t\t\t\t\t\t\t<\/div>\n\t\t\t\t\t<\/div>\n\t\t\t\t<\/div>\n\t\t<div class=\"elementor-element elementor-element-3a744ab0 e-flex e-con-boxed e-con e-parent\" data-id=\"3a744ab0\" data-element_type=\"container\" data-e-type=\"container\">\n\t\t\t\t\t<div class=\"e-con-inner\">\n\t\t\t\t<div class=\"elementor-element elementor-element-957f322 elementor-widget elementor-widget-heading\" data-id=\"957f322\" data-element_type=\"widget\" data-e-type=\"widget\" data-widget_type=\"heading.default\">\n\t\t\t\t\t<h2 class=\"elementor-heading-title elementor-size-default\">Marcas de confeitaria Agugiaro &amp; Figna<\/h2>\t\t\t\t<\/div>\n\t\t\t\t\t<\/div>\n\t\t\t\t<\/div>\n\t\t<div class=\"elementor-element elementor-element-12eb0d65 e-flex e-con-boxed e-con e-parent\" data-id=\"12eb0d65\" data-element_type=\"container\" data-e-type=\"container\">\n\t\t\t\t\t<div class=\"e-con-inner\">\n\t\t<div class=\"elementor-element elementor-element-4008c652 e-con-full e-flex e-con e-child\" data-id=\"4008c652\" data-element_type=\"container\" data-e-type=\"container\">\n\t\t\t\t<div class=\"elementor-element elementor-element-4c870318 elementor-widget elementor-widget-image\" data-id=\"4c870318\" data-element_type=\"widget\" data-e-type=\"widget\" data-widget_type=\"image.default\">\n\t\t\t\t\t\t\t\t\t\t\t\t\t\t\t<img fetchpriority=\"high\" decoding=\"async\" width=\"420\" height=\"218\" src=\"https:\/\/agugiarofigna.com\/wp-content\/uploads\/2024\/12\/Le-sinfonie-logo.png\" class=\"attachment-large size-large wp-image-7088\" alt=\"\" \/>\t\t\t\t\t\t\t\t\t\t\t\t\t\t\t<\/div>\n\t\t\t\t<div class=\"elementor-element elementor-element-56bcc26b elementor-widget elementor-widget-heading\" data-id=\"56bcc26b\" data-element_type=\"widget\" data-e-type=\"widget\" data-widget_type=\"heading.default\">\n\t\t\t\t\t<h3 class=\"elementor-heading-title elementor-size-default\">Le Sinfonie<\/h3>\t\t\t\t<\/div>\n\t\t\t\t<div class=\"elementor-element elementor-element-586d9725 elementor-widget elementor-widget-text-editor\" data-id=\"586d9725\" data-element_type=\"widget\" data-e-type=\"widget\" data-widget_type=\"text-editor.default\">\n\t\t\t\t\t\t\t\t\t<p>A mais completa gama de farinhas dedicada \u00e0s pizzarias, conhecida em todo o mundo.<\/p>\n\t\t\t\t\t\t\t\t<\/div>\n\t\t\t\t<div class=\"elementor-element elementor-element-2b38aacf link elementor-align-center elementor-widget elementor-widget-button\" data-id=\"2b38aacf\" data-element_type=\"widget\" data-e-type=\"widget\" data-widget_type=\"button.default\">\n\t\t\t\t\t\t\t\t\t\t<a class=\"elementor-button elementor-button-link elementor-size-sm\" href=\"https:\/\/lesinfonie.com\/\" target=\"_blank\">\n\t\t\t\t\t\t<span class=\"elementor-button-content-wrapper\">\n\t\t\t\t\t\t<span class=\"elementor-button-icon\">\n\t\t\t\t<svg xmlns=\"http:\/\/www.w3.org\/2000\/svg\" id=\"Livello_1\" viewBox=\"0 0 16 16\"><g id=\"Icon_akar-arrow-up-right\"><path class=\"st0\" d=\"M1.1,15.9c-.3,0-.6-.1-.8-.3-.4-.4-.4-1.1,0-1.6L12,2.3H3.4c-.6,0-1.1-.5-1.1-1.1S2.7.1,3.4.1h11.3c.1,0,.3,0,.4,0,.1,0,.3.1.4.2.1.1.2.2.2.4h0c0,.1,0,.3,0,.4h0v11.3c0,.6-.5,1.1-1.1,1.1s-1.1-.5-1.1-1.1V3.9L1.9,15.6c-.2.2-.5.3-.8.3Z\"><\/path><\/g><\/svg>\t\t\t<\/span>\n\t\t\t\t\t\t\t\t\t<span class=\"elementor-button-text\">lesinfonie.com<\/span>\n\t\t\t\t\t<\/span>\n\t\t\t\t\t<\/a>\n\t\t\t\t\t\t\t\t<\/div>\n\t\t\t\t<\/div>\n\t\t<div class=\"elementor-element elementor-element-58616a9b e-con-full e-flex e-con e-child\" data-id=\"58616a9b\" data-element_type=\"container\" data-e-type=\"container\">\n\t\t\t\t<div class=\"elementor-element elementor-element-208ef724 elementor-widget elementor-widget-image\" data-id=\"208ef724\" data-element_type=\"widget\" data-e-type=\"widget\" data-widget_type=\"image.default\">\n\t\t\t\t\t\t\t\t\t\t\t\t\t\t\t<img decoding=\"async\" width=\"344\" height=\"343\" src=\"https:\/\/agugiarofigna.com\/wp-content\/uploads\/2024\/12\/Logo-MIA.png\" class=\"attachment-large size-large wp-image-7080\" alt=\"\" \/>\t\t\t\t\t\t\t\t\t\t\t\t\t\t\t<\/div>\n\t\t\t\t<div class=\"elementor-element elementor-element-197f6779 elementor-widget elementor-widget-heading\" data-id=\"197f6779\" data-element_type=\"widget\" data-e-type=\"widget\" data-widget_type=\"heading.default\">\n\t\t\t\t\t<h3 class=\"elementor-heading-title elementor-size-default\"><sup>MIA\u00ae<\/sup><\/h3>\t\t\t\t<\/div>\n\t\t\t\t<div class=\"elementor-element elementor-element-499bed89 elementor-widget elementor-widget-text-editor\" data-id=\"499bed89\" data-element_type=\"widget\" data-e-type=\"widget\" data-widget_type=\"text-editor.default\">\n\t\t\t\t\t\t\t\t\t<p>O processo de fresagem patenteado MIA, Macinazione Integrata Autentica<\/p>\n\t\t\t\t\t\t\t\t<\/div>\n\t\t<div class=\"elementor-element elementor-element-ccd512a e-con-full e-flex e-con e-child\" data-id=\"ccd512a\" data-element_type=\"container\" data-e-type=\"container\">\n\t\t\t\t<div class=\"elementor-element elementor-element-d66a2be link elementor-align-center elementor-widget elementor-widget-button\" data-id=\"d66a2be\" data-element_type=\"widget\" data-e-type=\"widget\" data-widget_type=\"button.default\">\n\t\t\t\t\t\t\t\t\t\t<a class=\"elementor-button elementor-button-link elementor-size-sm\" href=\"https:\/\/agugiarofigna.com\/pt-pt\/os-nossos-produtos\/farinhas\/retificacao-integrada-autentica\/\">\n\t\t\t\t\t\t<span class=\"elementor-button-content-wrapper\">\n\t\t\t\t\t\t<span class=\"elementor-button-icon\">\n\t\t\t\t<svg xmlns=\"http:\/\/www.w3.org\/2000\/svg\" id=\"Livello_1\" viewBox=\"0 0 16 16\"><g id=\"Icon_akar-arrow-up-right\"><path class=\"st0\" d=\"M1.1,15.9c-.3,0-.6-.1-.8-.3-.4-.4-.4-1.1,0-1.6L12,2.3H3.4c-.6,0-1.1-.5-1.1-1.1S2.7.1,3.4.1h11.3c.1,0,.3,0,.4,0,.1,0,.3.1.4.2.1.1.2.2.2.4h0c0,.1,0,.3,0,.4h0v11.3c0,.6-.5,1.1-1.1,1.1s-1.1-.5-1.1-1.1V3.9L1.9,15.6c-.2.2-.5.3-.8.3Z\"><\/path><\/g><\/svg>\t\t\t<\/span>\n\t\t\t\t\t\t\t\t\t<span class=\"elementor-button-text\">descobre mais<\/span>\n\t\t\t\t\t<\/span>\n\t\t\t\t\t<\/a>\n\t\t\t\t\t\t\t\t<\/div>\n\t\t\t\t<div class=\"elementor-element elementor-element-27db185f link elementor-align-center elementor-widget elementor-widget-button\" data-id=\"27db185f\" data-element_type=\"widget\" data-e-type=\"widget\" data-widget_type=\"button.default\">\n\t\t\t\t\t\t\t\t\t\t<a class=\"elementor-button elementor-button-link elementor-size-sm\" href=\"https:\/\/agugiarofigna.com\/categoria-prodotto\/mia\/\">\n\t\t\t\t\t\t<span class=\"elementor-button-content-wrapper\">\n\t\t\t\t\t\t<span class=\"elementor-button-icon\">\n\t\t\t\t<svg xmlns=\"http:\/\/www.w3.org\/2000\/svg\" id=\"Livello_1\" viewBox=\"0 0 16 16\"><g id=\"Icon_akar-arrow-up-right\"><path class=\"st0\" d=\"M1.1,15.9c-.3,0-.6-.1-.8-.3-.4-.4-.4-1.1,0-1.6L12,2.3H3.4c-.6,0-1.1-.5-1.1-1.1S2.7.1,3.4.1h11.3c.1,0,.3,0,.4,0,.1,0,.3.1.4.2.1.1.2.2.2.4h0c0,.1,0,.3,0,.4h0v11.3c0,.6-.5,1.1-1.1,1.1s-1.1-.5-1.1-1.1V3.9L1.9,15.6c-.2.2-.5.3-.8.3Z\"><\/path><\/g><\/svg>\t\t\t<\/span>\n\t\t\t\t\t\t\t\t\t<span class=\"elementor-button-text\">ir para o cat\u00e1logo<\/span>\n\t\t\t\t\t<\/span>\n\t\t\t\t\t<\/a>\n\t\t\t\t\t\t\t\t<\/div>\n\t\t\t\t<\/div>\n\t\t\t\t<\/div>\n\t\t<div class=\"elementor-element elementor-element-9b7879d e-con-full e-flex e-con e-child\" data-id=\"9b7879d\" data-element_type=\"container\" data-e-type=\"container\">\n\t\t\t\t<div class=\"elementor-element elementor-element-cc3bc32 elementor-widget elementor-widget-image\" data-id=\"cc3bc32\" data-element_type=\"widget\" data-e-type=\"widget\" data-widget_type=\"image.default\">\n\t\t\t\t\t\t\t\t\t\t\t\t\t\t\t<img decoding=\"async\" width=\"461\" height=\"96\" src=\"https:\/\/agugiarofigna.com\/wp-content\/uploads\/2024\/12\/Logo-Naturkraft.png\" class=\"attachment-large size-large wp-image-7104\" alt=\"\" \/>\t\t\t\t\t\t\t\t\t\t\t\t\t\t\t<\/div>\n\t\t\t\t<div class=\"elementor-element elementor-element-2516a5a elementor-widget elementor-widget-heading\" data-id=\"2516a5a\" data-element_type=\"widget\" data-e-type=\"widget\" data-widget_type=\"heading.default\">\n\t\t\t\t\t<h3 class=\"elementor-heading-title elementor-size-default\">Naturkraft<\/h3>\t\t\t\t<\/div>\n\t\t\t\t<div class=\"elementor-element elementor-element-f4bbe1a elementor-widget elementor-widget-text-editor\" data-id=\"f4bbe1a\" data-element_type=\"widget\" data-e-type=\"widget\" data-widget_type=\"text-editor.default\">\n\t\t\t\t\t\t\t\t\t<p>Alta Cucina e Farina: a linha de farinhas dedicada aos profissionais da restaura\u00e7\u00e3o.<\/p>\n\t\t\t\t\t\t\t\t<\/div>\n\t\t\t\t<div class=\"elementor-element elementor-element-03b8792 link elementor-align-center elementor-widget elementor-widget-button\" data-id=\"03b8792\" data-element_type=\"widget\" data-e-type=\"widget\" data-widget_type=\"button.default\">\n\t\t\t\t\t\t\t\t\t\t<a class=\"elementor-button elementor-button-link elementor-size-sm\" href=\"https:\/\/agugiarofigna.com\/pt-pt\/categoria-produto\/naturkraft-pt\/\">\n\t\t\t\t\t\t<span class=\"elementor-button-content-wrapper\">\n\t\t\t\t\t\t<span class=\"elementor-button-icon\">\n\t\t\t\t<svg xmlns=\"http:\/\/www.w3.org\/2000\/svg\" id=\"Livello_1\" viewBox=\"0 0 16 16\"><g id=\"Icon_akar-arrow-up-right\"><path class=\"st0\" d=\"M1.1,15.9c-.3,0-.6-.1-.8-.3-.4-.4-.4-1.1,0-1.6L12,2.3H3.4c-.6,0-1.1-.5-1.1-1.1S2.7.1,3.4.1h11.3c.1,0,.3,0,.4,0,.1,0,.3.1.4.2.1.1.2.2.2.4h0c0,.1,0,.3,0,.4h0v11.3c0,.6-.5,1.1-1.1,1.1s-1.1-.5-1.1-1.1V3.9L1.9,15.6c-.2.2-.5.3-.8.3Z\"><\/path><\/g><\/svg>\t\t\t<\/span>\n\t\t\t\t\t\t\t\t\t<span class=\"elementor-button-text\">ir para o cat\u00e1logo<\/span>\n\t\t\t\t\t<\/span>\n\t\t\t\t\t<\/a>\n\t\t\t\t\t\t\t\t<\/div>\n\t\t\t\t<\/div>\n\t\t\t\t\t<\/div>\n\t\t\t\t<\/div>\n\t\t<div class=\"elementor-element elementor-element-bb19a0e e-flex e-con-boxed e-con e-parent\" data-id=\"bb19a0e\" data-element_type=\"container\" data-e-type=\"container\">\n\t\t\t\t\t<div class=\"e-con-inner\">\n\t\t<div class=\"elementor-element elementor-element-3d97013 e-con-full e-flex e-con e-child\" data-id=\"3d97013\" data-element_type=\"container\" data-e-type=\"container\">\n\t\t\t\t<div class=\"elementor-element elementor-element-4d613d7 elementor-widget elementor-widget-image\" data-id=\"4d613d7\" data-element_type=\"widget\" data-e-type=\"widget\" data-widget_type=\"image.default\">\n\t\t\t\t\t\t\t\t\t\t\t\t\t\t\t<img loading=\"lazy\" decoding=\"async\" width=\"409\" height=\"135\" src=\"https:\/\/agugiarofigna.com\/wp-content\/uploads\/2024\/12\/Logo-Faridea.png\" class=\"attachment-large size-large wp-image-7072\" alt=\"\" \/>\t\t\t\t\t\t\t\t\t\t\t\t\t\t\t<\/div>\n\t\t\t\t<div class=\"elementor-element elementor-element-0a50af8 elementor-widget elementor-widget-heading\" data-id=\"0a50af8\" data-element_type=\"widget\" data-e-type=\"widget\" data-widget_type=\"heading.default\">\n\t\t\t\t\t<h3 class=\"elementor-heading-title elementor-size-default\">Faridea<\/h3>\t\t\t\t<\/div>\n\t\t\t\t<div class=\"elementor-element elementor-element-ffc19c8 elementor-widget elementor-widget-text-editor\" data-id=\"ffc19c8\" data-element_type=\"widget\" data-e-type=\"widget\" data-widget_type=\"text-editor.default\">\n\t\t\t\t\t\t\t\t\t<p>Da grande tradi\u00e7\u00e3o de moagem, uma gama completa de farinhas para panifica\u00e7\u00e3o.<\/p>\n\t\t\t\t\t\t\t\t<\/div>\n\t\t\t\t<div class=\"elementor-element elementor-element-31d0707 link elementor-align-center elementor-widget elementor-widget-button\" data-id=\"31d0707\" data-element_type=\"widget\" data-e-type=\"widget\" data-widget_type=\"button.default\">\n\t\t\t\t\t\t\t\t\t\t<a class=\"elementor-button elementor-button-link elementor-size-sm\" href=\"https:\/\/agugiarofigna.com\/pt-pt\/categoria-produto\/faridea-pt\/\">\n\t\t\t\t\t\t<span class=\"elementor-button-content-wrapper\">\n\t\t\t\t\t\t<span class=\"elementor-button-icon\">\n\t\t\t\t<svg xmlns=\"http:\/\/www.w3.org\/2000\/svg\" id=\"Livello_1\" viewBox=\"0 0 16 16\"><g id=\"Icon_akar-arrow-up-right\"><path class=\"st0\" d=\"M1.1,15.9c-.3,0-.6-.1-.8-.3-.4-.4-.4-1.1,0-1.6L12,2.3H3.4c-.6,0-1.1-.5-1.1-1.1S2.7.1,3.4.1h11.3c.1,0,.3,0,.4,0,.1,0,.3.1.4.2.1.1.2.2.2.4h0c0,.1,0,.3,0,.4h0v11.3c0,.6-.5,1.1-1.1,1.1s-1.1-.5-1.1-1.1V3.9L1.9,15.6c-.2.2-.5.3-.8.3Z\"><\/path><\/g><\/svg>\t\t\t<\/span>\n\t\t\t\t\t\t\t\t\t<span class=\"elementor-button-text\">ir para o cat\u00e1logo<\/span>\n\t\t\t\t\t<\/span>\n\t\t\t\t\t<\/a>\n\t\t\t\t\t\t\t\t<\/div>\n\t\t\t\t<\/div>\n\t\t<div class=\"elementor-element elementor-element-f78ff27 e-con-full e-flex e-con e-child\" data-id=\"f78ff27\" data-element_type=\"container\" data-e-type=\"container\">\n\t\t\t\t<\/div>\n\t\t<div class=\"elementor-element elementor-element-875ce97 e-con-full elementor-hidden-mobile e-flex e-con e-child\" data-id=\"875ce97\" data-element_type=\"container\" data-e-type=\"container\">\n\t\t\t\t<\/div>\n\t\t\t\t\t<\/div>\n\t\t\t\t<\/div>\n\t\t\t\t<\/div>\n\t\t","protected":false},"excerpt":{"rendered":"<p>Produtos espec\u00edficos para pastelaria Satisfaz todas as necessidades da confeitaria com farinhas de alta qualidade e produtos semi-acabados vers\u00e1teis. Perfeitas para prepara\u00e7\u00f5es artesanais, como bolos, [&hellip;]<\/p>\n","protected":false},"author":1,"featured_media":3638,"parent":4719,"menu_order":0,"comment_status":"closed","ping_status":"closed","template":"","meta":{"_acf_changed":false,"footnotes":""},"class_list":["post-4692","page","type-page","status-publish","has-post-thumbnail","hentry"],"acf":[],"yoast_head":"<!-- This site is optimized with the Yoast SEO plugin v27.5 - https:\/\/yoast.com\/product\/yoast-seo-wordpress\/ -->\n<title>Pastelaria - Agugiaro&amp;Figna<\/title>\n<meta name=\"robots\" content=\"index, follow, max-snippet:-1, max-image-preview:large, max-video-preview:-1\" \/>\n<link rel=\"canonical\" href=\"https:\/\/agugiarofigna.com\/i-nostri-clienti\/pasticceria\/\" \/>\n<meta property=\"og:locale\" content=\"pt_PT\" \/>\n<meta property=\"og:type\" content=\"article\" \/>\n<meta property=\"og:title\" content=\"Pastelaria - Agugiaro&amp;Figna\" \/>\n<meta property=\"og:description\" content=\"Produtos espec\u00edficos para pastelaria Satisfaz todas as necessidades da confeitaria com farinhas de alta qualidade e produtos semi-acabados vers\u00e1teis. Perfeitas para prepara\u00e7\u00f5es artesanais, como bolos, [&hellip;]\" \/>\n<meta property=\"og:url\" content=\"https:\/\/agugiarofigna.com\/i-nostri-clienti\/pasticceria\/\" \/>\n<meta property=\"og:site_name\" content=\"Agugiaro&amp;Figna\" \/>\n<meta property=\"article:publisher\" content=\"https:\/\/www.facebook.com\/AgugiaroeFigna\" \/>\n<meta property=\"article:modified_time\" content=\"2025-02-19T16:39:10+00:00\" \/>\n<meta property=\"og:image\" content=\"https:\/\/agugiarofigna.com\/wp-content\/uploads\/2024\/12\/Settore_pasticceria.jpg\" \/>\n\t<meta property=\"og:image:width\" content=\"1920\" \/>\n\t<meta property=\"og:image:height\" content=\"1280\" \/>\n\t<meta property=\"og:image:type\" content=\"image\/jpeg\" \/>\n<meta name=\"twitter:card\" content=\"summary_large_image\" \/>\n<meta name=\"twitter:label1\" content=\"Tempo estimado de leitura\" \/>\n\t<meta name=\"twitter:data1\" content=\"1 minuto\" \/>\n<script type=\"application\/ld+json\" class=\"yoast-schema-graph\">{\"@context\":\"https:\\\/\\\/schema.org\",\"@graph\":[{\"@type\":\"WebPage\",\"@id\":\"https:\\\/\\\/agugiarofigna.com\\\/i-nostri-clienti\\\/pasticceria\\\/\",\"url\":\"https:\\\/\\\/agugiarofigna.com\\\/i-nostri-clienti\\\/pasticceria\\\/\",\"name\":\"Pastelaria - Agugiaro&amp;Figna\",\"isPartOf\":{\"@id\":\"https:\\\/\\\/agugiarofigna.com\\\/#website\"},\"primaryImageOfPage\":{\"@id\":\"https:\\\/\\\/agugiarofigna.com\\\/i-nostri-clienti\\\/pasticceria\\\/#primaryimage\"},\"image\":{\"@id\":\"https:\\\/\\\/agugiarofigna.com\\\/i-nostri-clienti\\\/pasticceria\\\/#primaryimage\"},\"thumbnailUrl\":\"https:\\\/\\\/agugiarofigna.com\\\/wp-content\\\/uploads\\\/2024\\\/12\\\/Settore_pasticceria.jpg\",\"datePublished\":\"2024-12-20T15:10:09+00:00\",\"dateModified\":\"2025-02-19T16:39:10+00:00\",\"breadcrumb\":{\"@id\":\"https:\\\/\\\/agugiarofigna.com\\\/i-nostri-clienti\\\/pasticceria\\\/#breadcrumb\"},\"inLanguage\":\"pt-PT\",\"potentialAction\":[{\"@type\":\"ReadAction\",\"target\":[\"https:\\\/\\\/agugiarofigna.com\\\/i-nostri-clienti\\\/pasticceria\\\/\"]}]},{\"@type\":\"ImageObject\",\"inLanguage\":\"pt-PT\",\"@id\":\"https:\\\/\\\/agugiarofigna.com\\\/i-nostri-clienti\\\/pasticceria\\\/#primaryimage\",\"url\":\"https:\\\/\\\/agugiarofigna.com\\\/wp-content\\\/uploads\\\/2024\\\/12\\\/Settore_pasticceria.jpg\",\"contentUrl\":\"https:\\\/\\\/agugiarofigna.com\\\/wp-content\\\/uploads\\\/2024\\\/12\\\/Settore_pasticceria.jpg\",\"width\":1920,\"height\":1280},{\"@type\":\"BreadcrumbList\",\"@id\":\"https:\\\/\\\/agugiarofigna.com\\\/i-nostri-clienti\\\/pasticceria\\\/#breadcrumb\",\"itemListElement\":[{\"@type\":\"ListItem\",\"position\":1,\"name\":\"Home\",\"item\":\"https:\\\/\\\/agugiarofigna.com\\\/\"},{\"@type\":\"ListItem\",\"position\":2,\"name\":\"Os nossos clientes\",\"item\":\"https:\\\/\\\/agugiarofigna.com\\\/pt-pt\\\/os-nossos-clientes\\\/\"},{\"@type\":\"ListItem\",\"position\":3,\"name\":\"Pastelaria\"}]},{\"@type\":\"WebSite\",\"@id\":\"https:\\\/\\\/agugiarofigna.com\\\/#website\",\"url\":\"https:\\\/\\\/agugiarofigna.com\\\/\",\"name\":\"Agugiaro&Figna\",\"description\":\"\",\"publisher\":{\"@id\":\"https:\\\/\\\/agugiarofigna.com\\\/#organization\"},\"potentialAction\":[{\"@type\":\"SearchAction\",\"target\":{\"@type\":\"EntryPoint\",\"urlTemplate\":\"https:\\\/\\\/agugiarofigna.com\\\/?s={search_term_string}\"},\"query-input\":{\"@type\":\"PropertyValueSpecification\",\"valueRequired\":true,\"valueName\":\"search_term_string\"}}],\"inLanguage\":\"pt-PT\"},{\"@type\":\"Organization\",\"@id\":\"https:\\\/\\\/agugiarofigna.com\\\/#organization\",\"name\":\"Agugiaro&Figna\",\"url\":\"https:\\\/\\\/agugiarofigna.com\\\/\",\"logo\":{\"@type\":\"ImageObject\",\"inLanguage\":\"pt-PT\",\"@id\":\"https:\\\/\\\/agugiarofigna.com\\\/#\\\/schema\\\/logo\\\/image\\\/\",\"url\":\"https:\\\/\\\/agugiarofigna.com\\\/wp-content\\\/uploads\\\/2024\\\/12\\\/Logo-Agugiaro-Figna.svg\",\"contentUrl\":\"https:\\\/\\\/agugiarofigna.com\\\/wp-content\\\/uploads\\\/2024\\\/12\\\/Logo-Agugiaro-Figna.svg\",\"width\":710,\"height\":125,\"caption\":\"Agugiaro&Figna\"},\"image\":{\"@id\":\"https:\\\/\\\/agugiarofigna.com\\\/#\\\/schema\\\/logo\\\/image\\\/\"},\"sameAs\":[\"https:\\\/\\\/www.facebook.com\\\/AgugiaroeFigna\",\"https:\\\/\\\/www.instagram.com\\\/moliniagugiaroefigna\\\/#\"]}]}<\/script>\n<!-- \/ Yoast SEO plugin. -->","yoast_head_json":{"title":"Pastelaria - Agugiaro&amp;Figna","robots":{"index":"index","follow":"follow","max-snippet":"max-snippet:-1","max-image-preview":"max-image-preview:large","max-video-preview":"max-video-preview:-1"},"canonical":"https:\/\/agugiarofigna.com\/i-nostri-clienti\/pasticceria\/","og_locale":"pt_PT","og_type":"article","og_title":"Pastelaria - Agugiaro&amp;Figna","og_description":"Produtos espec\u00edficos para pastelaria Satisfaz todas as necessidades da confeitaria com farinhas de alta qualidade e produtos semi-acabados vers\u00e1teis. Perfeitas para prepara\u00e7\u00f5es artesanais, como bolos, [&hellip;]","og_url":"https:\/\/agugiarofigna.com\/i-nostri-clienti\/pasticceria\/","og_site_name":"Agugiaro&amp;Figna","article_publisher":"https:\/\/www.facebook.com\/AgugiaroeFigna","article_modified_time":"2025-02-19T16:39:10+00:00","og_image":[{"width":1920,"height":1280,"url":"https:\/\/agugiarofigna.com\/wp-content\/uploads\/2024\/12\/Settore_pasticceria.jpg","type":"image\/jpeg"}],"twitter_card":"summary_large_image","twitter_misc":{"Tempo estimado de leitura":"1 minuto"},"schema":{"@context":"https:\/\/schema.org","@graph":[{"@type":"WebPage","@id":"https:\/\/agugiarofigna.com\/i-nostri-clienti\/pasticceria\/","url":"https:\/\/agugiarofigna.com\/i-nostri-clienti\/pasticceria\/","name":"Pastelaria - Agugiaro&amp;Figna","isPartOf":{"@id":"https:\/\/agugiarofigna.com\/#website"},"primaryImageOfPage":{"@id":"https:\/\/agugiarofigna.com\/i-nostri-clienti\/pasticceria\/#primaryimage"},"image":{"@id":"https:\/\/agugiarofigna.com\/i-nostri-clienti\/pasticceria\/#primaryimage"},"thumbnailUrl":"https:\/\/agugiarofigna.com\/wp-content\/uploads\/2024\/12\/Settore_pasticceria.jpg","datePublished":"2024-12-20T15:10:09+00:00","dateModified":"2025-02-19T16:39:10+00:00","breadcrumb":{"@id":"https:\/\/agugiarofigna.com\/i-nostri-clienti\/pasticceria\/#breadcrumb"},"inLanguage":"pt-PT","potentialAction":[{"@type":"ReadAction","target":["https:\/\/agugiarofigna.com\/i-nostri-clienti\/pasticceria\/"]}]},{"@type":"ImageObject","inLanguage":"pt-PT","@id":"https:\/\/agugiarofigna.com\/i-nostri-clienti\/pasticceria\/#primaryimage","url":"https:\/\/agugiarofigna.com\/wp-content\/uploads\/2024\/12\/Settore_pasticceria.jpg","contentUrl":"https:\/\/agugiarofigna.com\/wp-content\/uploads\/2024\/12\/Settore_pasticceria.jpg","width":1920,"height":1280},{"@type":"BreadcrumbList","@id":"https:\/\/agugiarofigna.com\/i-nostri-clienti\/pasticceria\/#breadcrumb","itemListElement":[{"@type":"ListItem","position":1,"name":"Home","item":"https:\/\/agugiarofigna.com\/"},{"@type":"ListItem","position":2,"name":"Os nossos clientes","item":"https:\/\/agugiarofigna.com\/pt-pt\/os-nossos-clientes\/"},{"@type":"ListItem","position":3,"name":"Pastelaria"}]},{"@type":"WebSite","@id":"https:\/\/agugiarofigna.com\/#website","url":"https:\/\/agugiarofigna.com\/","name":"Agugiaro&Figna","description":"","publisher":{"@id":"https:\/\/agugiarofigna.com\/#organization"},"potentialAction":[{"@type":"SearchAction","target":{"@type":"EntryPoint","urlTemplate":"https:\/\/agugiarofigna.com\/?s={search_term_string}"},"query-input":{"@type":"PropertyValueSpecification","valueRequired":true,"valueName":"search_term_string"}}],"inLanguage":"pt-PT"},{"@type":"Organization","@id":"https:\/\/agugiarofigna.com\/#organization","name":"Agugiaro&Figna","url":"https:\/\/agugiarofigna.com\/","logo":{"@type":"ImageObject","inLanguage":"pt-PT","@id":"https:\/\/agugiarofigna.com\/#\/schema\/logo\/image\/","url":"https:\/\/agugiarofigna.com\/wp-content\/uploads\/2024\/12\/Logo-Agugiaro-Figna.svg","contentUrl":"https:\/\/agugiarofigna.com\/wp-content\/uploads\/2024\/12\/Logo-Agugiaro-Figna.svg","width":710,"height":125,"caption":"Agugiaro&Figna"},"image":{"@id":"https:\/\/agugiarofigna.com\/#\/schema\/logo\/image\/"},"sameAs":["https:\/\/www.facebook.com\/AgugiaroeFigna","https:\/\/www.instagram.com\/moliniagugiaroefigna\/#"]}]}},"_links":{"self":[{"href":"https:\/\/agugiarofigna.com\/pt-pt\/wp-json\/wp\/v2\/pages\/4692","targetHints":{"allow":["GET"]}}],"collection":[{"href":"https:\/\/agugiarofigna.com\/pt-pt\/wp-json\/wp\/v2\/pages"}],"about":[{"href":"https:\/\/agugiarofigna.com\/pt-pt\/wp-json\/wp\/v2\/types\/page"}],"author":[{"embeddable":true,"href":"https:\/\/agugiarofigna.com\/pt-pt\/wp-json\/wp\/v2\/users\/1"}],"replies":[{"embeddable":true,"href":"https:\/\/agugiarofigna.com\/pt-pt\/wp-json\/wp\/v2\/comments?post=4692"}],"version-history":[{"count":4,"href":"https:\/\/agugiarofigna.com\/pt-pt\/wp-json\/wp\/v2\/pages\/4692\/revisions"}],"predecessor-version":[{"id":5877,"href":"https:\/\/agugiarofigna.com\/pt-pt\/wp-json\/wp\/v2\/pages\/4692\/revisions\/5877"}],"up":[{"embeddable":true,"href":"https:\/\/agugiarofigna.com\/pt-pt\/wp-json\/wp\/v2\/pages\/4719"}],"wp:featuredmedia":[{"embeddable":true,"href":"https:\/\/agugiarofigna.com\/pt-pt\/wp-json\/wp\/v2\/media\/3638"}],"wp:attachment":[{"href":"https:\/\/agugiarofigna.com\/pt-pt\/wp-json\/wp\/v2\/media?parent=4692"}],"curies":[{"name":"wp","href":"https:\/\/api.w.org\/{rel}","templated":true}]}}